{"id":4961,"date":"2022-07-22T11:18:11","date_gmt":"2022-07-22T09:18:11","guid":{"rendered":"https:\/\/www.hotel-les-bains-perros-guirec.fr\/?page_id=4961"},"modified":"2022-07-22T11:31:34","modified_gmt":"2022-07-22T09:31:34","slug":"hotel-perros-guirec","status":"publish","type":"page","link":"https:\/\/www.hotel-les-bains-perros-guirec.fr\/fr\/tourisme-perros-guirec-bretagne\/hotel-perros-guirec.html","title":{"rendered":"Hotel perros guirec"},"content":{"rendered":"\t\t<div data-elementor-type=\"wp-page\" data-elementor-id=\"4961\" class=\"elementor elementor-4961\" data-elementor-post-type=\"page\">\n\t\t\t\t\t\t<section class=\"elementor-section elementor-top-section elementor-element elementor-element-17d208d elementor-section-height-min-height elementor-section-boxed elementor-section-height-default elementor-section-items-middle\" data-id=\"17d208d\" data-element_type=\"section\" data-e-type=\"section\" data-settings=\"{&quot;background_background&quot;:&quot;classic&quot;}\">\n\t\t\t\t\t\t\t<div class=\"elementor-background-overlay\"><\/div>\n\t\t\t\t\t\t\t<div class=\"elementor-container elementor-column-gap-default\">\n\t\t\t\t\t<div class=\"elementor-column elementor-col-100 elementor-top-column elementor-element elementor-element-18a8b4c\" data-id=\"18a8b4c\" data-element_type=\"column\" data-e-type=\"column\">\n\t\t\t<div class=\"elementor-widget-wrap\">\n\t\t\t\t\t\t\t<\/div>\n\t\t<\/div>\n\t\t\t\t\t<\/div>\n\t\t<\/section>\n\t\t\t\t<section class=\"elementor-section elementor-top-section elementor-element elementor-element-a6ebff4 elementor-section-boxed elementor-section-height-default elementor-section-height-default\" data-id=\"a6ebff4\" data-element_type=\"section\" data-e-type=\"section\">\n\t\t\t\t\t\t<div class=\"elementor-container elementor-column-gap-default\">\n\t\t\t\t\t<div class=\"elementor-column elementor-col-100 elementor-top-column elementor-element elementor-element-f390a13\" data-id=\"f390a13\" data-element_type=\"column\" data-e-type=\"column\">\n\t\t\t<div class=\"elementor-widget-wrap elementor-element-populated\">\n\t\t\t\t\t\t<div class=\"elementor-element elementor-element-6fb3149 elementor-widget elementor-widget-heading\" data-id=\"6fb3149\" data-element_type=\"widget\" data-e-type=\"widget\" data-widget_type=\"heading.default\">\n\t\t\t\t<div class=\"elementor-widget-container\">\n\t\t\t\t\t<h1 class=\"elementor-heading-title elementor-size-default\">Hotel Perros Guirec<\/h1>\t\t\t\t<\/div>\n\t\t\t\t<\/div>\n\t\t\t\t<div class=\"elementor-element elementor-element-9f4ff1c elementor-widget elementor-widget-heading\" data-id=\"9f4ff1c\" data-element_type=\"widget\" data-e-type=\"widget\" data-widget_type=\"heading.default\">\n\t\t\t\t<div class=\"elementor-widget-container\">\n\t\t\t\t\t<h2 class=\"elementor-heading-title elementor-size-default\">Pourquoi s\u00e9journer \u00e0 l'h\u00f4tel Perros Guirec Les Bains 3* ?<\/h2>\t\t\t\t<\/div>\n\t\t\t\t<\/div>\n\t\t\t\t<div class=\"elementor-element elementor-element-a4b43a3 elementor-widget-divider--view-line elementor-widget elementor-widget-divider\" data-id=\"a4b43a3\" data-element_type=\"widget\" data-e-type=\"widget\" data-widget_type=\"divider.default\">\n\t\t\t\t<div class=\"elementor-widget-container\">\n\t\t\t\t\t\t\t<div class=\"elementor-divider\">\n\t\t\t<span class=\"elementor-divider-separator\">\n\t\t\t\t\t\t<\/span>\n\t\t<\/div>\n\t\t\t\t\t\t<\/div>\n\t\t\t\t<\/div>\n\t\t\t\t<section class=\"elementor-section elementor-inner-section elementor-element elementor-element-e704274 elementor-section-boxed elementor-section-height-default elementor-section-height-default\" data-id=\"e704274\" data-element_type=\"section\" data-e-type=\"section\">\n\t\t\t\t\t\t<div class=\"elementor-container elementor-column-gap-default\">\n\t\t\t\t\t<div class=\"elementor-column elementor-col-100 elementor-inner-column elementor-element elementor-element-3890343\" data-id=\"3890343\" data-element_type=\"column\" data-e-type=\"column\">\n\t\t\t<div class=\"elementor-widget-wrap elementor-element-populated\">\n\t\t\t\t\t\t<div class=\"elementor-element elementor-element-a1d56c3 elementor-widget elementor-widget-image\" data-id=\"a1d56c3\" data-element_type=\"widget\" data-e-type=\"widget\" data-widget_type=\"image.default\">\n\t\t\t\t<div class=\"elementor-widget-container\">\n\t\t\t\t\t\t\t\t\t\t\t\t\t\t\t<img fetchpriority=\"high\" decoding=\"async\" width=\"800\" height=\"534\" src=\"https:\/\/www.hotel-les-bains-perros-guirec.fr\/wp-content\/uploads\/2022\/05\/DSC_2107-sb-346015-1024x683.jpg\" class=\"attachment-large size-large wp-image-4357\" alt=\"\" srcset=\"https:\/\/www.hotel-les-bains-perros-guirec.fr\/wp-content\/uploads\/2022\/05\/DSC_2107-sb-346015-1024x683.jpg 1024w, https:\/\/www.hotel-les-bains-perros-guirec.fr\/wp-content\/uploads\/2022\/05\/DSC_2107-sb-346015-300x200.jpg 300w, https:\/\/www.hotel-les-bains-perros-guirec.fr\/wp-content\/uploads\/2022\/05\/DSC_2107-sb-346015-768x513.jpg 768w, https:\/\/www.hotel-les-bains-perros-guirec.fr\/wp-content\/uploads\/2022\/05\/DSC_2107-sb-346015-1536x1025.jpg 1536w, https:\/\/www.hotel-les-bains-perros-guirec.fr\/wp-content\/uploads\/2022\/05\/DSC_2107-sb-346015-2048x1367.jpg 2048w, https:\/\/www.hotel-les-bains-perros-guirec.fr\/wp-content\/uploads\/2022\/05\/DSC_2107-sb-346015-18x12.jpg 18w\" sizes=\"(max-width: 800px) 100vw, 800px\" title=\"\">\t\t\t\t\t\t\t\t\t\t\t\t\t\t\t<\/div>\n\t\t\t\t<\/div>\n\t\t\t\t<div class=\"elementor-element elementor-element-b404579 elementor-widget elementor-widget-text-editor\" data-id=\"b404579\" data-element_type=\"widget\" data-e-type=\"widget\" data-widget_type=\"text-editor.default\">\n\t\t\t\t<div class=\"elementor-widget-container\">\n\t\t\t\t\t\t\t\t\t<p>Pour vos vacances en famille, vir\u00e9es entre amis ou sorties en couple \u00e0 <a href=\"https:\/\/www.hotel-les-bains-perros-guirec.fr\/fr\/tourisme-perros-guirec-bretagne\/infos-hotel-perros-guirec.html\">Perros Guirec<\/a>, rendez-vous \u00e0 <a href=\"https:\/\/www.hotel-les-bains-perros-guirec.fr\/fr\/\">l\u2019h\u00f4tel Les Bains<\/a>. Profitez de votre s\u00e9jour au calme, derri\u00e8re le front de mer, \u00e0 proximit\u00e9 des activit\u00e9s les plus attractives de la station baln\u00e9aire, mais \u00e9galement de la c\u00f4te de Granit Rose. Lors de votre visite, voici pourquoi vous devez choisir l\u2019h\u00f4tel Perros Guirec Les Bains.<\/p><h3><span style=\"text-decoration: underline;\"><strong>Un s\u00e9jour \u00e0 deux pas de la plage<\/strong><\/span><\/h3><p>Lorsqu\u2019on parle de s\u00e9jour \u00e0 Perros Guirec, il nous vient \u00e0 l\u2019esprit instantan\u00e9ment la c\u00e9l\u00e8bre plage de Trestraou. Avec plus de 1,4\u00a0km de sable fin, cette plage est le lieu privil\u00e9gi\u00e9 des estivants en vill\u00e9giatures \u00e0 Perros Guirec. Nombreuses sont les activit\u00e9s \u00e0 faire sur cette c\u00e9l\u00e8bre plage, notamment le surf, le paddle ou la voile rendant la plage un lieu privil\u00e9gi\u00e9 par les surfeurs et les amateurs de sport nautique.<\/p><p>En plus du sable fin sous les pieds, la plage offre \u00e9galement une vue panoramique sur les 7 \u00eeles au large des c\u00f4tes, que vous pourrez rejoindre avec des vedettes situ\u00e9es en fin de digue.<\/p><p>Tout cela est \u00e0 votre port\u00e9e en vous s\u00e9journant \u00e0 l\u2019<a href=\"https:\/\/www.hotel-les-bains-perros-guirec.fr\/fr\/tourisme-perros-guirec-bretagne.html\">h\u00f4tel Perros Guirec Les Bains 3*<\/a>. Pourquoi\u2009? L\u2019h\u00f4tel est situ\u00e9 \u00e0 seulement deux pas de la plage de Trestraou. Selon votre convenance, sortez fendre les vagues \u00e0 la prochaine mar\u00e9e, ou profitez du bon temps entour\u00e9 de vos proches ou de votre \u00e2me s\u0153ur en contemplant l\u2019horizon.<\/p><h3><span style=\"text-decoration: underline;\"><strong>Des chambres lumineuses, calmes et confortables<\/strong><\/span><\/h3><p>\u00c0 l\u2019h\u00f4tel Perros Guirec Les Bains, d\u00e9couvrez ce qu\u2019est r\u00e9ellement la douceur de vivre. Dans le Best Western H\u00f4tel &amp; Spa Les Bains \u00e0 Perros Guirec, sentez-vous \u00e0 l\u2019aise avec une chambre qui r\u00e9pond \u00e0 vos envies. Ainsi, quelle que soit la raison de votre venue, que ce soit pour un weekend en amoureux ou pour passer de bons moments avec votre famille, profitez pleinement du calme dans les chambres luxueuses et confortables de l\u2019h\u00f4tel sans oublier la lumi\u00e8re du bord de mer qui illumine votre espace. Les \u00e9quipements de qualit\u00e9 avec lesquels les chambres sont \u00e9quip\u00e9es font partie du charme de l\u2019h\u00f4tel, mais assurent \u00e9galement un s\u00e9jour encore plus m\u00e9morable.<\/p><h3><strong><span style=\"text-decoration: underline;\">Un lieu id\u00e9al pour vos s\u00e9minaires d\u2019entreprise<\/span><\/strong><\/h3><p>L\u2019h\u00f4tel Perros Guirec Les Bains n\u2019est pas seulement un endroit de d\u00e9tente et de bien-\u00eatre. Il s\u2019agit \u00e9galement d\u2019un lieu id\u00e9al pour renforcer la coh\u00e9sion au sein de votre \u00e9quipe ou pour am\u00e9liorer la communication entre les collaborateurs et les dirigeants d\u2019entreprise. Situ\u00e9 au c\u0153ur d\u2019une cit\u00e9 facile d\u2019acc\u00e8s qui associe la tranquillit\u00e9 au charme et \u00e0 de nombreuses activit\u00e9s plaisantes, l\u2019h\u00f4tel Les Bains accueille vos s\u00e9minaires et vos activit\u00e9s d\u2019entreprise.<\/p><p>Vous avez \u00e0 votre disposition des salles spacieuses \u00e9quip\u00e9es de mat\u00e9riels adapt\u00e9s pour r\u00e9ussir votre projet. Ainsi, pour une r\u00e9union avec vos futurs partenaires, un s\u00e9minaire r\u00e9sidentiel ou un team building, faites part de votre projet \u00e0 l\u2019\u00e9quipe de l\u2019h\u00f4tel. Les personnels hautement qualifi\u00e9s sont \u00e0 votre \u00e9coute afin d\u2019organiser votre \u00e9v\u00e9nement en toute qui\u00e9tude. Afin d\u2019unir et de motiver vos collaborateurs, vous pouvez \u00e9galement opter pour des activit\u00e9s de team building hors du commun, aussi bien sur terre que sur mer.<\/p>\t\t\t\t\t\t\t\t<\/div>\n\t\t\t\t<\/div>\n\t\t\t\t\t<\/div>\n\t\t<\/div>\n\t\t\t\t\t<\/div>\n\t\t<\/section>\n\t\t\t\t<div class=\"elementor-element elementor-element-6ab6ba8 elementor-widget elementor-widget-button\" data-id=\"6ab6ba8\" data-element_type=\"widget\" data-e-type=\"widget\" data-widget_type=\"button.default\">\n\t\t\t\t<div class=\"elementor-widget-container\">\n\t\t\t\t\t\t\t\t\t<div class=\"elementor-button-wrapper\">\n\t\t\t\t\t<a class=\"elementor-button elementor-button-link elementor-size-sm\" href=\"https:\/\/www.hotel-les-bains-perros-guirec.fr\/fr\/tourisme-perros-guirec-bretagne.html\">\n\t\t\t\t\t\t<span class=\"elementor-button-content-wrapper\">\n\t\t\t\t\t\t<span class=\"elementor-button-icon\">\n\t\t\t\t<i aria-hidden=\"true\" class=\"eliofont eliofont-arrow-left\"><\/i>\t\t\t<\/span>\n\t\t\t\t\t\t\t\t\t<span class=\"elementor-button-text\">Retour<\/span>\n\t\t\t\t\t<\/span>\n\t\t\t\t\t<\/a>\n\t\t\t\t<\/div>\n\t\t\t\t\t\t\t\t<\/div>\n\t\t\t\t<\/div>\n\t\t\t\t\t<\/div>\n\t\t<\/div>\n\t\t\t\t\t<\/div>\n\t\t<\/section>\n\t\t\t\t<\/div>\n\t\t","protected":false},"excerpt":{"rendered":"<p>Hotel Perros Guirec Pourquoi s\u00e9journer \u00e0 l&rsquo;h\u00f4tel Perros Guirec Les Bains 3* ? Pour vos vacances en famille, vir\u00e9es entre amis ou sorties en couple \u00e0 Perros Guirec, rendez-vous \u00e0 l\u2019h\u00f4tel Les Bains. Profitez de votre s\u00e9jour au calme, derri\u00e8re le front de mer, \u00e0 proximit\u00e9 des activit\u00e9s les plus attractives de la station baln\u00e9aire, [&hellip;]<\/p>\n","protected":false},"author":7,"featured_media":0,"parent":83,"menu_order":0,"comment_status":"closed","ping_status":"closed","template":"","meta":{"inline_featured_image":false,"footnotes":""},"class_list":["post-4961","page","type-page","status-publish","hentry"],"_links":{"self":[{"href":"https:\/\/www.hotel-les-bains-perros-guirec.fr\/fr\/wp-json\/wp\/v2\/pages\/4961","targetHints":{"allow":["GET"]}}],"collection":[{"href":"https:\/\/www.hotel-les-bains-perros-guirec.fr\/fr\/wp-json\/wp\/v2\/pages"}],"about":[{"href":"https:\/\/www.hotel-les-bains-perros-guirec.fr\/fr\/wp-json\/wp\/v2\/types\/page"}],"author":[{"embeddable":true,"href":"https:\/\/www.hotel-les-bains-perros-guirec.fr\/fr\/wp-json\/wp\/v2\/users\/7"}],"replies":[{"embeddable":true,"href":"https:\/\/www.hotel-les-bains-perros-guirec.fr\/fr\/wp-json\/wp\/v2\/comments?post=4961"}],"version-history":[{"count":7,"href":"https:\/\/www.hotel-les-bains-perros-guirec.fr\/fr\/wp-json\/wp\/v2\/pages\/4961\/revisions"}],"predecessor-version":[{"id":4971,"href":"https:\/\/www.hotel-les-bains-perros-guirec.fr\/fr\/wp-json\/wp\/v2\/pages\/4961\/revisions\/4971"}],"up":[{"embeddable":true,"href":"https:\/\/www.hotel-les-bains-perros-guirec.fr\/fr\/wp-json\/wp\/v2\/pages\/83"}],"wp:attachment":[{"href":"https:\/\/www.hotel-les-bains-perros-guirec.fr\/fr\/wp-json\/wp\/v2\/media?parent=4961"}],"curies":[{"name":"wp","href":"https:\/\/api.w.org\/{rel}","templated":true}]}}