{"id":4816,"date":"2022-05-31T14:25:28","date_gmt":"2022-05-31T12:25:28","guid":{"rendered":"https:\/\/www.hotel-les-bains-perros-guirec.fr\/?page_id=4816"},"modified":"2024-02-04T20:53:12","modified_gmt":"2024-02-04T19:53:12","slug":"hotel-les-bains","status":"publish","type":"page","link":"https:\/\/www.hotel-les-bains-perros-guirec.fr\/fr\/tourisme-perros-guirec-bretagne\/hotel-les-bains.html","title":{"rendered":"H\u00f4tel Les Bains"},"content":{"rendered":"\t\t<div data-elementor-type=\"wp-page\" data-elementor-id=\"4816\" class=\"elementor elementor-4816\" data-elementor-post-type=\"page\">\n\t\t\t\t\t\t<section class=\"elementor-section elementor-top-section elementor-element elementor-element-17d208d elementor-section-height-min-height elementor-section-boxed elementor-section-height-default elementor-section-items-middle\" data-id=\"17d208d\" data-element_type=\"section\" data-e-type=\"section\" data-settings=\"{&quot;background_background&quot;:&quot;classic&quot;}\">\n\t\t\t\t\t\t\t<div class=\"elementor-background-overlay\"><\/div>\n\t\t\t\t\t\t\t<div class=\"elementor-container elementor-column-gap-default\">\n\t\t\t\t\t<div class=\"elementor-column elementor-col-100 elementor-top-column elementor-element elementor-element-18a8b4c\" data-id=\"18a8b4c\" data-element_type=\"column\" data-e-type=\"column\">\n\t\t\t<div class=\"elementor-widget-wrap\">\n\t\t\t\t\t\t\t<\/div>\n\t\t<\/div>\n\t\t\t\t\t<\/div>\n\t\t<\/section>\n\t\t\t\t<section class=\"elementor-section elementor-top-section elementor-element elementor-element-a6ebff4 elementor-section-boxed elementor-section-height-default elementor-section-height-default\" data-id=\"a6ebff4\" data-element_type=\"section\" data-e-type=\"section\">\n\t\t\t\t\t\t<div class=\"elementor-container elementor-column-gap-default\">\n\t\t\t\t\t<div class=\"elementor-column elementor-col-100 elementor-top-column elementor-element elementor-element-f390a13\" data-id=\"f390a13\" data-element_type=\"column\" data-e-type=\"column\">\n\t\t\t<div class=\"elementor-widget-wrap elementor-element-populated\">\n\t\t\t\t\t\t<div class=\"elementor-element elementor-element-6fb3149 elementor-widget elementor-widget-heading\" data-id=\"6fb3149\" data-element_type=\"widget\" data-e-type=\"widget\" data-widget_type=\"heading.default\">\n\t\t\t\t<div class=\"elementor-widget-container\">\n\t\t\t\t\t<h1 class=\"elementor-heading-title elementor-size-default\">Hotel Perros Guirec<\/h1>\t\t\t\t<\/div>\n\t\t\t\t<\/div>\n\t\t\t\t<div class=\"elementor-element elementor-element-9f4ff1c elementor-widget elementor-widget-heading\" data-id=\"9f4ff1c\" data-element_type=\"widget\" data-e-type=\"widget\" data-widget_type=\"heading.default\">\n\t\t\t\t<div class=\"elementor-widget-container\">\n\t\t\t\t\t<h2 class=\"elementor-heading-title elementor-size-default\">Id\u00e9es de balades depuis notre hotel Perros Guirec Les Bains<\/h2>\t\t\t\t<\/div>\n\t\t\t\t<\/div>\n\t\t\t\t<div class=\"elementor-element elementor-element-a4b43a3 elementor-widget-divider--view-line elementor-widget elementor-widget-divider\" data-id=\"a4b43a3\" data-element_type=\"widget\" data-e-type=\"widget\" data-widget_type=\"divider.default\">\n\t\t\t\t<div class=\"elementor-widget-container\">\n\t\t\t\t\t\t\t<div class=\"elementor-divider\">\n\t\t\t<span class=\"elementor-divider-separator\">\n\t\t\t\t\t\t<\/span>\n\t\t<\/div>\n\t\t\t\t\t\t<\/div>\n\t\t\t\t<\/div>\n\t\t\t\t<section class=\"elementor-section elementor-inner-section elementor-element elementor-element-e704274 elementor-section-boxed elementor-section-height-default elementor-section-height-default\" data-id=\"e704274\" data-element_type=\"section\" data-e-type=\"section\">\n\t\t\t\t\t\t<div class=\"elementor-container elementor-column-gap-default\">\n\t\t\t\t\t<div class=\"elementor-column elementor-col-100 elementor-inner-column elementor-element elementor-element-3890343\" data-id=\"3890343\" data-element_type=\"column\" data-e-type=\"column\">\n\t\t\t<div class=\"elementor-widget-wrap elementor-element-populated\">\n\t\t\t\t\t\t<div class=\"elementor-element elementor-element-a1d56c3 elementor-widget elementor-widget-image\" data-id=\"a1d56c3\" data-element_type=\"widget\" data-e-type=\"widget\" data-widget_type=\"image.default\">\n\t\t\t\t<div class=\"elementor-widget-container\">\n\t\t\t\t\t\t\t\t\t\t\t\t\t\t\t<img fetchpriority=\"high\" decoding=\"async\" width=\"800\" height=\"534\" src=\"https:\/\/www.hotel-les-bains-perros-guirec.fr\/wp-content\/uploads\/2022\/05\/iStock-1169730365-1024x683.jpg\" class=\"attachment-large size-large wp-image-4811\" alt=\"\" srcset=\"https:\/\/www.hotel-les-bains-perros-guirec.fr\/wp-content\/uploads\/2022\/05\/iStock-1169730365-1024x683.jpg 1024w, https:\/\/www.hotel-les-bains-perros-guirec.fr\/wp-content\/uploads\/2022\/05\/iStock-1169730365-300x200.jpg 300w, https:\/\/www.hotel-les-bains-perros-guirec.fr\/wp-content\/uploads\/2022\/05\/iStock-1169730365-768x512.jpg 768w, https:\/\/www.hotel-les-bains-perros-guirec.fr\/wp-content\/uploads\/2022\/05\/iStock-1169730365-1536x1024.jpg 1536w, https:\/\/www.hotel-les-bains-perros-guirec.fr\/wp-content\/uploads\/2022\/05\/iStock-1169730365-2048x1366.jpg 2048w, https:\/\/www.hotel-les-bains-perros-guirec.fr\/wp-content\/uploads\/2022\/05\/iStock-1169730365-18x12.jpg 18w\" sizes=\"(max-width: 800px) 100vw, 800px\" title=\"\">\t\t\t\t\t\t\t\t\t\t\t\t\t\t\t<\/div>\n\t\t\t\t<\/div>\n\t\t\t\t<div class=\"elementor-element elementor-element-b404579 elementor-widget elementor-widget-text-editor\" data-id=\"b404579\" data-element_type=\"widget\" data-e-type=\"widget\" data-widget_type=\"text-editor.default\">\n\t\t\t\t<div class=\"elementor-widget-container\">\n\t\t\t\t\t\t\t\t\t<p>L\u2019air iod\u00e9 d\u2019une r\u00e9gion au bord de l\u2019oc\u00e9an, les lumi\u00e8res uniques de la C\u00f4te de Granit Rose, les longues plages de sable\u2026 Notre\u00a0h\u00f4tel situ\u00e9 \u00e0 <a style=\"font-weight: bold;\" href=\"https:\/\/www.hotel-les-bains-perros-guirec.fr\/fr\/\">Perros Guirec<\/a> Best Western Les Bains 3* est le pied \u00e0 terre id\u00e9al pour explorer la Bretagne. Au d\u00e9part de l\u2019h\u00f4tel &amp; Spa Les Bains \u00e0 Perros Guirec, d\u00e9couvrez nos suggestions de balades pour faire le plein de souvenirs en solo, \u00e0 deux, avec vos proches ou le temps d\u2019un voyage d\u2019affaires.<\/p><h3><span style=\"text-decoration: underline;\"><strong>C\u00f4t\u00e9 plage, le circuit de Trestrignel<\/strong><\/span><\/h3><p>Comptez environ 7 minutes en voiture de notre hotel \u00e0<b><a href=\"https:\/\/www.hotel-les-bains-perros-guirec.fr\/fr\/tourisme-perros-guirec-bretagne\/infos-hotel-perros-guirec.html\"> Perros Guirec<\/a><\/b> Best Western Les Bains pour rejoindre le parking de la France Libre, point de d\u00e9part de ce circuit. Les amateurs d\u2019architecture seront ravis par les superbes villas maritimes et manoirs des 19\u00e8me et 20\u00e8me si\u00e8cles qui rythment la balade. La plus connue des villas est dans doute celle du peintre Maurice Denis, \u201cSilencio Y Descanso\u201d, une maison de vill\u00e9giature au style n\u00e9om\u00e9di\u00e9val surprenant \u00e9difi\u00e9e \u00e0 la fin du 19\u00e8me si\u00e8cle qui lui inspira plusieurs toiles.<br \/>Au fil du parcours de 5 km, d\u00e9couvrez la plage de Pors ar Goret au bas de ses 99 marches mais aussi l\u2019\u00cele Tom\u00e9, qui a longtemps servie de base aux pirates et autres contrebandiers.<\/p><h3><span style=\"text-decoration: underline;\"><strong>C\u00f4t\u00e9 for\u00eat, la Vall\u00e9e des Traouiero<\/strong><\/span><\/h3><p>Par vos propres moyens ou avec un guide, plongez au c\u0153ur d\u2019une for\u00eat de ch\u00e2taigniers, de ch\u00eanes et noisetiers, \u00e0 moins de 10 minutes de notre hotel \u00e0\u00a0<b><a href=\"https:\/\/www.hotel-les-bains-perros-guirec.fr\"><strong>Perros Guirec<\/strong><\/a><\/b> Les Bains 3*. L\u00e0 encore, les contrebandiers ont laiss\u00e9 des traces : sur le parcours, la Grotte des Contrebandiers \u00e9tait autrefois une cachette pour les chevaux r\u00e9quisitionn\u00e9s en temps de guerre, autant qu\u2019un lieu de rendez-vous galants. La Grotte des L\u00e9preux, quant \u00e0 elle, fut occup\u00e9e par un ermite qui avait la r\u00e9putation d\u2019\u00eatre l\u00e9preux, sans que cela ne fut toutefois confirm\u00e9.<br \/>Observez aussi la pierre tombale de 1833 qui enjambe le Kerougant, le ruisseau qui s\u00e9pare Perros Guirec de Tr\u00e9gastel.<br \/>Enfin, l\u2019\u00e9tang de Lost Logoden est id\u00e9al pour faire une pause, dans un cadre enchanteur digne des l\u00e9gendes bretonnes.<\/p><h3><span style=\"text-decoration: underline;\"><strong>C\u00f4t\u00e9 campagne, l\u2019arri\u00e8re-pays de Perros Guirec<\/strong><\/span><\/h3><p>Votre s\u00e9jour dans notre h\u00f4tel \u00e0 Perros Guirec vous permettra aussi de d\u00e9couvrir l\u2019arri\u00e8re-pays perrosien : une campagne pleine de charme, au riche patrimoine naturel et b\u00e2ti. Comptez 1h \u00e0 2h30 de marche selon vos envies et vos arr\u00eats, pour un parcours allant de 5 \u00e0 8 km environ. Laissez-vous charmer par les calvaires, lavoirs et chapelles que vous croiserez sur votre chemin. De bocage en vergers, de vall\u00e9es en zones agricoles, les paysages qui entourent Perros Guirec ne manqueront pas de vous laisser de merveilleux souvenirs.<br \/>Profitez de cette balade pour vous arr\u00eater dans une cidrerie et d\u00e9couvrir le proc\u00e9d\u00e9 ancestral qui donne ses saveurs uniques \u00e0 cette boisson typique du terroir breton. En saison, des visites guid\u00e9es sont propos\u00e9es \u00e0 la cidrerie \u201cLe Verger de Kernivinen\u201d.<br \/>Admirez aussi les vestiges d\u2019un pont roulant qui permettait le transport de blocs de granit, les croix de Roz-ar-Prad et Kroas Ar Varen, la chapelle Notre-Dame de Piti\u00e9, celle de la Clart\u00e9 ou encore la chapelle Saint-Guirec.<\/p>\t\t\t\t\t\t\t\t<\/div>\n\t\t\t\t<\/div>\n\t\t\t\t\t<\/div>\n\t\t<\/div>\n\t\t\t\t\t<\/div>\n\t\t<\/section>\n\t\t\t\t<div class=\"elementor-element elementor-element-6ab6ba8 elementor-widget elementor-widget-button\" data-id=\"6ab6ba8\" data-element_type=\"widget\" data-e-type=\"widget\" data-widget_type=\"button.default\">\n\t\t\t\t<div class=\"elementor-widget-container\">\n\t\t\t\t\t\t\t\t\t<div class=\"elementor-button-wrapper\">\n\t\t\t\t\t<a class=\"elementor-button elementor-button-link elementor-size-sm\" href=\"https:\/\/www.hotel-les-bains-perros-guirec.fr\/fr\/tourisme-perros-guirec-bretagne.html\">\n\t\t\t\t\t\t<span class=\"elementor-button-content-wrapper\">\n\t\t\t\t\t\t<span class=\"elementor-button-icon\">\n\t\t\t\t<i aria-hidden=\"true\" class=\"eliofont eliofont-arrow-left\"><\/i>\t\t\t<\/span>\n\t\t\t\t\t\t\t\t\t<span class=\"elementor-button-text\">Retour<\/span>\n\t\t\t\t\t<\/span>\n\t\t\t\t\t<\/a>\n\t\t\t\t<\/div>\n\t\t\t\t\t\t\t\t<\/div>\n\t\t\t\t<\/div>\n\t\t\t\t\t<\/div>\n\t\t<\/div>\n\t\t\t\t\t<\/div>\n\t\t<\/section>\n\t\t\t\t<\/div>\n\t\t","protected":false},"excerpt":{"rendered":"<p>Hotel Perros Guirec Id\u00e9es de balades depuis notre hotel Perros Guirec Les Bains L\u2019air iod\u00e9 d\u2019une r\u00e9gion au bord de l\u2019oc\u00e9an, les lumi\u00e8res uniques de la C\u00f4te de Granit Rose, les longues plages de sable\u2026 Notre\u00a0h\u00f4tel situ\u00e9 \u00e0 Perros Guirec Best Western Les Bains 3* est le pied \u00e0 terre id\u00e9al pour explorer la Bretagne. [&hellip;]<\/p>\n","protected":false},"author":7,"featured_media":0,"parent":83,"menu_order":0,"comment_status":"closed","ping_status":"closed","template":"","meta":{"inline_featured_image":false,"footnotes":""},"class_list":["post-4816","page","type-page","status-publish","hentry"],"_links":{"self":[{"href":"https:\/\/www.hotel-les-bains-perros-guirec.fr\/fr\/wp-json\/wp\/v2\/pages\/4816","targetHints":{"allow":["GET"]}}],"collection":[{"href":"https:\/\/www.hotel-les-bains-perros-guirec.fr\/fr\/wp-json\/wp\/v2\/pages"}],"about":[{"href":"https:\/\/www.hotel-les-bains-perros-guirec.fr\/fr\/wp-json\/wp\/v2\/types\/page"}],"author":[{"embeddable":true,"href":"https:\/\/www.hotel-les-bains-perros-guirec.fr\/fr\/wp-json\/wp\/v2\/users\/7"}],"replies":[{"embeddable":true,"href":"https:\/\/www.hotel-les-bains-perros-guirec.fr\/fr\/wp-json\/wp\/v2\/comments?post=4816"}],"version-history":[{"count":67,"href":"https:\/\/www.hotel-les-bains-perros-guirec.fr\/fr\/wp-json\/wp\/v2\/pages\/4816\/revisions"}],"predecessor-version":[{"id":5392,"href":"https:\/\/www.hotel-les-bains-perros-guirec.fr\/fr\/wp-json\/wp\/v2\/pages\/4816\/revisions\/5392"}],"up":[{"embeddable":true,"href":"https:\/\/www.hotel-les-bains-perros-guirec.fr\/fr\/wp-json\/wp\/v2\/pages\/83"}],"wp:attachment":[{"href":"https:\/\/www.hotel-les-bains-perros-guirec.fr\/fr\/wp-json\/wp\/v2\/media?parent=4816"}],"curies":[{"name":"wp","href":"https:\/\/api.w.org\/{rel}","templated":true}]}}