{"id":175,"date":"2021-12-09T09:38:57","date_gmt":"2021-12-09T08:38:57","guid":{"rendered":"https:\/\/www.hotel-les-bains-perros-guirec.fr\/?page_id=175"},"modified":"2022-03-08T17:57:01","modified_gmt":"2022-03-08T16:57:01","slug":"plan-du-site","status":"publish","type":"page","link":"https:\/\/www.hotel-les-bains-perros-guirec.fr\/fr\/plan-du-site.html","title":{"rendered":"Plan du site"},"content":{"rendered":"\t\t<div data-elementor-type=\"wp-page\" data-elementor-id=\"175\" class=\"elementor elementor-175\" data-elementor-post-type=\"page\">\n\t\t\t\t\t\t<section class=\"elementor-section elementor-top-section elementor-element elementor-element-3a546ec8 elementor-section-height-min-height elementor-section-boxed elementor-section-height-default elementor-section-items-middle\" data-id=\"3a546ec8\" data-element_type=\"section\" data-e-type=\"section\" data-settings=\"{&quot;background_background&quot;:&quot;classic&quot;}\">\n\t\t\t\t\t\t\t<div class=\"elementor-background-overlay\"><\/div>\n\t\t\t\t\t\t\t<div class=\"elementor-container elementor-column-gap-default\">\n\t\t\t\t\t<div class=\"elementor-column elementor-col-100 elementor-top-column elementor-element elementor-element-5e016cb3\" data-id=\"5e016cb3\" data-element_type=\"column\" data-e-type=\"column\">\n\t\t\t<div class=\"elementor-widget-wrap elementor-element-populated\">\n\t\t\t\t\t\t<div class=\"elementor-element elementor-element-561e9c22 elementor-widget elementor-widget-heading\" data-id=\"561e9c22\" data-element_type=\"widget\" data-e-type=\"widget\" data-widget_type=\"heading.default\">\n\t\t\t\t<div class=\"elementor-widget-container\">\n\t\t\t\t\t<h1 class=\"elementor-heading-title elementor-size-default\">Plan du site<\/h1>\t\t\t\t<\/div>\n\t\t\t\t<\/div>\n\t\t\t\t\t<\/div>\n\t\t<\/div>\n\t\t\t\t\t<\/div>\n\t\t<\/section>\n\t\t\t\t<section class=\"elementor-section elementor-top-section elementor-element elementor-element-d17365c elementor-section-boxed elementor-section-height-default elementor-section-height-default\" data-id=\"d17365c\" data-element_type=\"section\" data-e-type=\"section\">\n\t\t\t\t\t\t<div class=\"elementor-container elementor-column-gap-default\">\n\t\t\t\t\t<div class=\"elementor-column elementor-col-100 elementor-top-column elementor-element elementor-element-2787577\" data-id=\"2787577\" data-element_type=\"column\" data-e-type=\"column\">\n\t\t\t<div class=\"elementor-widget-wrap elementor-element-populated\">\n\t\t\t\t\t\t<div class=\"elementor-element elementor-element-086e940 elementor-widget elementor-widget-sitemap\" data-id=\"086e940\" data-element_type=\"widget\" data-e-type=\"widget\" data-widget_type=\"sitemap.default\">\n\t\t\t\t<div class=\"elementor-widget-container\">\n\t\t\t\t\t<div class=\"elementor-sitemap-wrap\"><div class=\"elementor-sitemap-section\"><h2 class=\"elementor-sitemap-title elementor-sitemap-page-title\">Pages<\/h2><ul class=\"elementor-sitemap-list elementor-sitemap-page-list\"><li class=\"elementor-sitemap-item elementor-sitemap-item-page page_item page-item-2826\"><a href=\"https:\/\/www.hotel-les-bains-perros-guirec.fr\/fr\/bretagne.html\">Tourisme Bretagne<\/a><ul class='children'><li class=\"elementor-sitemap-item elementor-sitemap-item-page page_item page-item-1332\"><a href=\"https:\/\/www.hotel-les-bains-perros-guirec.fr\/fr\/bretagne\/tourisme-cote-granit-rose.html\">C\u00f4te de Granit Rose<\/a><\/li><li class=\"elementor-sitemap-item elementor-sitemap-item-page page_item page-item-1334\"><a href=\"https:\/\/www.hotel-les-bains-perros-guirec.fr\/fr\/bretagne\/tourisme-ploumanach.html\">Ploumanac&rsquo;h<\/a><\/li><li class=\"elementor-sitemap-item elementor-sitemap-item-page page_item page-item-1335\"><a href=\"https:\/\/www.hotel-les-bains-perros-guirec.fr\/fr\/bretagne\/tourisme-cotes-armor.html\">C\u00f4tes d&rsquo;Armor<\/a><\/li><li class=\"elementor-sitemap-item elementor-sitemap-item-page page_item page-item-1330\"><a href=\"https:\/\/www.hotel-les-bains-perros-guirec.fr\/fr\/bretagne\/hotel-trestraou.html\">Plage de Trestraou<\/a><\/li><li class=\"elementor-sitemap-item elementor-sitemap-item-page page_item page-item-965\"><a href=\"https:\/\/www.hotel-les-bains-perros-guirec.fr\/fr\/bretagne\/tourisme-perros-guirec.html\">Perros Guirec<\/a><\/li><\/ul><\/li><li class=\"elementor-sitemap-item elementor-sitemap-item-page page_item page-item-2976\"><a href=\"https:\/\/www.hotel-les-bains-perros-guirec.fr\/fr\/recrutement.html\">Recrutement<\/a><\/li><li class=\"elementor-sitemap-item elementor-sitemap-item-page page_item page-item-3714\"><a href=\"https:\/\/www.hotel-les-bains-perros-guirec.fr\/fr\/offres-demploi.html\">Offres d\u2019emploi<\/a><\/li><li class=\"elementor-sitemap-item elementor-sitemap-item-page page_item page-item-5081\"><a href=\"https:\/\/www.hotel-les-bains-perros-guirec.fr\/fr\/hotel-perros-guirec.html\">Hotel Perros Guirec<\/a><\/li><li class=\"elementor-sitemap-item elementor-sitemap-item-page page_item page-item-5789\"><a href=\"https:\/\/www.hotel-les-bains-perros-guirec.fr\/fr\/hotel-a-perros-guirec-sejour-bien-etre-et-bord-de-mer-a-lhotel-les-bains.html\">H\u00f4tel \u00e0 Perros-Guirec : s\u00e9jour bien-\u00eatre et bord de mer \u00e0 l\u2019H\u00f4tel Les Bains<\/a><\/li><li class=\"elementor-sitemap-item elementor-sitemap-item-page page_item page-item-173\"><a href=\"https:\/\/www.hotel-les-bains-perros-guirec.fr\/fr\/mentions-legales.html\">Mentions l\u00e9gales<\/a><\/li><li class=\"elementor-sitemap-item elementor-sitemap-item-page page_item page-item-74\"><a href=\"https:\/\/www.hotel-les-bains-perros-guirec.fr\/fr\/chambres-hotel-a-perros-guirec.html\">Chambres<\/a><\/li><li class=\"elementor-sitemap-item elementor-sitemap-item-page page_item page-item-76\"><a href=\"https:\/\/www.hotel-les-bains-perros-guirec.fr\/fr\/appartements.html\">Appartements<\/a><\/li><li class=\"elementor-sitemap-item elementor-sitemap-item-page page_item page-item-78\"><a href=\"https:\/\/www.hotel-les-bains-perros-guirec.fr\/fr\/bien-etre.html\">Bien-\u00eatre &#038; SPA Perros Guirec<\/a><ul class='children'><li class=\"elementor-sitemap-item elementor-sitemap-item-page page_item page-item-2208\"><a href=\"https:\/\/www.hotel-les-bains-perros-guirec.fr\/fr\/bien-etre\/1-2-journees.html\">1\/2 journ\u00e9es<\/a><\/li><li class=\"elementor-sitemap-item elementor-sitemap-item-page page_item page-item-1082\"><a href=\"https:\/\/www.hotel-les-bains-perros-guirec.fr\/fr\/bien-etre\/spa-perros-guirec.html\">Spa<\/a><\/li><li class=\"elementor-sitemap-item elementor-sitemap-item-page page_item page-item-1083\"><a href=\"https:\/\/www.hotel-les-bains-perros-guirec.fr\/fr\/bien-etre\/soins-perros-guirec.html\">Soins<\/a><\/li><li class=\"elementor-sitemap-item elementor-sitemap-item-page page_item page-item-1084\"><a href=\"https:\/\/www.hotel-les-bains-perros-guirec.fr\/fr\/bien-etre\/cures-sejours.html\">Journ\u00e9es &#038; cures<\/a><\/li><li class=\"elementor-sitemap-item elementor-sitemap-item-page page_item page-item-1085\"><a href=\"https:\/\/www.hotel-les-bains-perros-guirec.fr\/fr\/bien-etre\/boutique-spa-perros-guirec.html\">Nos marques partenaires<\/a><\/li><\/ul><\/li><li class=\"elementor-sitemap-item elementor-sitemap-item-page page_item page-item-80\"><a href=\"https:\/\/www.hotel-les-bains-perros-guirec.fr\/fr\/honesty-bar.html\">Bar<\/a><\/li><li class=\"elementor-sitemap-item elementor-sitemap-item-page page_item page-item-81\"><a href=\"https:\/\/www.hotel-les-bains-perros-guirec.fr\/fr\/seminaire-bretagne.html\">S\u00e9minaire<\/a><\/li><li class=\"elementor-sitemap-item elementor-sitemap-item-page page_item page-item-83\"><a href=\"https:\/\/www.hotel-les-bains-perros-guirec.fr\/fr\/tourisme-perros-guirec-bretagne.html\">Perros Guirec<\/a><ul class='children'><li class=\"elementor-sitemap-item elementor-sitemap-item-page page_item page-item-1427\"><a href=\"https:\/\/www.hotel-les-bains-perros-guirec.fr\/fr\/tourisme-perros-guirec-bretagne\/hotel-ploumanach.html\">Hotel Ploumanach<\/a><\/li><li class=\"elementor-sitemap-item elementor-sitemap-item-page page_item page-item-1417\"><a href=\"https:\/\/www.hotel-les-bains-perros-guirec.fr\/fr\/tourisme-perros-guirec-bretagne\/best-western-hotel-les-bains-perros-guirec.html\">Le Best Western H\u00f4tel Les Bains Perros-Guirec<\/a><\/li><li class=\"elementor-sitemap-item elementor-sitemap-item-page page_item page-item-1422\"><a href=\"https:\/\/www.hotel-les-bains-perros-guirec.fr\/fr\/tourisme-perros-guirec-bretagne\/hotel-charme-perros-guirec.html\">H\u00f4tel de charme \u00e0 Perros-Guirec<\/a><\/li><li class=\"elementor-sitemap-item elementor-sitemap-item-page page_item page-item-1423\"><a href=\"https:\/\/www.hotel-les-bains-perros-guirec.fr\/fr\/tourisme-perros-guirec-bretagne\/hotel-spa-perros-guirec.html\">Notre Hotel Spa \u00e0 Perros Guirec<\/a><\/li><li class=\"elementor-sitemap-item elementor-sitemap-item-page page_item page-item-1424\"><a href=\"https:\/\/www.hotel-les-bains-perros-guirec.fr\/fr\/tourisme-perros-guirec-bretagne\/infos-hotel-perros-guirec.html\">H\u00f4tel Perros Guirec<\/a><\/li><li class=\"elementor-sitemap-item elementor-sitemap-item-page page_item page-item-1425\"><a href=\"https:\/\/www.hotel-les-bains-perros-guirec.fr\/fr\/tourisme-perros-guirec-bretagne\/infos-spa-perros-guirec.html\">Spa Perros Guirec<\/a><\/li><li class=\"elementor-sitemap-item elementor-sitemap-item-page page_item page-item-1426\"><a href=\"https:\/\/www.hotel-les-bains-perros-guirec.fr\/fr\/tourisme-perros-guirec-bretagne\/perros-guirec-hotel.html\">Perros Guirec H\u00f4tel<\/a><\/li><li class=\"elementor-sitemap-item elementor-sitemap-item-page page_item page-item-4816\"><a href=\"https:\/\/www.hotel-les-bains-perros-guirec.fr\/fr\/tourisme-perros-guirec-bretagne\/hotel-les-bains.html\">H\u00f4tel Les Bains<\/a><\/li><li class=\"elementor-sitemap-item elementor-sitemap-item-page page_item page-item-4961\"><a href=\"https:\/\/www.hotel-les-bains-perros-guirec.fr\/fr\/tourisme-perros-guirec-bretagne\/hotel-perros-guirec.html\">Hotel perros guirec<\/a><\/li><\/ul><\/li><li class=\"elementor-sitemap-item elementor-sitemap-item-page page_item page-item-82\"><a href=\"https:\/\/www.hotel-les-bains-perros-guirec.fr\/fr\/acces-contact.html\">Contact &#038; Acc\u00e8s<\/a><\/li><li class=\"elementor-sitemap-item elementor-sitemap-item-page page_item page-item-169\"><a href=\"https:\/\/www.hotel-les-bains-perros-guirec.fr\/fr\/offres-speciales.html\">Offres Sp\u00e9ciales<\/a><\/li><li class=\"elementor-sitemap-item elementor-sitemap-item-page page_item page-item-171\"><a href=\"https:\/\/www.hotel-les-bains-perros-guirec.fr\/fr\/galerie-hotel.html\">Galerie photos<\/a><\/li><li class=\"elementor-sitemap-item elementor-sitemap-item-page page_item page-item-32\"><a href=\"https:\/\/www.hotel-les-bains-perros-guirec.fr\/fr\/\">Accueil<\/a><\/li><li class=\"elementor-sitemap-item elementor-sitemap-item-page page_item page-item-175\"><a href=\"https:\/\/www.hotel-les-bains-perros-guirec.fr\/fr\/plan-du-site.html\">Plan du site<\/a><\/li><li class=\"elementor-sitemap-item elementor-sitemap-item-page page_item page-item-177\"><a href=\"https:\/\/www.hotel-les-bains-perros-guirec.fr\/fr\/faq-perros-guirec.html\">FAQ<\/a><\/li><li class=\"elementor-sitemap-item elementor-sitemap-item-page page_item page-item-179\"><a href=\"https:\/\/www.hotel-les-bains-perros-guirec.fr\/fr\/reglement-fr-2.html\">R\u00e8glement du SPA<\/a><\/li><\/ul><\/div><div class=\"elementor-sitemap-section\"><h2 class=\"elementor-sitemap-title elementor-sitemap-core_rooms-title\">Chambres & appartement<\/h2><ul class=\"elementor-sitemap-list elementor-sitemap-core_rooms-list\"><li class=\"elementor-sitemap-item elementor-sitemap-item-core_rooms page_item page-item-91\"><a href=\"https:\/\/www.hotel-les-bains-perros-guirec.fr\/fr\/chambres-hotel-perros-guirec\/chambre-standard.html\">Chambre Standard<\/a><\/li><li class=\"elementor-sitemap-item elementor-sitemap-item-core_rooms page_item page-item-158\"><a href=\"https:\/\/www.hotel-les-bains-perros-guirec.fr\/fr\/chambres-hotel-perros-guirec\/chambre-confort.html\">Chambre Confort<\/a><\/li><li class=\"elementor-sitemap-item elementor-sitemap-item-core_rooms page_item page-item-159\"><a href=\"https:\/\/www.hotel-les-bains-perros-guirec.fr\/fr\/chambres-hotel-perros-guirec\/chambre-superieure.html\">Chambre Sup\u00e9rieure avec terrasse<\/a><\/li><li class=\"elementor-sitemap-item elementor-sitemap-item-core_rooms page_item page-item-160\"><a href=\"https:\/\/www.hotel-les-bains-perros-guirec.fr\/fr\/chambres-hotel-perros-guirec\/chambre-prestige.html\">Chambre Prestige<\/a><\/li><li class=\"elementor-sitemap-item elementor-sitemap-item-core_rooms page_item page-item-161\"><a href=\"https:\/\/www.hotel-les-bains-perros-guirec.fr\/fr\/chambres-hotel-perros-guirec\/junior-suite.html\">Junior Suite<\/a><\/li><li class=\"elementor-sitemap-item elementor-sitemap-item-core_rooms page_item page-item-162\"><a href=\"https:\/\/www.hotel-les-bains-perros-guirec.fr\/fr\/chambres-hotel-perros-guirec\/chambre-familiale.html\">Chambre Familiale<\/a><\/li><li class=\"elementor-sitemap-item elementor-sitemap-item-core_rooms page_item page-item-724\"><a href=\"https:\/\/www.hotel-les-bains-perros-guirec.fr\/fr\/chambres-hotel-perros-guirec\/appartement-1.html\">Appartement Best Western H\u00f4tel &#038; SPA Les Bains<\/a><\/li><\/ul><\/div><div class=\"elementor-sitemap-section\"><h2 class=\"elementor-sitemap-title elementor-sitemap-ts-offres-speciales-title\">Offres sp\u00e9ciales<\/h2><ul class=\"elementor-sitemap-list elementor-sitemap-ts-offres-speciales-list\"><li class=\"elementor-sitemap-item elementor-sitemap-item-ts-offres-speciales page_item page-item-5561\"><a href=\"https:\/\/www.hotel-les-bains-perros-guirec.fr\/fr\/offres-speciales\/i\/offre-speciale\/rituel-soin-exception-duo-2-nuits.html\">Rituel du Monde en DUO &#8211; 2 Nuits<\/a><\/li><li class=\"elementor-sitemap-item elementor-sitemap-item-ts-offres-speciales page_item page-item-5559\"><a href=\"https:\/\/www.hotel-les-bains-perros-guirec.fr\/fr\/offres-speciales\/i\/offre-speciale\/rituel-soin-exception-duo-1-nuit.html\">Rituel du Monde en DUO &#8211; 1 Nuit<\/a><\/li><li class=\"elementor-sitemap-item elementor-sitemap-item-ts-offres-speciales page_item page-item-5551\"><a href=\"https:\/\/www.hotel-les-bains-perros-guirec.fr\/fr\/offres-speciales\/i\/offre-speciale\/offre-detente-spa.html\">Escapade SPA Les Bains<\/a><\/li><li class=\"elementor-sitemap-item elementor-sitemap-item-ts-offres-speciales page_item page-item-2337\"><a href=\"https:\/\/www.hotel-les-bains-perros-guirec.fr\/fr\/offres-speciales\/i\/offre-speciale\/rituel-soin-exception-duo-3-nuits.html\">Rituel du Monde en DUO &#8211; 3 Nuits<\/a><\/li><li class=\"elementor-sitemap-item elementor-sitemap-item-ts-offres-speciales page_item page-item-2335\"><a href=\"https:\/\/www.hotel-les-bains-perros-guirec.fr\/fr\/offres-speciales\/i\/offre-speciale\/offre-rituel-soin-signature-duo-2-nuits.html\">Rituel Soin Signature en DUO &#8211; 2 Nuits<\/a><\/li><li class=\"elementor-sitemap-item elementor-sitemap-item-ts-offres-speciales page_item page-item-2333\"><a href=\"https:\/\/www.hotel-les-bains-perros-guirec.fr\/fr\/offres-speciales\/i\/offre-speciale\/offre-rituel-soin-signature-duo-1-nuit.html\">Rituel Soin Signature en DUO &#8211; 1 Nuit<\/a><\/li><li class=\"elementor-sitemap-item elementor-sitemap-item-ts-offres-speciales page_item page-item-2330\"><a href=\"https:\/\/www.hotel-les-bains-perros-guirec.fr\/fr\/offres-speciales\/i\/offre-speciale\/accueil-romantique-en-chambre.html\">Accueil Romantique en Chambre<\/a><\/li><li class=\"elementor-sitemap-item elementor-sitemap-item-ts-offres-speciales page_item page-item-2328\"><a href=\"https:\/\/www.hotel-les-bains-perros-guirec.fr\/fr\/offres-speciales\/i\/offre-speciale\/bulle-de-douceur-visage-et-corps-en-solo-ou-en-duo.html\">Bulle de Douceur Visage et Corps en SOLO ou en DUO<\/a><\/li><li class=\"elementor-sitemap-item elementor-sitemap-item-ts-offres-speciales page_item page-item-2326\"><a href=\"https:\/\/www.hotel-les-bains-perros-guirec.fr\/fr\/offres-speciales\/i\/offre-speciale\/massage-bien-etre-de-1-heure-en-solo-ou-en-duo.html\">Massage Personnalis\u00e9 au choix &#8211; 60 min &#8211; en SOLO ou en DUO<\/a><\/li><li class=\"elementor-sitemap-item elementor-sitemap-item-ts-offres-speciales page_item page-item-700\"><a href=\"https:\/\/www.hotel-les-bains-perros-guirec.fr\/fr\/offres-speciales\/i\/offre-speciale\/rituel-soin-exception-duo-4-nuits.html\">Rituel du Monde en DUO &#8211; 4 nuits<\/a><\/li><li class=\"elementor-sitemap-item elementor-sitemap-item-ts-offres-speciales page_item page-item-697\"><a href=\"https:\/\/www.hotel-les-bains-perros-guirec.fr\/fr\/offres-speciales\/i\/offre-speciale\/rituel-soin-exception-duo-5-nuits.html\">Rituel du Monde en DUO &#8211; 5 nuits<\/a><\/li><li class=\"elementor-sitemap-item elementor-sitemap-item-ts-offres-speciales page_item page-item-694\"><a href=\"https:\/\/www.hotel-les-bains-perros-guirec.fr\/fr\/offres-speciales\/i\/offre-speciale\/soiree-etape.html\">Soir\u00e9e Etape<\/a><\/li><\/ul><\/div><\/div>\t\t\t\t<\/div>\n\t\t\t\t<\/div>\n\t\t\t\t\t<\/div>\n\t\t<\/div>\n\t\t\t\t\t<\/div>\n\t\t<\/section>\n\t\t\t\t<\/div>\n\t\t","protected":false},"excerpt":{"rendered":"","protected":false},"author":3,"featured_media":0,"parent":0,"menu_order":0,"comment_status":"closed","ping_status":"closed","template":"","meta":{"inline_featured_image":false,"footnotes":""},"class_list":["post-175","page","type-page","status-publish","hentry"],"_links":{"self":[{"href":"https:\/\/www.hotel-les-bains-perros-guirec.fr\/fr\/wp-json\/wp\/v2\/pages\/175","targetHints":{"allow":["GET"]}}],"collection":[{"href":"https:\/\/www.hotel-les-bains-perros-guirec.fr\/fr\/wp-json\/wp\/v2\/pages"}],"about":[{"href":"https:\/\/www.hotel-les-bains-perros-guirec.fr\/fr\/wp-json\/wp\/v2\/types\/page"}],"author":[{"embeddable":true,"href":"https:\/\/www.hotel-les-bains-perros-guirec.fr\/fr\/wp-json\/wp\/v2\/users\/3"}],"replies":[{"embeddable":true,"href":"https:\/\/www.hotel-les-bains-perros-guirec.fr\/fr\/wp-json\/wp\/v2\/comments?post=175"}],"version-history":[{"count":25,"href":"https:\/\/www.hotel-les-bains-perros-guirec.fr\/fr\/wp-json\/wp\/v2\/pages\/175\/revisions"}],"predecessor-version":[{"id":3344,"href":"https:\/\/www.hotel-les-bains-perros-guirec.fr\/fr\/wp-json\/wp\/v2\/pages\/175\/revisions\/3344"}],"wp:attachment":[{"href":"https:\/\/www.hotel-les-bains-perros-guirec.fr\/fr\/wp-json\/wp\/v2\/media?parent=175"}],"curies":[{"name":"wp","href":"https:\/\/api.w.org\/{rel}","templated":true}]}}