{"id":1426,"date":"2022-01-10T17:22:49","date_gmt":"2022-01-10T16:22:49","guid":{"rendered":"https:\/\/www.hotel-les-bains-perros-guirec.fr\/?page_id=1426"},"modified":"2022-02-18T16:21:31","modified_gmt":"2022-02-18T15:21:31","slug":"perros-guirec-hotel","status":"publish","type":"page","link":"https:\/\/www.hotel-les-bains-perros-guirec.fr\/fr\/tourisme-perros-guirec-bretagne\/perros-guirec-hotel.html","title":{"rendered":"Perros Guirec H\u00f4tel"},"content":{"rendered":"\t\t<div data-elementor-type=\"wp-page\" data-elementor-id=\"1426\" class=\"elementor elementor-1426\" data-elementor-post-type=\"page\">\n\t\t\t\t\t\t<section class=\"elementor-section elementor-top-section elementor-element elementor-element-17d208d elementor-section-height-min-height elementor-section-boxed elementor-section-height-default elementor-section-items-middle\" data-id=\"17d208d\" data-element_type=\"section\" data-e-type=\"section\" data-settings=\"{&quot;background_background&quot;:&quot;classic&quot;}\">\n\t\t\t\t\t\t\t<div class=\"elementor-background-overlay\"><\/div>\n\t\t\t\t\t\t\t<div class=\"elementor-container elementor-column-gap-default\">\n\t\t\t\t\t<div class=\"elementor-column elementor-col-100 elementor-top-column elementor-element elementor-element-18a8b4c\" data-id=\"18a8b4c\" data-element_type=\"column\" data-e-type=\"column\">\n\t\t\t<div class=\"elementor-widget-wrap\">\n\t\t\t\t\t\t\t<\/div>\n\t\t<\/div>\n\t\t\t\t\t<\/div>\n\t\t<\/section>\n\t\t\t\t<section class=\"elementor-section elementor-top-section elementor-element elementor-element-a6ebff4 elementor-section-boxed elementor-section-height-default elementor-section-height-default\" data-id=\"a6ebff4\" data-element_type=\"section\" data-e-type=\"section\">\n\t\t\t\t\t\t<div class=\"elementor-container elementor-column-gap-default\">\n\t\t\t\t\t<div class=\"elementor-column elementor-col-100 elementor-top-column elementor-element elementor-element-f390a13\" data-id=\"f390a13\" data-element_type=\"column\" data-e-type=\"column\">\n\t\t\t<div class=\"elementor-widget-wrap elementor-element-populated\">\n\t\t\t\t\t\t<div class=\"elementor-element elementor-element-6fb3149 elementor-widget elementor-widget-heading\" data-id=\"6fb3149\" data-element_type=\"widget\" data-e-type=\"widget\" data-widget_type=\"heading.default\">\n\t\t\t\t<div class=\"elementor-widget-container\">\n\t\t\t\t\t<h1 class=\"elementor-heading-title elementor-size-default\">Perros Guirec H\u00f4tel<\/h1>\t\t\t\t<\/div>\n\t\t\t\t<\/div>\n\t\t\t\t<div class=\"elementor-element elementor-element-9f4ff1c elementor-widget elementor-widget-heading\" data-id=\"9f4ff1c\" data-element_type=\"widget\" data-e-type=\"widget\" data-widget_type=\"heading.default\">\n\t\t\t\t<div class=\"elementor-widget-container\">\n\t\t\t\t\t<h2 class=\"elementor-heading-title elementor-size-default\">H\u00f4tel*** Best Western les Bains<\/h2>\t\t\t\t<\/div>\n\t\t\t\t<\/div>\n\t\t\t\t<div class=\"elementor-element elementor-element-a4b43a3 elementor-widget-divider--view-line elementor-widget elementor-widget-divider\" data-id=\"a4b43a3\" data-element_type=\"widget\" data-e-type=\"widget\" data-widget_type=\"divider.default\">\n\t\t\t\t<div class=\"elementor-widget-container\">\n\t\t\t\t\t\t\t<div class=\"elementor-divider\">\n\t\t\t<span class=\"elementor-divider-separator\">\n\t\t\t\t\t\t<\/span>\n\t\t<\/div>\n\t\t\t\t\t\t<\/div>\n\t\t\t\t<\/div>\n\t\t\t\t<section class=\"elementor-section elementor-inner-section elementor-element elementor-element-e704274 elementor-section-boxed elementor-section-height-default elementor-section-height-default\" data-id=\"e704274\" data-element_type=\"section\" data-e-type=\"section\">\n\t\t\t\t\t\t<div class=\"elementor-container elementor-column-gap-default\">\n\t\t\t\t\t<div class=\"elementor-column elementor-col-100 elementor-inner-column elementor-element elementor-element-3890343\" data-id=\"3890343\" data-element_type=\"column\" data-e-type=\"column\">\n\t\t\t<div class=\"elementor-widget-wrap elementor-element-populated\">\n\t\t\t\t\t\t<div class=\"elementor-element elementor-element-a1d56c3 elementor-widget elementor-widget-image\" data-id=\"a1d56c3\" data-element_type=\"widget\" data-e-type=\"widget\" data-widget_type=\"image.default\">\n\t\t\t\t<div class=\"elementor-widget-container\">\n\t\t\t\t\t\t\t\t\t\t\t\t\t\t\t<img fetchpriority=\"high\" decoding=\"async\" width=\"672\" height=\"410\" src=\"https:\/\/www.hotel-les-bains-perros-guirec.fr\/wp-content\/uploads\/2022\/01\/0e90262b477a410db1f5f49122b6c71262cac3ce.jpeg\" class=\"attachment-large size-large wp-image-1300\" alt=\"\" srcset=\"https:\/\/www.hotel-les-bains-perros-guirec.fr\/wp-content\/uploads\/2022\/01\/0e90262b477a410db1f5f49122b6c71262cac3ce.jpeg 672w, https:\/\/www.hotel-les-bains-perros-guirec.fr\/wp-content\/uploads\/2022\/01\/0e90262b477a410db1f5f49122b6c71262cac3ce-300x183.jpeg 300w, https:\/\/www.hotel-les-bains-perros-guirec.fr\/wp-content\/uploads\/2022\/01\/0e90262b477a410db1f5f49122b6c71262cac3ce-18x12.jpeg 18w\" sizes=\"(max-width: 672px) 100vw, 672px\" title=\"\">\t\t\t\t\t\t\t\t\t\t\t\t\t\t\t<\/div>\n\t\t\t\t<\/div>\n\t\t\t\t<div class=\"elementor-element elementor-element-b404579 elementor-widget elementor-widget-text-editor\" data-id=\"b404579\" data-element_type=\"widget\" data-e-type=\"widget\" data-widget_type=\"text-editor.default\">\n\t\t\t\t<div class=\"elementor-widget-container\">\n\t\t\t\t\t\t\t\t\t<div class=\"content\">\n<p>Envie de mettre le cap sur Perros Guirec Bretagne ? L&rsquo;h\u00f4tel Best Western les Bains vous attend ! Votre h\u00f4tel 3 \u00e9toiles tout confort sur la C\u00f4te de Granit Rose. Situ\u00e9 \u00e0 30 m\u00e8tres, la Plage de Trestraou et le spa de l\u2019h\u00f4tel sont une invitation \u00e0 la relaxation et \u00e0 la d\u00e9tente apr\u00e8s une ballade dans Perros Guirec. Vous serez sans aucun doute tent\u00e9 d\u2019arpenter le Sentier de Douaniers qui au bout des 9 kilom\u00e8tres de promenade vous fera d\u00e9couvrir le fameux bourg de Ploumanac\u2019h avec ses impressionnants granits vieux de 300 millions d\u2019ann\u00e9es ! Vous pourrez aussi explorer la r\u00e9serve ornithologique des 7 \u00eeles en empruntant une des vedettes amarr\u00e9es en fin de digue.<\/p>\n<p><\/p>\n<h3><span style=\"text-decoration: underline;\"><strong>Perros Guirec H\u00f4tel Bretagne ; nos chambres :<\/strong><\/span><\/h3>\n<p><\/p>\n<p>De la personne seule et studieuse \u00e0 la famille venue passer des vacances alternant activit\u00e9s, calme et repos, toutes nos cat\u00e9gories de chambres vous attendent, enrichies d\u2019\u00e9quipements de qualit\u00e9.<\/p><p><br>\u2022 Chambre Standard : agr\u00e9able et disposant de tout le confort n\u00e9cessaire pour votre s\u00e9jour. D\u2019une superficie de 18m\u00b2 et disposant d\u2019un bureau cette chambre est parfaitement adapt\u00e9e \u00e0 une client\u00e8le d\u2019affaires.<\/p><p>&nbsp; <br>\u2022 Chambre Confort : soigneusement d\u00e9cor\u00e9e est dot\u00e9e d\u2019un lit double ou de lits s\u00e9par\u00e9s avec literie haut de gamme. Elle est adapt\u00e9e \u00e0 tous vos styles de s\u00e9jours.<\/p><p><br>\u2022 Chambre Sup\u00e9rieure Terrasse : cette chambre spacieuse et calme vous emporte au pays des songes et permet de s\u2019impr\u00e9gner de l\u2019atmosph\u00e8re du bord de mer. La salle de bains derni\u00e8re g\u00e9n\u00e9ration avec baignoire ou douche italienne est un cocon de douceur o\u00f9 ne penser qu\u2019\u00e0 soi avec les produits d\u2019accueil Cinq Mondes.<\/p><p><br>\u2022 Chambre Prestige : Spacieuses et confortables, elles allient avec merveille charme et l\u2019\u00e9l\u00e9gance d\u2019un style contemporain et sont id\u00e9ales pour 2 \u00e0 3 personnes. La salle de bains derni\u00e8re g\u00e9n\u00e9ration avec baignoire ou douche italienne est un cocon de douceur o\u00f9 ne penser qu\u2019\u00e0 soi avec les produits d\u2019accueil Cinq Mondes.<\/p><p><br>\u2022 Junior Suite : P\u00e9n\u00e9trez dans un lieu serein en teintes douces avec des photos de baigneurs dans une ambiance vintage en t\u00eate de lit qui vous plongent dans une atmosph\u00e8re de bord de mer. Id\u00e9ale en couple ou en famille, cette chambre vous offre un grand espace de confort sur la C\u00f4te de Granit Rose.<\/p><p><br>\u2022 Chambre Familiale : La chambre familiale est une grande chambre con\u00e7ue pour cinq personnes, spacieuse et judicieusement agenc\u00e9e. Tr\u00e8s spacieuse et parfaitement adapt\u00e9e \u00e0 vos besoins, elle vous permet de b\u00e9n\u00e9ficier d&rsquo;un grand espace de vie en couple, entre amis ou en famille.<\/p>\n<\/div>\t\t\t\t\t\t\t\t<\/div>\n\t\t\t\t<\/div>\n\t\t\t\t\t<\/div>\n\t\t<\/div>\n\t\t\t\t\t<\/div>\n\t\t<\/section>\n\t\t\t\t<div class=\"elementor-element elementor-element-6ab6ba8 elementor-widget elementor-widget-button\" data-id=\"6ab6ba8\" data-element_type=\"widget\" data-e-type=\"widget\" data-widget_type=\"button.default\">\n\t\t\t\t<div class=\"elementor-widget-container\">\n\t\t\t\t\t\t\t\t\t<div class=\"elementor-button-wrapper\">\n\t\t\t\t\t<a class=\"elementor-button elementor-button-link elementor-size-sm\" href=\"https:\/\/www.hotel-les-bains-perros-guirec.fr\/fr\/tourisme-perros-guirec-bretagne.html\">\n\t\t\t\t\t\t<span class=\"elementor-button-content-wrapper\">\n\t\t\t\t\t\t<span class=\"elementor-button-icon\">\n\t\t\t\t<i aria-hidden=\"true\" class=\"eliofont eliofont-arrow-left\"><\/i>\t\t\t<\/span>\n\t\t\t\t\t\t\t\t\t<span class=\"elementor-button-text\">Retour<\/span>\n\t\t\t\t\t<\/span>\n\t\t\t\t\t<\/a>\n\t\t\t\t<\/div>\n\t\t\t\t\t\t\t\t<\/div>\n\t\t\t\t<\/div>\n\t\t\t\t\t<\/div>\n\t\t<\/div>\n\t\t\t\t\t<\/div>\n\t\t<\/section>\n\t\t\t\t<\/div>\n\t\t","protected":false},"excerpt":{"rendered":"<p>Perros Guirec H\u00f4tel H\u00f4tel*** Best Western les Bains Envie de mettre le cap sur Perros Guirec Bretagne ? L&rsquo;h\u00f4tel Best Western les Bains vous attend ! Votre h\u00f4tel 3 \u00e9toiles tout confort sur la C\u00f4te de Granit Rose. Situ\u00e9 \u00e0 30 m\u00e8tres, la Plage de Trestraou et le spa de l\u2019h\u00f4tel sont une invitation \u00e0 [&hellip;]<\/p>\n","protected":false},"author":3,"featured_media":0,"parent":83,"menu_order":0,"comment_status":"closed","ping_status":"closed","template":"","meta":{"inline_featured_image":false,"footnotes":""},"class_list":["post-1426","page","type-page","status-publish","hentry"],"_links":{"self":[{"href":"https:\/\/www.hotel-les-bains-perros-guirec.fr\/fr\/wp-json\/wp\/v2\/pages\/1426","targetHints":{"allow":["GET"]}}],"collection":[{"href":"https:\/\/www.hotel-les-bains-perros-guirec.fr\/fr\/wp-json\/wp\/v2\/pages"}],"about":[{"href":"https:\/\/www.hotel-les-bains-perros-guirec.fr\/fr\/wp-json\/wp\/v2\/types\/page"}],"author":[{"embeddable":true,"href":"https:\/\/www.hotel-les-bains-perros-guirec.fr\/fr\/wp-json\/wp\/v2\/users\/3"}],"replies":[{"embeddable":true,"href":"https:\/\/www.hotel-les-bains-perros-guirec.fr\/fr\/wp-json\/wp\/v2\/comments?post=1426"}],"version-history":[{"count":20,"href":"https:\/\/www.hotel-les-bains-perros-guirec.fr\/fr\/wp-json\/wp\/v2\/pages\/1426\/revisions"}],"predecessor-version":[{"id":3210,"href":"https:\/\/www.hotel-les-bains-perros-guirec.fr\/fr\/wp-json\/wp\/v2\/pages\/1426\/revisions\/3210"}],"up":[{"embeddable":true,"href":"https:\/\/www.hotel-les-bains-perros-guirec.fr\/fr\/wp-json\/wp\/v2\/pages\/83"}],"wp:attachment":[{"href":"https:\/\/www.hotel-les-bains-perros-guirec.fr\/fr\/wp-json\/wp\/v2\/media?parent=1426"}],"curies":[{"name":"wp","href":"https:\/\/api.w.org\/{rel}","templated":true}]}}