{"id":1424,"date":"2022-01-10T17:12:48","date_gmt":"2022-01-10T16:12:48","guid":{"rendered":"https:\/\/www.hotel-les-bains-perros-guirec.fr\/?page_id=1424"},"modified":"2024-02-04T20:49:29","modified_gmt":"2024-02-04T19:49:29","slug":"infos-hotel-perros-guirec","status":"publish","type":"page","link":"https:\/\/www.hotel-les-bains-perros-guirec.fr\/fr\/tourisme-perros-guirec-bretagne\/infos-hotel-perros-guirec.html","title":{"rendered":"H\u00f4tel Perros Guirec"},"content":{"rendered":"\t\t<div data-elementor-type=\"wp-page\" data-elementor-id=\"1424\" class=\"elementor elementor-1424\" data-elementor-post-type=\"page\">\n\t\t\t\t\t\t<section class=\"elementor-section elementor-top-section elementor-element elementor-element-17d208d elementor-section-height-min-height elementor-section-boxed elementor-section-height-default elementor-section-items-middle\" data-id=\"17d208d\" data-element_type=\"section\" data-e-type=\"section\" data-settings=\"{&quot;background_background&quot;:&quot;classic&quot;}\">\n\t\t\t\t\t\t\t<div class=\"elementor-background-overlay\"><\/div>\n\t\t\t\t\t\t\t<div class=\"elementor-container elementor-column-gap-default\">\n\t\t\t\t\t<div class=\"elementor-column elementor-col-100 elementor-top-column elementor-element elementor-element-18a8b4c\" data-id=\"18a8b4c\" data-element_type=\"column\" data-e-type=\"column\">\n\t\t\t<div class=\"elementor-widget-wrap\">\n\t\t\t\t\t\t\t<\/div>\n\t\t<\/div>\n\t\t\t\t\t<\/div>\n\t\t<\/section>\n\t\t\t\t<section class=\"elementor-section elementor-top-section elementor-element elementor-element-a6ebff4 elementor-section-boxed elementor-section-height-default elementor-section-height-default\" data-id=\"a6ebff4\" data-element_type=\"section\" data-e-type=\"section\">\n\t\t\t\t\t\t<div class=\"elementor-container elementor-column-gap-default\">\n\t\t\t\t\t<div class=\"elementor-column elementor-col-100 elementor-top-column elementor-element elementor-element-f390a13\" data-id=\"f390a13\" data-element_type=\"column\" data-e-type=\"column\">\n\t\t\t<div class=\"elementor-widget-wrap elementor-element-populated\">\n\t\t\t\t\t\t<div class=\"elementor-element elementor-element-6fb3149 elementor-widget elementor-widget-heading\" data-id=\"6fb3149\" data-element_type=\"widget\" data-e-type=\"widget\" data-widget_type=\"heading.default\">\n\t\t\t\t<div class=\"elementor-widget-container\">\n\t\t\t\t\t<h1 class=\"elementor-heading-title elementor-size-default\">H\u00f4tel Perros Guirec Vue Mer<\/h1>\t\t\t\t<\/div>\n\t\t\t\t<\/div>\n\t\t\t\t<div class=\"elementor-element elementor-element-9f4ff1c elementor-widget elementor-widget-heading\" data-id=\"9f4ff1c\" data-element_type=\"widget\" data-e-type=\"widget\" data-widget_type=\"heading.default\">\n\t\t\t\t<div class=\"elementor-widget-container\">\n\t\t\t\t\t<h2 class=\"elementor-heading-title elementor-size-default\">D\u00e9couvrez la Bretagne et ses tr\u00e9sors<\/h2>\t\t\t\t<\/div>\n\t\t\t\t<\/div>\n\t\t\t\t<div class=\"elementor-element elementor-element-a4b43a3 elementor-widget-divider--view-line elementor-widget elementor-widget-divider\" data-id=\"a4b43a3\" data-element_type=\"widget\" data-e-type=\"widget\" data-widget_type=\"divider.default\">\n\t\t\t\t<div class=\"elementor-widget-container\">\n\t\t\t\t\t\t\t<div class=\"elementor-divider\">\n\t\t\t<span class=\"elementor-divider-separator\">\n\t\t\t\t\t\t<\/span>\n\t\t<\/div>\n\t\t\t\t\t\t<\/div>\n\t\t\t\t<\/div>\n\t\t\t\t<section class=\"elementor-section elementor-inner-section elementor-element elementor-element-e704274 elementor-section-boxed elementor-section-height-default elementor-section-height-default\" data-id=\"e704274\" data-element_type=\"section\" data-e-type=\"section\">\n\t\t\t\t\t\t<div class=\"elementor-container elementor-column-gap-default\">\n\t\t\t\t\t<div class=\"elementor-column elementor-col-100 elementor-inner-column elementor-element elementor-element-3890343\" data-id=\"3890343\" data-element_type=\"column\" data-e-type=\"column\">\n\t\t\t<div class=\"elementor-widget-wrap elementor-element-populated\">\n\t\t\t\t\t\t<div class=\"elementor-element elementor-element-a1d56c3 elementor-widget elementor-widget-image\" data-id=\"a1d56c3\" data-element_type=\"widget\" data-e-type=\"widget\" data-widget_type=\"image.default\">\n\t\t\t\t<div class=\"elementor-widget-container\">\n\t\t\t\t\t\t\t\t\t\t\t\t\t\t\t<img fetchpriority=\"high\" decoding=\"async\" width=\"800\" height=\"531\" src=\"https:\/\/www.hotel-les-bains-perros-guirec.fr\/wp-content\/uploads\/2021\/12\/reservation-hotel-hotel-les-bains-perros-guirec-56019-1024x680.jpg\" class=\"attachment-large size-large wp-image-118\" alt=\"\" srcset=\"https:\/\/www.hotel-les-bains-perros-guirec.fr\/wp-content\/uploads\/2021\/12\/reservation-hotel-hotel-les-bains-perros-guirec-56019-1024x680.jpg 1024w, https:\/\/www.hotel-les-bains-perros-guirec.fr\/wp-content\/uploads\/2021\/12\/reservation-hotel-hotel-les-bains-perros-guirec-56019-300x199.jpg 300w, https:\/\/www.hotel-les-bains-perros-guirec.fr\/wp-content\/uploads\/2021\/12\/reservation-hotel-hotel-les-bains-perros-guirec-56019-768x510.jpg 768w, https:\/\/www.hotel-les-bains-perros-guirec.fr\/wp-content\/uploads\/2021\/12\/reservation-hotel-hotel-les-bains-perros-guirec-56019-1536x1020.jpg 1536w, https:\/\/www.hotel-les-bains-perros-guirec.fr\/wp-content\/uploads\/2021\/12\/reservation-hotel-hotel-les-bains-perros-guirec-56019-18x12.jpg 18w, https:\/\/www.hotel-les-bains-perros-guirec.fr\/wp-content\/uploads\/2021\/12\/reservation-hotel-hotel-les-bains-perros-guirec-56019.jpg 1920w\" sizes=\"(max-width: 800px) 100vw, 800px\" title=\"\">\t\t\t\t\t\t\t\t\t\t\t\t\t\t\t<\/div>\n\t\t\t\t<\/div>\n\t\t\t\t<div class=\"elementor-element elementor-element-b404579 elementor-widget elementor-widget-text-editor\" data-id=\"b404579\" data-element_type=\"widget\" data-e-type=\"widget\" data-widget_type=\"text-editor.default\">\n\t\t\t\t<div class=\"elementor-widget-container\">\n\t\t\t\t\t\t\t\t\t<div class=\"content\"><p>H\u00f4tel Perros Guirec ? Best Western h\u00f4tel les bains ! Ne cherchez plus votre <strong>h\u00f4tel<a href=\"https:\/\/www.hotel-les-bains-perros-guirec.fr\/fr\/tourisme-perros-guirec-bretagne\/hotel-les-bains.html\"> Perros Guirec<\/a><\/strong> vue mer dans les C\u00f4tes-d\u2019Armor. Nous sommes \u00e0 30 m\u00e8tres de la Plage de Trestraou, cette plage de sable fin s\u2019\u00e9tendant sur 1.4km. Au programme sports nautiques, restaurants et casino ; il y \u00e0 tant \u00e0 faire \u00e0 Perros Guirec ! Admirez les sept \u00eeles au large des c\u00f4tes, que vous pourrez explorer en montant \u00e0 bord des vedettes amarr\u00e9es en fin de digue. Depuis la Plage de Trestraou arpentez le sentier des douaniers aussi connu sous le nom de GR34, qui m\u00eale histoire et nature. Sur le parcours vous pourrez donc d\u00e9couvrir le port naturel de Ploumanac\u2019h, la plage de Saint-Guirec avec son oratoire ou encore la Maison du Littoral et bien plus !<\/p><h3><span style=\"text-decoration: underline;\"><strong>H\u00f4tel Perros Guirec ; nos services :<\/strong><\/span><\/h3><p>Nous proposons \u00e0 l\u2019h\u00f4tel \u00e0 Perros Guirec une vue mer plusieurs services qui sauront vous s\u00e9duire : spa &amp; baln\u00e9oth\u00e9rapie, salle de sport, bar &amp; lounge, business corner &amp; salles de r\u00e9union, blanchisserie, r\u00e9ception 24h\/24, parking libre et gratuit et parking s\u00e9curis\u00e9 24h\/24 payant\u2026 L\u2019h\u00f4tel est accessible PMR et les animaux sont admis. Laisser vous tenter par un s\u00e9jour relaxant et d\u00e9paysant en Bretagne, nous nous occupons de tout !<\/p><h3><span style=\"text-decoration: underline;\"><strong>Comment venir \u00e0 notre h\u00f4tel \u00e0 Perros Guirec ?<\/strong><\/span><\/h3><p><b>En voiture :<\/b><\/p><p><span style=\"color: var( --e-global-color-text ); font-family: var( --e-global-typography-text-font-family ); font-size: var( --e-global-typography-text-font-size ); font-weight: var( --e-global-typography-text-font-weight );\">Depuis Paris : A 10 Paris-Rennes puis prendre la A 81 direction Rennes \/Laval. Passer le<\/span><\/p><p>p\u00e9age, prendre la sortie 1 (N136) puis la N12 et suivre Perros-Guirec Plage de Trestraou.<br \/>Depuis Nantes : A 11 Direction Rennes puis N136 et N12 Suivre Perros-Guirec Plage de Trestraou.<br \/>Coordonn\u00e9es GPS : latitude 48.814947, longitude -3.458832<\/p><p><b>En train :\u00a0<\/b><\/p><p><span style=\"color: var( --e-global-color-text ); font-family: var( --e-global-typography-text-font-family ); font-size: var( --e-global-typography-text-font-size ); font-weight: var( --e-global-typography-text-font-weight );\">Gare de Lannion : 15 minutes<\/span><\/p><p>Gare TGV de Guingamp : 40 minutes (TGV direct Paris-Lannion en juillet\/ao\u00fbt<br \/>puis 15 minutes de la Gare SNCF de Lannion).<\/p><p><b>En avion :<\/b><\/p><p>A\u00e9roport de Brest Guipavas situ\u00e9 \u00e0 1h30 en voiture<br \/>A\u00e9roport de Rennes situ\u00e9 \u00e0 1h45 en voiture<\/p><p>N&rsquo;h\u00e9sitez pas \u00e0 nous contacter !<\/p><\/div>\t\t\t\t\t\t\t\t<\/div>\n\t\t\t\t<\/div>\n\t\t\t\t\t<\/div>\n\t\t<\/div>\n\t\t\t\t\t<\/div>\n\t\t<\/section>\n\t\t\t\t<div class=\"elementor-element elementor-element-6ab6ba8 elementor-widget elementor-widget-button\" data-id=\"6ab6ba8\" data-element_type=\"widget\" data-e-type=\"widget\" data-widget_type=\"button.default\">\n\t\t\t\t<div class=\"elementor-widget-container\">\n\t\t\t\t\t\t\t\t\t<div class=\"elementor-button-wrapper\">\n\t\t\t\t\t<a class=\"elementor-button elementor-button-link elementor-size-sm\" href=\"https:\/\/www.hotel-les-bains-perros-guirec.fr\/fr\/tourisme-perros-guirec-bretagne.html\">\n\t\t\t\t\t\t<span class=\"elementor-button-content-wrapper\">\n\t\t\t\t\t\t<span class=\"elementor-button-icon\">\n\t\t\t\t<i aria-hidden=\"true\" class=\"eliofont eliofont-arrow-left\"><\/i>\t\t\t<\/span>\n\t\t\t\t\t\t\t\t\t<span class=\"elementor-button-text\">Retour<\/span>\n\t\t\t\t\t<\/span>\n\t\t\t\t\t<\/a>\n\t\t\t\t<\/div>\n\t\t\t\t\t\t\t\t<\/div>\n\t\t\t\t<\/div>\n\t\t\t\t\t<\/div>\n\t\t<\/div>\n\t\t\t\t\t<\/div>\n\t\t<\/section>\n\t\t\t\t<\/div>\n\t\t","protected":false},"excerpt":{"rendered":"<p>H\u00f4tel Perros Guirec Vue Mer D\u00e9couvrez la Bretagne et ses tr\u00e9sors H\u00f4tel Perros Guirec ? Best Western h\u00f4tel les bains ! Ne cherchez plus votre h\u00f4tel Perros Guirec vue mer dans les C\u00f4tes-d\u2019Armor. Nous sommes \u00e0 30 m\u00e8tres de la Plage de Trestraou, cette plage de sable fin s\u2019\u00e9tendant sur 1.4km. Au programme sports nautiques, [&hellip;]<\/p>\n","protected":false},"author":3,"featured_media":0,"parent":83,"menu_order":0,"comment_status":"closed","ping_status":"closed","template":"","meta":{"inline_featured_image":false,"footnotes":""},"class_list":["post-1424","page","type-page","status-publish","hentry"],"_links":{"self":[{"href":"https:\/\/www.hotel-les-bains-perros-guirec.fr\/fr\/wp-json\/wp\/v2\/pages\/1424","targetHints":{"allow":["GET"]}}],"collection":[{"href":"https:\/\/www.hotel-les-bains-perros-guirec.fr\/fr\/wp-json\/wp\/v2\/pages"}],"about":[{"href":"https:\/\/www.hotel-les-bains-perros-guirec.fr\/fr\/wp-json\/wp\/v2\/types\/page"}],"author":[{"embeddable":true,"href":"https:\/\/www.hotel-les-bains-perros-guirec.fr\/fr\/wp-json\/wp\/v2\/users\/3"}],"replies":[{"embeddable":true,"href":"https:\/\/www.hotel-les-bains-perros-guirec.fr\/fr\/wp-json\/wp\/v2\/comments?post=1424"}],"version-history":[{"count":34,"href":"https:\/\/www.hotel-les-bains-perros-guirec.fr\/fr\/wp-json\/wp\/v2\/pages\/1424\/revisions"}],"predecessor-version":[{"id":5380,"href":"https:\/\/www.hotel-les-bains-perros-guirec.fr\/fr\/wp-json\/wp\/v2\/pages\/1424\/revisions\/5380"}],"up":[{"embeddable":true,"href":"https:\/\/www.hotel-les-bains-perros-guirec.fr\/fr\/wp-json\/wp\/v2\/pages\/83"}],"wp:attachment":[{"href":"https:\/\/www.hotel-les-bains-perros-guirec.fr\/fr\/wp-json\/wp\/v2\/media?parent=1424"}],"curies":[{"name":"wp","href":"https:\/\/api.w.org\/{rel}","templated":true}]}}