{"id":1423,"date":"2022-01-10T17:12:36","date_gmt":"2022-01-10T16:12:36","guid":{"rendered":"https:\/\/www.hotel-les-bains-perros-guirec.fr\/?page_id=1423"},"modified":"2022-02-18T16:04:44","modified_gmt":"2022-02-18T15:04:44","slug":"hotel-spa-perros-guirec","status":"publish","type":"page","link":"https:\/\/www.hotel-les-bains-perros-guirec.fr\/fr\/tourisme-perros-guirec-bretagne\/hotel-spa-perros-guirec.html","title":{"rendered":"Notre Hotel Spa \u00e0 Perros Guirec"},"content":{"rendered":"\t\t<div data-elementor-type=\"wp-page\" data-elementor-id=\"1423\" class=\"elementor elementor-1423\" data-elementor-post-type=\"page\">\n\t\t\t\t\t\t<section class=\"elementor-section elementor-top-section elementor-element elementor-element-17d208d elementor-section-height-min-height elementor-section-boxed elementor-section-height-default elementor-section-items-middle\" data-id=\"17d208d\" data-element_type=\"section\" data-e-type=\"section\" data-settings=\"{&quot;background_background&quot;:&quot;classic&quot;}\">\n\t\t\t\t\t\t\t<div class=\"elementor-background-overlay\"><\/div>\n\t\t\t\t\t\t\t<div class=\"elementor-container elementor-column-gap-default\">\n\t\t\t\t\t<div class=\"elementor-column elementor-col-100 elementor-top-column elementor-element elementor-element-18a8b4c\" data-id=\"18a8b4c\" data-element_type=\"column\" data-e-type=\"column\">\n\t\t\t<div class=\"elementor-widget-wrap\">\n\t\t\t\t\t\t\t<\/div>\n\t\t<\/div>\n\t\t\t\t\t<\/div>\n\t\t<\/section>\n\t\t\t\t<section class=\"elementor-section elementor-top-section elementor-element elementor-element-a6ebff4 elementor-section-boxed elementor-section-height-default elementor-section-height-default\" data-id=\"a6ebff4\" data-element_type=\"section\" data-e-type=\"section\">\n\t\t\t\t\t\t<div class=\"elementor-container elementor-column-gap-default\">\n\t\t\t\t\t<div class=\"elementor-column elementor-col-100 elementor-top-column elementor-element elementor-element-f390a13\" data-id=\"f390a13\" data-element_type=\"column\" data-e-type=\"column\">\n\t\t\t<div class=\"elementor-widget-wrap elementor-element-populated\">\n\t\t\t\t\t\t<div class=\"elementor-element elementor-element-6fb3149 elementor-widget elementor-widget-heading\" data-id=\"6fb3149\" data-element_type=\"widget\" data-e-type=\"widget\" data-widget_type=\"heading.default\">\n\t\t\t\t<div class=\"elementor-widget-container\">\n\t\t\t\t\t<h1 class=\"elementor-heading-title elementor-size-default\">Notre H\u00f4tel Les Bains \u00e0 Perros Guirec<\/h1>\t\t\t\t<\/div>\n\t\t\t\t<\/div>\n\t\t\t\t<div class=\"elementor-element elementor-element-9f4ff1c elementor-widget elementor-widget-heading\" data-id=\"9f4ff1c\" data-element_type=\"widget\" data-e-type=\"widget\" data-widget_type=\"heading.default\">\n\t\t\t\t<div class=\"elementor-widget-container\">\n\t\t\t\t\t<h2 class=\"elementor-heading-title elementor-size-default\">un h\u00f4tel Spa breton situ\u00e9 au centre de la C\u00f4te de Granit rose<\/h2>\t\t\t\t<\/div>\n\t\t\t\t<\/div>\n\t\t\t\t<div class=\"elementor-element elementor-element-a4b43a3 elementor-widget-divider--view-line elementor-widget elementor-widget-divider\" data-id=\"a4b43a3\" data-element_type=\"widget\" data-e-type=\"widget\" data-widget_type=\"divider.default\">\n\t\t\t\t<div class=\"elementor-widget-container\">\n\t\t\t\t\t\t\t<div class=\"elementor-divider\">\n\t\t\t<span class=\"elementor-divider-separator\">\n\t\t\t\t\t\t<\/span>\n\t\t<\/div>\n\t\t\t\t\t\t<\/div>\n\t\t\t\t<\/div>\n\t\t\t\t<section class=\"elementor-section elementor-inner-section elementor-element elementor-element-e704274 elementor-section-boxed elementor-section-height-default elementor-section-height-default\" data-id=\"e704274\" data-element_type=\"section\" data-e-type=\"section\">\n\t\t\t\t\t\t<div class=\"elementor-container elementor-column-gap-default\">\n\t\t\t\t\t<div class=\"elementor-column elementor-col-100 elementor-inner-column elementor-element elementor-element-3890343\" data-id=\"3890343\" data-element_type=\"column\" data-e-type=\"column\">\n\t\t\t<div class=\"elementor-widget-wrap elementor-element-populated\">\n\t\t\t\t\t\t<div class=\"elementor-element elementor-element-a1d56c3 elementor-widget elementor-widget-image\" data-id=\"a1d56c3\" data-element_type=\"widget\" data-e-type=\"widget\" data-widget_type=\"image.default\">\n\t\t\t\t<div class=\"elementor-widget-container\">\n\t\t\t\t\t\t\t\t\t\t\t\t\t\t\t<img fetchpriority=\"high\" decoding=\"async\" width=\"672\" height=\"410\" src=\"https:\/\/www.hotel-les-bains-perros-guirec.fr\/wp-content\/uploads\/2022\/01\/47c94c3d42dd11849a826758e75f55ae56eec776.jpeg\" class=\"attachment-large size-large wp-image-1296\" alt=\"\" srcset=\"https:\/\/www.hotel-les-bains-perros-guirec.fr\/wp-content\/uploads\/2022\/01\/47c94c3d42dd11849a826758e75f55ae56eec776.jpeg 672w, https:\/\/www.hotel-les-bains-perros-guirec.fr\/wp-content\/uploads\/2022\/01\/47c94c3d42dd11849a826758e75f55ae56eec776-300x183.jpeg 300w, https:\/\/www.hotel-les-bains-perros-guirec.fr\/wp-content\/uploads\/2022\/01\/47c94c3d42dd11849a826758e75f55ae56eec776-18x12.jpeg 18w\" sizes=\"(max-width: 672px) 100vw, 672px\" title=\"\">\t\t\t\t\t\t\t\t\t\t\t\t\t\t\t<\/div>\n\t\t\t\t<\/div>\n\t\t\t\t<div class=\"elementor-element elementor-element-b404579 elementor-widget elementor-widget-text-editor\" data-id=\"b404579\" data-element_type=\"widget\" data-e-type=\"widget\" data-widget_type=\"text-editor.default\">\n\t\t\t\t<div class=\"elementor-widget-container\">\n\t\t\t\t\t\t\t\t\t<div class=\"content\"><p>Entre terre et mer, les rochers teint\u00e9s de rose se dressent en blocs majestueux et atypiques. L\u2019h\u00f4tel Les Bains Perros Guirec, pr\u00e8s de la C\u00f4te de Granit rose, invite \u00e0 la d\u00e9tente, avant de repartir explorer ce paysage grandiose et chim\u00e9rique.<\/p><h3><br \/><span style=\"text-decoration: underline;\"><strong>L\u2019h\u00f4tel Les Bains Perros Guirec, au c\u0153ur de la C\u00f4te de Granit rose<\/strong><\/span><\/h3><p>\u00a0<\/p><p>Perros-Guirec, commune du d\u00e9partement des C\u00f4tes d\u2019Armor, est une station baln\u00e9aire de charme. Les visiteurs s\u2019y attardent volontiers, en raison de sa position privil\u00e9gi\u00e9e au centre d\u2019un site naturel prot\u00e9g\u00e9 : la C\u00f4te de Granit rose. Le meilleur moyen d\u2019en appr\u00e9cier tous les aspects consiste \u00e0 emprunter le sentier des Douaniers. Accessible \u00e0 partir du Best Western H\u00f4tel sur la C\u00f4te de Granit rose, ce parcours longe le front de mer et permet d\u2019admirer les complexes granitiques, vieux de 300 millions d\u2019ann\u00e9es. La pointe de Ploumanac\u2019h se r\u00e9v\u00e8le le point fort du circuit, avec ses impressionnants blocs \u00e9pars formant des ensembles concentriques. Les vents bretons s\u2019infiltrent le long des formes abruptes et \u00e9tranges des rochers, qui tendent au ciel dans une atmosph\u00e8re rose\/orang\u00e9 pleine de douceur. Apr\u00e8s cette promenade, rien de mieux que de retrouver le d\u00e9cor raffin\u00e9 et apaisant du spa du Best Western H\u00f4tel Les Bains Perros-Guirec. Le lieu de d\u00e9tente propose un centre de fitness, un hammam, un jacuzzi et m\u00eame une tisanerie.<\/p><h3><br \/><span style=\"text-decoration: underline;\"><strong>Des curiosit\u00e9s touristiques diversifi\u00e9es<\/strong><\/span><\/h3><p>\u00a0<\/p><p>Situ\u00e9 en bord de mer, l\u2019h\u00f4tel permet d\u2019acc\u00e9der en quelques pas \u00e0 la plage de sable fin de Trestraou. Les amoureux de la nature peuvent embarquer directement \u00e0 destination des 7 \u00eeles, la r\u00e9serve ornithologique la plus importante de France. Quant \u00e0 la jolie commune de Perros-Guirec, au doux parfum d\u2019hortensia, sa fleur embl\u00e9matique, elle offre des curiosit\u00e9s int\u00e9ressantes \u00e0 d\u00e9couvrir : port de p\u00eacheurs typique, vieux quartier de maisons en pierre, moulins \u00e0 mar\u00e9e\u2026 Suivant le cours d\u2019eau du Kerrougant, il est aussi possible d\u2019explorer les pans escarp\u00e9s de la vall\u00e9e des Traou\u00efero. Avant de rejoindre les chambres confortables du Best Western H\u00f4tel de la C\u00f4te de Granit rose, pour un repos bien m\u00e9rit\u00e9\u2026 \u2003<\/p><\/div>\t\t\t\t\t\t\t\t<\/div>\n\t\t\t\t<\/div>\n\t\t\t\t\t<\/div>\n\t\t<\/div>\n\t\t\t\t\t<\/div>\n\t\t<\/section>\n\t\t\t\t<div class=\"elementor-element elementor-element-6ab6ba8 elementor-widget elementor-widget-button\" data-id=\"6ab6ba8\" data-element_type=\"widget\" data-e-type=\"widget\" data-widget_type=\"button.default\">\n\t\t\t\t<div class=\"elementor-widget-container\">\n\t\t\t\t\t\t\t\t\t<div class=\"elementor-button-wrapper\">\n\t\t\t\t\t<a class=\"elementor-button elementor-button-link elementor-size-sm\" href=\"https:\/\/www.hotel-les-bains-perros-guirec.fr\/fr\/tourisme-perros-guirec-bretagne.html\">\n\t\t\t\t\t\t<span class=\"elementor-button-content-wrapper\">\n\t\t\t\t\t\t<span class=\"elementor-button-icon\">\n\t\t\t\t<i aria-hidden=\"true\" class=\"eliofont eliofont-arrow-left\"><\/i>\t\t\t<\/span>\n\t\t\t\t\t\t\t\t\t<span class=\"elementor-button-text\">Retour<\/span>\n\t\t\t\t\t<\/span>\n\t\t\t\t\t<\/a>\n\t\t\t\t<\/div>\n\t\t\t\t\t\t\t\t<\/div>\n\t\t\t\t<\/div>\n\t\t\t\t\t<\/div>\n\t\t<\/div>\n\t\t\t\t\t<\/div>\n\t\t<\/section>\n\t\t\t\t<\/div>\n\t\t","protected":false},"excerpt":{"rendered":"<p>Notre H\u00f4tel Les Bains \u00e0 Perros Guirec un h\u00f4tel Spa breton situ\u00e9 au centre de la C\u00f4te de Granit rose Entre terre et mer, les rochers teint\u00e9s de rose se dressent en blocs majestueux et atypiques. L\u2019h\u00f4tel Les Bains Perros Guirec, pr\u00e8s de la C\u00f4te de Granit rose, invite \u00e0 la d\u00e9tente, avant de repartir [&hellip;]<\/p>\n","protected":false},"author":3,"featured_media":0,"parent":83,"menu_order":0,"comment_status":"closed","ping_status":"closed","template":"","meta":{"inline_featured_image":false,"footnotes":""},"class_list":["post-1423","page","type-page","status-publish","hentry"],"_links":{"self":[{"href":"https:\/\/www.hotel-les-bains-perros-guirec.fr\/fr\/wp-json\/wp\/v2\/pages\/1423","targetHints":{"allow":["GET"]}}],"collection":[{"href":"https:\/\/www.hotel-les-bains-perros-guirec.fr\/fr\/wp-json\/wp\/v2\/pages"}],"about":[{"href":"https:\/\/www.hotel-les-bains-perros-guirec.fr\/fr\/wp-json\/wp\/v2\/types\/page"}],"author":[{"embeddable":true,"href":"https:\/\/www.hotel-les-bains-perros-guirec.fr\/fr\/wp-json\/wp\/v2\/users\/3"}],"replies":[{"embeddable":true,"href":"https:\/\/www.hotel-les-bains-perros-guirec.fr\/fr\/wp-json\/wp\/v2\/comments?post=1423"}],"version-history":[{"count":22,"href":"https:\/\/www.hotel-les-bains-perros-guirec.fr\/fr\/wp-json\/wp\/v2\/pages\/1423\/revisions"}],"predecessor-version":[{"id":3195,"href":"https:\/\/www.hotel-les-bains-perros-guirec.fr\/fr\/wp-json\/wp\/v2\/pages\/1423\/revisions\/3195"}],"up":[{"embeddable":true,"href":"https:\/\/www.hotel-les-bains-perros-guirec.fr\/fr\/wp-json\/wp\/v2\/pages\/83"}],"wp:attachment":[{"href":"https:\/\/www.hotel-les-bains-perros-guirec.fr\/fr\/wp-json\/wp\/v2\/media?parent=1423"}],"curies":[{"name":"wp","href":"https:\/\/api.w.org\/{rel}","templated":true}]}}