{"id":1422,"date":"2022-01-10T17:12:28","date_gmt":"2022-01-10T16:12:28","guid":{"rendered":"https:\/\/www.hotel-les-bains-perros-guirec.fr\/?page_id=1422"},"modified":"2022-02-18T15:55:46","modified_gmt":"2022-02-18T14:55:46","slug":"hotel-charme-perros-guirec","status":"publish","type":"page","link":"https:\/\/www.hotel-les-bains-perros-guirec.fr\/fr\/tourisme-perros-guirec-bretagne\/hotel-charme-perros-guirec.html","title":{"rendered":"H\u00f4tel de charme \u00e0 Perros-Guirec"},"content":{"rendered":"\t\t<div data-elementor-type=\"wp-page\" data-elementor-id=\"1422\" class=\"elementor elementor-1422\" data-elementor-post-type=\"page\">\n\t\t\t\t\t\t<section class=\"elementor-section elementor-top-section elementor-element elementor-element-17d208d elementor-section-height-min-height elementor-section-boxed elementor-section-height-default elementor-section-items-middle\" data-id=\"17d208d\" data-element_type=\"section\" data-e-type=\"section\" data-settings=\"{&quot;background_background&quot;:&quot;classic&quot;}\">\n\t\t\t\t\t\t\t<div class=\"elementor-background-overlay\"><\/div>\n\t\t\t\t\t\t\t<div class=\"elementor-container elementor-column-gap-default\">\n\t\t\t\t\t<div class=\"elementor-column elementor-col-100 elementor-top-column elementor-element elementor-element-18a8b4c\" data-id=\"18a8b4c\" data-element_type=\"column\" data-e-type=\"column\">\n\t\t\t<div class=\"elementor-widget-wrap\">\n\t\t\t\t\t\t\t<\/div>\n\t\t<\/div>\n\t\t\t\t\t<\/div>\n\t\t<\/section>\n\t\t\t\t<section class=\"elementor-section elementor-top-section elementor-element elementor-element-a6ebff4 elementor-section-boxed elementor-section-height-default elementor-section-height-default\" data-id=\"a6ebff4\" data-element_type=\"section\" data-e-type=\"section\">\n\t\t\t\t\t\t<div class=\"elementor-container elementor-column-gap-default\">\n\t\t\t\t\t<div class=\"elementor-column elementor-col-100 elementor-top-column elementor-element elementor-element-f390a13\" data-id=\"f390a13\" data-element_type=\"column\" data-e-type=\"column\">\n\t\t\t<div class=\"elementor-widget-wrap elementor-element-populated\">\n\t\t\t\t\t\t<div class=\"elementor-element elementor-element-6fb3149 elementor-widget elementor-widget-heading\" data-id=\"6fb3149\" data-element_type=\"widget\" data-e-type=\"widget\" data-widget_type=\"heading.default\">\n\t\t\t\t<div class=\"elementor-widget-container\">\n\t\t\t\t\t<h1 class=\"elementor-heading-title elementor-size-default\">H\u00f4tel de luxe \u00e0 Perros-Guirec<\/h1>\t\t\t\t<\/div>\n\t\t\t\t<\/div>\n\t\t\t\t<div class=\"elementor-element elementor-element-9f4ff1c elementor-widget elementor-widget-heading\" data-id=\"9f4ff1c\" data-element_type=\"widget\" data-e-type=\"widget\" data-widget_type=\"heading.default\">\n\t\t\t\t<div class=\"elementor-widget-container\">\n\t\t\t\t\t<h2 class=\"elementor-heading-title elementor-size-default\">bien-\u00eatre et d\u00e9couverte des C\u00f4tes d\u2019Armor<\/h2>\t\t\t\t<\/div>\n\t\t\t\t<\/div>\n\t\t\t\t<div class=\"elementor-element elementor-element-a4b43a3 elementor-widget-divider--view-line elementor-widget elementor-widget-divider\" data-id=\"a4b43a3\" data-element_type=\"widget\" data-e-type=\"widget\" data-widget_type=\"divider.default\">\n\t\t\t\t<div class=\"elementor-widget-container\">\n\t\t\t\t\t\t\t<div class=\"elementor-divider\">\n\t\t\t<span class=\"elementor-divider-separator\">\n\t\t\t\t\t\t<\/span>\n\t\t<\/div>\n\t\t\t\t\t\t<\/div>\n\t\t\t\t<\/div>\n\t\t\t\t<section class=\"elementor-section elementor-inner-section elementor-element elementor-element-e704274 elementor-section-boxed elementor-section-height-default elementor-section-height-default\" data-id=\"e704274\" data-element_type=\"section\" data-e-type=\"section\">\n\t\t\t\t\t\t<div class=\"elementor-container elementor-column-gap-default\">\n\t\t\t\t\t<div class=\"elementor-column elementor-col-100 elementor-inner-column elementor-element elementor-element-3890343\" data-id=\"3890343\" data-element_type=\"column\" data-e-type=\"column\">\n\t\t\t<div class=\"elementor-widget-wrap elementor-element-populated\">\n\t\t\t\t\t\t<div class=\"elementor-element elementor-element-a1d56c3 elementor-widget elementor-widget-image\" data-id=\"a1d56c3\" data-element_type=\"widget\" data-e-type=\"widget\" data-widget_type=\"image.default\">\n\t\t\t\t<div class=\"elementor-widget-container\">\n\t\t\t\t\t\t\t\t\t\t\t\t\t\t\t<img fetchpriority=\"high\" decoding=\"async\" width=\"672\" height=\"410\" src=\"https:\/\/www.hotel-les-bains-perros-guirec.fr\/wp-content\/uploads\/2022\/01\/0bd7b93f70c50003e29b5dd253a1bf1049b996c0.jpeg\" class=\"attachment-large size-large wp-image-1295\" alt=\"\" srcset=\"https:\/\/www.hotel-les-bains-perros-guirec.fr\/wp-content\/uploads\/2022\/01\/0bd7b93f70c50003e29b5dd253a1bf1049b996c0.jpeg 672w, https:\/\/www.hotel-les-bains-perros-guirec.fr\/wp-content\/uploads\/2022\/01\/0bd7b93f70c50003e29b5dd253a1bf1049b996c0-300x183.jpeg 300w, https:\/\/www.hotel-les-bains-perros-guirec.fr\/wp-content\/uploads\/2022\/01\/0bd7b93f70c50003e29b5dd253a1bf1049b996c0-18x12.jpeg 18w\" sizes=\"(max-width: 672px) 100vw, 672px\" title=\"\">\t\t\t\t\t\t\t\t\t\t\t\t\t\t\t<\/div>\n\t\t\t\t<\/div>\n\t\t\t\t<div class=\"elementor-element elementor-element-b404579 elementor-widget elementor-widget-text-editor\" data-id=\"b404579\" data-element_type=\"widget\" data-e-type=\"widget\" data-widget_type=\"text-editor.default\">\n\t\t\t\t<div class=\"elementor-widget-container\">\n\t\t\t\t\t\t\t\t\t<div class=\"content\"><p>Relaxation et curiosit\u00e9s touristiques sont au programme d\u2019un s\u00e9jour au Best Western Perros-Guirec h\u00f4tel de luxe. La plage de sable fin de Trestraou et le spa de l\u2019h\u00f4tel invitent \u00e0 la relaxation, tandis que les nombreuses \u00eeles et la c\u00e9l\u00e8bre c\u00f4te bretonne de granit rose \u00e9merveillent les curieux.<\/p><p>\u00a0<\/p><h3><span style=\"text-decoration: underline;\"><strong>Un h\u00f4tel de charme \u00e0 Perros Guirec d\u00e9di\u00e9 \u00e0 la d\u00e9tente<\/strong><\/span><\/h3><p>\u00a0<\/p><p>Perros-Guirec est une ravissante commune du d\u00e9partement des C\u00f4tes d\u2019Armor, qui sent bon l\u2019hortensia, sa fleur embl\u00e9matique. Cette station baln\u00e9aire se distingue par ses bourgs, ses moulins \u00e0 mar\u00e9e et ses ports de p\u00eache typiques. Dans cette atmosph\u00e8re apaisante, les visiteurs peuvent profiter de bains de soleil sur la plage de Trestraou, avant de rejoindre l\u2019h\u00f4tel de charme Perros-Guirec, situ\u00e9 juste derri\u00e8re le front de mer. La r\u00e9sidence apporte confort et calme, gr\u00e2ce \u00e0 ses chambres au d\u00e9cor moderne et aux couleurs tendres. Pour un moment de d\u00e9tente, il suffit de rejoindre l\u2019ambiance raffin\u00e9e du centre de bien-\u00eatre, pour d\u00e9guster une tisane, apr\u00e8s un massage relaxant. Le spa comprend un centre de fitness, un jacuzzi et un hammam.<\/p><h3><br \/><span style=\"text-decoration: underline;\"><strong>Un h\u00f4tel au c\u0153ur de la C\u00f4te de Granit rose<\/strong><\/span><\/h3><p>\u00a0<\/p><p>A la sortie du Best western Perros-Guirec h\u00f4tel de luxe, un paysage surnaturel s\u2019offre aux regards \u00e9tonn\u00e9s des visiteurs. Il suffit d\u2019emprunter le sentier des Douaniers et de longer les 9 kilom\u00e8tres de la C\u00f4te de Granit rose. Des rochers lourds aux formes insolites s\u2019\u00e9parpillent entre terre et mer, dans un paysage teint\u00e9 de rose. Point culminant de la promenade, le fameux bourg de Ploumanac\u2019h, avec ses impressionnants granits, vieux de 300 millions d\u2019ann\u00e9es. Les amateurs d\u2019oiseaux marins n\u2019ont qu\u2019\u00e0 rejoindre l\u2019embarcad\u00e8re, \u00e0 deux pas de l\u2019h\u00f4tel, pour explorer les 7 \u00eeles, r\u00e9serve ornithologique r\u00e9put\u00e9e. D\u2019autres \u00eeles merveilleuses comme l\u2019\u00eele de Br\u00e9hat, dite terre de fleurs, invitent les amoureux de la nature \u00e0 embarquer pour une croisi\u00e8re en mer bretonne. Apr\u00e8s toutes ces activit\u00e9s, le confort de l\u2019h\u00f4tel de charme Perros Guirec apporte l\u2019apaisement aux plus fatigu\u00e9s. \u2003<\/p><\/div>\t\t\t\t\t\t\t\t<\/div>\n\t\t\t\t<\/div>\n\t\t\t\t\t<\/div>\n\t\t<\/div>\n\t\t\t\t\t<\/div>\n\t\t<\/section>\n\t\t\t\t<div class=\"elementor-element elementor-element-6ab6ba8 elementor-widget elementor-widget-button\" data-id=\"6ab6ba8\" data-element_type=\"widget\" data-e-type=\"widget\" data-widget_type=\"button.default\">\n\t\t\t\t<div class=\"elementor-widget-container\">\n\t\t\t\t\t\t\t\t\t<div class=\"elementor-button-wrapper\">\n\t\t\t\t\t<a class=\"elementor-button elementor-button-link elementor-size-sm\" href=\"https:\/\/www.hotel-les-bains-perros-guirec.fr\/fr\/tourisme-perros-guirec-bretagne.html\">\n\t\t\t\t\t\t<span class=\"elementor-button-content-wrapper\">\n\t\t\t\t\t\t<span class=\"elementor-button-icon\">\n\t\t\t\t<i aria-hidden=\"true\" class=\"eliofont eliofont-arrow-left\"><\/i>\t\t\t<\/span>\n\t\t\t\t\t\t\t\t\t<span class=\"elementor-button-text\">Retour<\/span>\n\t\t\t\t\t<\/span>\n\t\t\t\t\t<\/a>\n\t\t\t\t<\/div>\n\t\t\t\t\t\t\t\t<\/div>\n\t\t\t\t<\/div>\n\t\t\t\t\t<\/div>\n\t\t<\/div>\n\t\t\t\t\t<\/div>\n\t\t<\/section>\n\t\t\t\t<\/div>\n\t\t","protected":false},"excerpt":{"rendered":"<p>H\u00f4tel de luxe \u00e0 Perros-Guirec bien-\u00eatre et d\u00e9couverte des C\u00f4tes d\u2019Armor Relaxation et curiosit\u00e9s touristiques sont au programme d\u2019un s\u00e9jour au Best Western Perros-Guirec h\u00f4tel de luxe. La plage de sable fin de Trestraou et le spa de l\u2019h\u00f4tel invitent \u00e0 la relaxation, tandis que les nombreuses \u00eeles et la c\u00e9l\u00e8bre c\u00f4te bretonne de granit [&hellip;]<\/p>\n","protected":false},"author":3,"featured_media":0,"parent":83,"menu_order":0,"comment_status":"closed","ping_status":"closed","template":"","meta":{"inline_featured_image":false,"footnotes":""},"class_list":["post-1422","page","type-page","status-publish","hentry"],"_links":{"self":[{"href":"https:\/\/www.hotel-les-bains-perros-guirec.fr\/fr\/wp-json\/wp\/v2\/pages\/1422","targetHints":{"allow":["GET"]}}],"collection":[{"href":"https:\/\/www.hotel-les-bains-perros-guirec.fr\/fr\/wp-json\/wp\/v2\/pages"}],"about":[{"href":"https:\/\/www.hotel-les-bains-perros-guirec.fr\/fr\/wp-json\/wp\/v2\/types\/page"}],"author":[{"embeddable":true,"href":"https:\/\/www.hotel-les-bains-perros-guirec.fr\/fr\/wp-json\/wp\/v2\/users\/3"}],"replies":[{"embeddable":true,"href":"https:\/\/www.hotel-les-bains-perros-guirec.fr\/fr\/wp-json\/wp\/v2\/comments?post=1422"}],"version-history":[{"count":22,"href":"https:\/\/www.hotel-les-bains-perros-guirec.fr\/fr\/wp-json\/wp\/v2\/pages\/1422\/revisions"}],"predecessor-version":[{"id":3189,"href":"https:\/\/www.hotel-les-bains-perros-guirec.fr\/fr\/wp-json\/wp\/v2\/pages\/1422\/revisions\/3189"}],"up":[{"embeddable":true,"href":"https:\/\/www.hotel-les-bains-perros-guirec.fr\/fr\/wp-json\/wp\/v2\/pages\/83"}],"wp:attachment":[{"href":"https:\/\/www.hotel-les-bains-perros-guirec.fr\/fr\/wp-json\/wp\/v2\/media?parent=1422"}],"curies":[{"name":"wp","href":"https:\/\/api.w.org\/{rel}","templated":true}]}}