{"id":1417,"date":"2022-01-10T17:08:49","date_gmt":"2022-01-10T16:08:49","guid":{"rendered":"https:\/\/www.hotel-les-bains-perros-guirec.fr\/?page_id=1417"},"modified":"2022-02-18T15:57:07","modified_gmt":"2022-02-18T14:57:07","slug":"best-western-hotel-les-bains-perros-guirec","status":"publish","type":"page","link":"https:\/\/www.hotel-les-bains-perros-guirec.fr\/fr\/tourisme-perros-guirec-bretagne\/best-western-hotel-les-bains-perros-guirec.html","title":{"rendered":"Le Best Western H\u00f4tel Les Bains Perros-Guirec"},"content":{"rendered":"\t\t<div data-elementor-type=\"wp-page\" data-elementor-id=\"1417\" class=\"elementor elementor-1417\" data-elementor-post-type=\"page\">\n\t\t\t\t\t\t<section class=\"elementor-section elementor-top-section elementor-element elementor-element-17d208d elementor-section-height-min-height elementor-section-boxed elementor-section-height-default elementor-section-items-middle\" data-id=\"17d208d\" data-element_type=\"section\" data-e-type=\"section\" data-settings=\"{&quot;background_background&quot;:&quot;classic&quot;}\">\n\t\t\t\t\t\t\t<div class=\"elementor-background-overlay\"><\/div>\n\t\t\t\t\t\t\t<div class=\"elementor-container elementor-column-gap-default\">\n\t\t\t\t\t<div class=\"elementor-column elementor-col-100 elementor-top-column elementor-element elementor-element-18a8b4c\" data-id=\"18a8b4c\" data-element_type=\"column\" data-e-type=\"column\">\n\t\t\t<div class=\"elementor-widget-wrap\">\n\t\t\t\t\t\t\t<\/div>\n\t\t<\/div>\n\t\t\t\t\t<\/div>\n\t\t<\/section>\n\t\t\t\t<section class=\"elementor-section elementor-top-section elementor-element elementor-element-a6ebff4 elementor-section-boxed elementor-section-height-default elementor-section-height-default\" data-id=\"a6ebff4\" data-element_type=\"section\" data-e-type=\"section\">\n\t\t\t\t\t\t<div class=\"elementor-container elementor-column-gap-default\">\n\t\t\t\t\t<div class=\"elementor-column elementor-col-100 elementor-top-column elementor-element elementor-element-f390a13\" data-id=\"f390a13\" data-element_type=\"column\" data-e-type=\"column\">\n\t\t\t<div class=\"elementor-widget-wrap elementor-element-populated\">\n\t\t\t\t\t\t<div class=\"elementor-element elementor-element-6fb3149 elementor-widget elementor-widget-heading\" data-id=\"6fb3149\" data-element_type=\"widget\" data-e-type=\"widget\" data-widget_type=\"heading.default\">\n\t\t\t\t<div class=\"elementor-widget-container\">\n\t\t\t\t\t<h1 class=\"elementor-heading-title elementor-size-default\">Le Best Western H\u00f4tel Les Bains Perros-Guirec<\/h1>\t\t\t\t<\/div>\n\t\t\t\t<\/div>\n\t\t\t\t<div class=\"elementor-element elementor-element-9f4ff1c elementor-widget elementor-widget-heading\" data-id=\"9f4ff1c\" data-element_type=\"widget\" data-e-type=\"widget\" data-widget_type=\"heading.default\">\n\t\t\t\t<div class=\"elementor-widget-container\">\n\t\t\t\t\t<h2 class=\"elementor-heading-title elementor-size-default\">un h\u00f4tel Best Western chaleureux au c\u0153ur des C\u00f4tes d\u2019Armor<\/h2>\t\t\t\t<\/div>\n\t\t\t\t<\/div>\n\t\t\t\t<div class=\"elementor-element elementor-element-a4b43a3 elementor-widget-divider--view-line elementor-widget elementor-widget-divider\" data-id=\"a4b43a3\" data-element_type=\"widget\" data-e-type=\"widget\" data-widget_type=\"divider.default\">\n\t\t\t\t<div class=\"elementor-widget-container\">\n\t\t\t\t\t\t\t<div class=\"elementor-divider\">\n\t\t\t<span class=\"elementor-divider-separator\">\n\t\t\t\t\t\t<\/span>\n\t\t<\/div>\n\t\t\t\t\t\t<\/div>\n\t\t\t\t<\/div>\n\t\t\t\t<section class=\"elementor-section elementor-inner-section elementor-element elementor-element-e704274 elementor-section-boxed elementor-section-height-default elementor-section-height-default\" data-id=\"e704274\" data-element_type=\"section\" data-e-type=\"section\">\n\t\t\t\t\t\t<div class=\"elementor-container elementor-column-gap-default\">\n\t\t\t\t\t<div class=\"elementor-column elementor-col-100 elementor-inner-column elementor-element elementor-element-3890343\" data-id=\"3890343\" data-element_type=\"column\" data-e-type=\"column\">\n\t\t\t<div class=\"elementor-widget-wrap elementor-element-populated\">\n\t\t\t\t\t\t<div class=\"elementor-element elementor-element-a1d56c3 elementor-widget elementor-widget-image\" data-id=\"a1d56c3\" data-element_type=\"widget\" data-e-type=\"widget\" data-widget_type=\"image.default\">\n\t\t\t\t<div class=\"elementor-widget-container\">\n\t\t\t\t\t\t\t\t\t\t\t\t\t\t\t<img fetchpriority=\"high\" decoding=\"async\" width=\"672\" height=\"410\" src=\"https:\/\/www.hotel-les-bains-perros-guirec.fr\/wp-content\/uploads\/2022\/01\/287401a3a74b31a7a6fefd9437c672ffbaea204e.jpeg\" class=\"attachment-large size-large wp-image-1294\" alt=\"\" srcset=\"https:\/\/www.hotel-les-bains-perros-guirec.fr\/wp-content\/uploads\/2022\/01\/287401a3a74b31a7a6fefd9437c672ffbaea204e.jpeg 672w, https:\/\/www.hotel-les-bains-perros-guirec.fr\/wp-content\/uploads\/2022\/01\/287401a3a74b31a7a6fefd9437c672ffbaea204e-300x183.jpeg 300w, https:\/\/www.hotel-les-bains-perros-guirec.fr\/wp-content\/uploads\/2022\/01\/287401a3a74b31a7a6fefd9437c672ffbaea204e-18x12.jpeg 18w\" sizes=\"(max-width: 672px) 100vw, 672px\" title=\"\">\t\t\t\t\t\t\t\t\t\t\t\t\t\t\t<\/div>\n\t\t\t\t<\/div>\n\t\t\t\t<div class=\"elementor-element elementor-element-b404579 elementor-widget elementor-widget-text-editor\" data-id=\"b404579\" data-element_type=\"widget\" data-e-type=\"widget\" data-widget_type=\"text-editor.default\">\n\t\t\t\t<div class=\"elementor-widget-container\">\n\t\t\t\t\t\t\t\t\t<div class=\"content\"><p>Install\u00e9 en bord de mer, l&rsquo;h\u00f4tel Best Western Perros-Guirec se r\u00e9v\u00e8le un havre de d\u00e9tente et de confort. Il se situe pr\u00e8s de la c\u00f4te de Granit rose, un c\u00e9l\u00e8bre site naturel prot\u00e9g\u00e9 de la Bretagne, qui invite \u00e0 la contemplation, avec ses rocs aux formes insolites, entre terre et mer.<\/p><p>\u00a0<\/p><h3><span style=\"text-decoration: underline;\"><strong>L\u2019h\u00f4tel Best Western Perros-Guirec, au centre de paysages majestueux<\/strong><\/span><\/h3><p>\u00a0<\/p><p>Perros-Guirec, commune du d\u00e9partement des C\u00f4tes d\u2019Armor, est une station baln\u00e9aire de charme. Les visiteurs s\u2019y attardent volontiers, en raison de sa position privil\u00e9gi\u00e9e au c\u0153ur d\u2019un site naturel grandiose : la C\u00f4te de Granit rose. Tant\u00f4t surgissant des flots, tant\u00f4t arrim\u00e9s \u00e0 la terre, d\u2019\u00e9normes rochers pars\u00e8ment les c\u00f4tes. Le soleil \u00e9claire subtilement le rose du granit, tandis que les vents bretons caressent les angles improbables de ces rocs impressionnants.<\/p><p>Il est possible de contempler ce paysage irr\u00e9el, en empruntant le sentier des Douaniers. Accessible \u00e0 partir du Best Western H\u00f4tel Perros-Guirec, ce chemin longe la superbe C\u00f4te de Granit rose. La promenade achev\u00e9e, le spa de l\u2019h\u00f4tel permet de se relaxer dans une atmosph\u00e8re de bien-\u00eatre, avec au programme massages, soins et centre de fitness.<\/p><p>\u00a0<\/p><h3><span style=\"text-decoration: underline;\"><strong>Des activit\u00e9s multiples<\/strong><\/span><\/h3><p>\u00a0<\/p><p>Apr\u00e8s une nuit de repos bien m\u00e9rit\u00e9e dans l\u2019une des chambres confortables de l\u2019h\u00f4tel Perros-Guirec, les visiteurs peuvent profiter d\u2019un bain de mer. Situ\u00e9 \u00e0 40 m\u00e8tres de l\u2019h\u00f4tel, la plage de sable fin de Trestraou invite au farniente. L\u2019embarcad\u00e8re situ\u00e9 sur ce banc de sable permet d\u2019embarquer \u00e0 destination des 7 \u00eeles, une importante r\u00e9serve ornithologique. Apr\u00e8s cette visite, les plus sportifs peuvent profiter du golf 18 trous, \u00e0 10 minutes de l\u2019h\u00f4tel, tandis que les familles seront ravies de d\u00e9couvrir le village gaulois de Pleumeur-Baudou. Ces activit\u00e9s termin\u00e9es, la journ\u00e9e se termine en apoth\u00e9ose, avec le coucher de soleil teintant d\u2019orang\u00e9 le rose du complexe granitique exceptionnel du site de Ploumanac\u2019h.<\/p><\/div>\t\t\t\t\t\t\t\t<\/div>\n\t\t\t\t<\/div>\n\t\t\t\t\t<\/div>\n\t\t<\/div>\n\t\t\t\t\t<\/div>\n\t\t<\/section>\n\t\t\t\t<div class=\"elementor-element elementor-element-6ab6ba8 elementor-widget elementor-widget-button\" data-id=\"6ab6ba8\" data-element_type=\"widget\" data-e-type=\"widget\" data-widget_type=\"button.default\">\n\t\t\t\t<div class=\"elementor-widget-container\">\n\t\t\t\t\t\t\t\t\t<div class=\"elementor-button-wrapper\">\n\t\t\t\t\t<a class=\"elementor-button elementor-button-link elementor-size-sm\" href=\"https:\/\/www.hotel-les-bains-perros-guirec.fr\/fr\/tourisme-perros-guirec-bretagne.html\">\n\t\t\t\t\t\t<span class=\"elementor-button-content-wrapper\">\n\t\t\t\t\t\t<span class=\"elementor-button-icon\">\n\t\t\t\t<i aria-hidden=\"true\" class=\"eliofont eliofont-arrow-left\"><\/i>\t\t\t<\/span>\n\t\t\t\t\t\t\t\t\t<span class=\"elementor-button-text\">Retour<\/span>\n\t\t\t\t\t<\/span>\n\t\t\t\t\t<\/a>\n\t\t\t\t<\/div>\n\t\t\t\t\t\t\t\t<\/div>\n\t\t\t\t<\/div>\n\t\t\t\t\t<\/div>\n\t\t<\/div>\n\t\t\t\t\t<\/div>\n\t\t<\/section>\n\t\t\t\t<\/div>\n\t\t","protected":false},"excerpt":{"rendered":"<p>Le Best Western H\u00f4tel Les Bains Perros-Guirec un h\u00f4tel Best Western chaleureux au c\u0153ur des C\u00f4tes d\u2019Armor Install\u00e9 en bord de mer, l&rsquo;h\u00f4tel Best Western Perros-Guirec se r\u00e9v\u00e8le un havre de d\u00e9tente et de confort. Il se situe pr\u00e8s de la c\u00f4te de Granit rose, un c\u00e9l\u00e8bre site naturel prot\u00e9g\u00e9 de la Bretagne, qui invite [&hellip;]<\/p>\n","protected":false},"author":3,"featured_media":0,"parent":83,"menu_order":0,"comment_status":"closed","ping_status":"closed","template":"","meta":{"inline_featured_image":false,"footnotes":""},"class_list":["post-1417","page","type-page","status-publish","hentry"],"_links":{"self":[{"href":"https:\/\/www.hotel-les-bains-perros-guirec.fr\/fr\/wp-json\/wp\/v2\/pages\/1417","targetHints":{"allow":["GET"]}}],"collection":[{"href":"https:\/\/www.hotel-les-bains-perros-guirec.fr\/fr\/wp-json\/wp\/v2\/pages"}],"about":[{"href":"https:\/\/www.hotel-les-bains-perros-guirec.fr\/fr\/wp-json\/wp\/v2\/types\/page"}],"author":[{"embeddable":true,"href":"https:\/\/www.hotel-les-bains-perros-guirec.fr\/fr\/wp-json\/wp\/v2\/users\/3"}],"replies":[{"embeddable":true,"href":"https:\/\/www.hotel-les-bains-perros-guirec.fr\/fr\/wp-json\/wp\/v2\/comments?post=1417"}],"version-history":[{"count":25,"href":"https:\/\/www.hotel-les-bains-perros-guirec.fr\/fr\/wp-json\/wp\/v2\/pages\/1417\/revisions"}],"predecessor-version":[{"id":3192,"href":"https:\/\/www.hotel-les-bains-perros-guirec.fr\/fr\/wp-json\/wp\/v2\/pages\/1417\/revisions\/3192"}],"up":[{"embeddable":true,"href":"https:\/\/www.hotel-les-bains-perros-guirec.fr\/fr\/wp-json\/wp\/v2\/pages\/83"}],"wp:attachment":[{"href":"https:\/\/www.hotel-les-bains-perros-guirec.fr\/fr\/wp-json\/wp\/v2\/media?parent=1417"}],"curies":[{"name":"wp","href":"https:\/\/api.w.org\/{rel}","templated":true}]}}