{"id":1334,"date":"2022-01-10T12:06:31","date_gmt":"2022-01-10T11:06:31","guid":{"rendered":"https:\/\/www.hotel-les-bains-perros-guirec.fr\/?page_id=1334"},"modified":"2022-02-18T16:43:02","modified_gmt":"2022-02-18T15:43:02","slug":"tourisme-ploumanach","status":"publish","type":"page","link":"https:\/\/www.hotel-les-bains-perros-guirec.fr\/fr\/bretagne\/tourisme-ploumanach.html","title":{"rendered":"Ploumanac&rsquo;h"},"content":{"rendered":"\t\t<div data-elementor-type=\"wp-page\" data-elementor-id=\"1334\" class=\"elementor elementor-1334\" data-elementor-post-type=\"page\">\n\t\t\t\t\t\t<section class=\"elementor-section elementor-top-section elementor-element elementor-element-17d208d elementor-section-height-min-height elementor-section-boxed elementor-section-height-default elementor-section-items-middle\" data-id=\"17d208d\" data-element_type=\"section\" data-e-type=\"section\" data-settings=\"{&quot;background_background&quot;:&quot;classic&quot;}\">\n\t\t\t\t\t\t\t<div class=\"elementor-background-overlay\"><\/div>\n\t\t\t\t\t\t\t<div class=\"elementor-container elementor-column-gap-default\">\n\t\t\t\t\t<div class=\"elementor-column elementor-col-100 elementor-top-column elementor-element elementor-element-18a8b4c\" data-id=\"18a8b4c\" data-element_type=\"column\" data-e-type=\"column\">\n\t\t\t<div class=\"elementor-widget-wrap elementor-element-populated\">\n\t\t\t\t\t\t<div class=\"elementor-element elementor-element-7382756 elementor-widget elementor-widget-heading\" data-id=\"7382756\" data-element_type=\"widget\" data-e-type=\"widget\" data-widget_type=\"heading.default\">\n\t\t\t\t<div class=\"elementor-widget-container\">\n\t\t\t\t\t<h1 class=\"elementor-heading-title elementor-size-default\">Ploumanac&rsquo;h<\/h1>\t\t\t\t<\/div>\n\t\t\t\t<\/div>\n\t\t\t\t\t<\/div>\n\t\t<\/div>\n\t\t\t\t\t<\/div>\n\t\t<\/section>\n\t\t\t\t<section class=\"elementor-section elementor-top-section elementor-element elementor-element-a6ebff4 elementor-section-boxed elementor-section-height-default elementor-section-height-default\" data-id=\"a6ebff4\" data-element_type=\"section\" data-e-type=\"section\">\n\t\t\t\t\t\t<div class=\"elementor-container elementor-column-gap-default\">\n\t\t\t\t\t<div class=\"elementor-column elementor-col-100 elementor-top-column elementor-element elementor-element-f390a13\" data-id=\"f390a13\" data-element_type=\"column\" data-e-type=\"column\">\n\t\t\t<div class=\"elementor-widget-wrap elementor-element-populated\">\n\t\t\t\t\t\t<div class=\"elementor-element elementor-element-6fb3149 elementor-widget elementor-widget-heading\" data-id=\"6fb3149\" data-element_type=\"widget\" data-e-type=\"widget\" data-widget_type=\"heading.default\">\n\t\t\t\t<div class=\"elementor-widget-container\">\n\t\t\t\t\t<h2 class=\"elementor-heading-title elementor-size-default\">S\u00e9jour \u00e0 Ploumanac\u2019h<\/h2>\t\t\t\t<\/div>\n\t\t\t\t<\/div>\n\t\t\t\t<div class=\"elementor-element elementor-element-9f4ff1c elementor-widget elementor-widget-heading\" data-id=\"9f4ff1c\" data-element_type=\"widget\" data-e-type=\"widget\" data-widget_type=\"heading.default\">\n\t\t\t\t<div class=\"elementor-widget-container\">\n\t\t\t\t\t<h3 class=\"elementor-heading-title elementor-size-default\">\u00c0 4 kilom\u00e8tres de notre h\u00f4tel<\/h3>\t\t\t\t<\/div>\n\t\t\t\t<\/div>\n\t\t\t\t<div class=\"elementor-element elementor-element-a4b43a3 elementor-widget-divider--view-line elementor-widget elementor-widget-divider\" data-id=\"a4b43a3\" data-element_type=\"widget\" data-e-type=\"widget\" data-widget_type=\"divider.default\">\n\t\t\t\t<div class=\"elementor-widget-container\">\n\t\t\t\t\t\t\t<div class=\"elementor-divider\">\n\t\t\t<span class=\"elementor-divider-separator\">\n\t\t\t\t\t\t<\/span>\n\t\t<\/div>\n\t\t\t\t\t\t<\/div>\n\t\t\t\t<\/div>\n\t\t\t\t<section class=\"elementor-section elementor-inner-section elementor-element elementor-element-e704274 elementor-section-boxed elementor-section-height-default elementor-section-height-default\" data-id=\"e704274\" data-element_type=\"section\" data-e-type=\"section\">\n\t\t\t\t\t\t<div class=\"elementor-container elementor-column-gap-default\">\n\t\t\t\t\t<div class=\"elementor-column elementor-col-100 elementor-inner-column elementor-element elementor-element-3890343\" data-id=\"3890343\" data-element_type=\"column\" data-e-type=\"column\">\n\t\t\t<div class=\"elementor-widget-wrap elementor-element-populated\">\n\t\t\t\t\t\t<div class=\"elementor-element elementor-element-a1d56c3 elementor-widget elementor-widget-image\" data-id=\"a1d56c3\" data-element_type=\"widget\" data-e-type=\"widget\" data-widget_type=\"image.default\">\n\t\t\t\t<div class=\"elementor-widget-container\">\n\t\t\t\t\t\t\t\t\t\t\t\t\t\t\t<img fetchpriority=\"high\" decoding=\"async\" width=\"800\" height=\"534\" src=\"https:\/\/www.hotel-les-bains-perros-guirec.fr\/wp-content\/uploads\/2022\/01\/reservation-hotel-hotel-les-bains-perros-guirec-56030-1024x683.jpg\" class=\"attachment-large size-large wp-image-958\" alt=\"\" srcset=\"https:\/\/www.hotel-les-bains-perros-guirec.fr\/wp-content\/uploads\/2022\/01\/reservation-hotel-hotel-les-bains-perros-guirec-56030-1024x683.jpg 1024w, https:\/\/www.hotel-les-bains-perros-guirec.fr\/wp-content\/uploads\/2022\/01\/reservation-hotel-hotel-les-bains-perros-guirec-56030-300x200.jpg 300w, https:\/\/www.hotel-les-bains-perros-guirec.fr\/wp-content\/uploads\/2022\/01\/reservation-hotel-hotel-les-bains-perros-guirec-56030-768x512.jpg 768w, https:\/\/www.hotel-les-bains-perros-guirec.fr\/wp-content\/uploads\/2022\/01\/reservation-hotel-hotel-les-bains-perros-guirec-56030-1536x1025.jpg 1536w, https:\/\/www.hotel-les-bains-perros-guirec.fr\/wp-content\/uploads\/2022\/01\/reservation-hotel-hotel-les-bains-perros-guirec-56030-18x12.jpg 18w, https:\/\/www.hotel-les-bains-perros-guirec.fr\/wp-content\/uploads\/2022\/01\/reservation-hotel-hotel-les-bains-perros-guirec-56030.jpg 1920w\" sizes=\"(max-width: 800px) 100vw, 800px\" title=\"\">\t\t\t\t\t\t\t\t\t\t\t\t\t\t\t<\/div>\n\t\t\t\t<\/div>\n\t\t\t\t<div class=\"elementor-element elementor-element-b404579 elementor-widget elementor-widget-text-editor\" data-id=\"b404579\" data-element_type=\"widget\" data-e-type=\"widget\" data-widget_type=\"text-editor.default\">\n\t\t\t\t<div class=\"elementor-widget-container\">\n\t\t\t\t\t\t\t\t\t<div class=\"content\">\n<p>Pendant votre s\u00e9jour Ploumanac&rsquo;h est un incontournable. L\u2019ancien hameau de p\u00eacheurs est devenu l\u2019un des sites touristiques les plus fr\u00e9quent\u00e9s de la Bretagne, et \u00ab village pr\u00e9f\u00e9r\u00e9 des Fran\u00e7ais \u00bb en 2015. Le succ\u00e8s en revient \u00e0 ces extraordinaires amas de roche rose\u2026 La nature s\u2019y est faite artiste, sculptant d\u2019eau et de vent de v\u00e9n\u00e9rables blocs de granit rose pr\u00e9sents ici depuis\u2026 300 millions d\u2019ann\u00e9es et se dressant pour certains jusqu\u2019\u00e0 plus de 20 m\u00e8tres ! Ce site d\u2019 \u00ab exposition \u00bb pr\u00e9sente ces chefs-d\u2019\u0153uvre sur plus de 25 hectares, o\u00f9 les variations de lumi\u00e8re fascinent le visiteur, jusqu\u2019\u00e0 cet embrasement de couleurs final qu\u2019allume le soleil couchant.<\/p><p><br><\/p>\n<p>Pour preuve de son immense r\u00e9putation : plus d\u2019un million de visiteurs s\u2019y succ\u00e8dent chaque ann\u00e9e, en proie au m\u00eame \u00e9merveillement, dans des conditions am\u00e9nag\u00e9es par le Conservatoire du Littoral, puisqu\u2019il faut continuer de prot\u00e9ger la star, class\u00e9e patrimoine national. Saurez-vous reconna\u00eetre le Chapeau de Napol\u00e9on, la Gu\u00e9rite des Amoureux, le Champignon, pour ne citer que les plus c\u00e9l\u00e8bres ? Le sentier des Douaniers (GR34) d\u00fbment balis\u00e9 invite sportifs ou fl\u00e2neurs \u00e0 la d\u00e9couverte de ce site d\u2019exception. Les facettes de Ploumanac\u2019h sont si nombreuses et changeantes qu\u2019elles satisferont toutes les curiosit\u00e9s.<\/p>\n<\/div>\t\t\t\t\t\t\t\t<\/div>\n\t\t\t\t<\/div>\n\t\t\t\t\t<\/div>\n\t\t<\/div>\n\t\t\t\t\t<\/div>\n\t\t<\/section>\n\t\t\t\t<div class=\"elementor-element elementor-element-bcad447 elementor-widget elementor-widget-button\" data-id=\"bcad447\" data-element_type=\"widget\" data-e-type=\"widget\" data-widget_type=\"button.default\">\n\t\t\t\t<div class=\"elementor-widget-container\">\n\t\t\t\t\t\t\t\t\t<div class=\"elementor-button-wrapper\">\n\t\t\t\t\t<a class=\"elementor-button elementor-button-link elementor-size-sm\" href=\"https:\/\/www.hotel-les-bains-perros-guirec.fr\/fr\/tourisme-perros-guirec-bretagne.html\">\n\t\t\t\t\t\t<span class=\"elementor-button-content-wrapper\">\n\t\t\t\t\t\t<span class=\"elementor-button-icon\">\n\t\t\t\t<i aria-hidden=\"true\" class=\"eliofont eliofont-arrow-left\"><\/i>\t\t\t<\/span>\n\t\t\t\t\t\t\t\t\t<span class=\"elementor-button-text\">Retour<\/span>\n\t\t\t\t\t<\/span>\n\t\t\t\t\t<\/a>\n\t\t\t\t<\/div>\n\t\t\t\t\t\t\t\t<\/div>\n\t\t\t\t<\/div>\n\t\t\t\t\t<\/div>\n\t\t<\/div>\n\t\t\t\t\t<\/div>\n\t\t<\/section>\n\t\t\t\t<section class=\"elementor-section elementor-top-section elementor-element elementor-element-acfb2e0 elementor-section-full_width elementor-section-height-default elementor-section-height-default\" data-id=\"acfb2e0\" data-element_type=\"section\" data-e-type=\"section\" id=\"tourisme4\">\n\t\t\t\t\t\t<div class=\"elementor-container elementor-column-gap-default\">\n\t\t\t\t\t<div class=\"elementor-column elementor-col-100 elementor-top-column elementor-element elementor-element-8dcb3de\" data-id=\"8dcb3de\" data-element_type=\"column\" data-e-type=\"column\">\n\t\t\t<div class=\"elementor-widget-wrap elementor-element-populated\">\n\t\t\t\t\t\t<div class=\"elementor-element elementor-element-e7f0998 elementor-widget elementor-widget-template\" data-id=\"e7f0998\" data-element_type=\"widget\" data-e-type=\"widget\" data-widget_type=\"template.default\">\n\t\t\t\t<div class=\"elementor-widget-container\">\n\t\t\t\t\t\t\t<div class=\"elementor-template\">\n\t\t\t\t\t<div data-elementor-type=\"section\" data-elementor-id=\"1270\" class=\"elementor elementor-1270\" data-elementor-post-type=\"elementor_library\">\n\t\t\t\t\t<section class=\"elementor-section elementor-top-section elementor-element elementor-element-1e944eba tourisme  elementor-section-boxed elementor-section-height-default elementor-section-height-default\" data-id=\"1e944eba\" data-element_type=\"section\" data-e-type=\"section\">\n\t\t\t\t\t\t<div class=\"elementor-container elementor-column-gap-default\">\n\t\t\t\t\t<div class=\"elementor-column elementor-col-100 elementor-top-column elementor-element elementor-element-3803a19f column-ctas\" data-id=\"3803a19f\" data-element_type=\"column\" data-e-type=\"column\">\n\t\t\t<div class=\"elementor-widget-wrap elementor-element-populated\">\n\t\t\t\t\t\t<div class=\"elementor-element elementor-element-529440aa cta-tourisme tourisme1 elementor-widget__width-initial elementor-cta--valign-top elementor-cta--skin-classic elementor-animated-content elementor-bg-transform elementor-bg-transform-zoom-in elementor-invisible elementor-widget elementor-widget-call-to-action\" data-id=\"529440aa\" data-element_type=\"widget\" data-e-type=\"widget\" data-settings=\"{&quot;_animation&quot;:&quot;fadeInUp&quot;}\" data-widget_type=\"call-to-action.default\">\n\t\t\t\t<div class=\"elementor-widget-container\">\n\t\t\t\t\t\t\t<a class=\"elementor-cta\" href=\"https:\/\/www.hotel-les-bains-perros-guirec.fr\/fr\/bretagne\/tourisme-perros-guirec.html\">\n\t\t\t\t\t<div class=\"elementor-cta__bg-wrapper\">\n\t\t\t\t<div class=\"elementor-cta__bg elementor-bg\" style=\"background-image: url(https:\/\/www.hotel-les-bains-perros-guirec.fr\/wp-content\/uploads\/2022\/01\/reservation-hotel-hotel-les-bains-perros-guirec-56028-1024x683.jpg);\" role=\"img\" aria-label=\"Balade en famille le long du sentier\"><\/div>\n\t\t\t\t<div class=\"elementor-cta__bg-overlay\"><\/div>\n\t\t\t<\/div>\n\t\t\t\t\t\t\t<div class=\"elementor-cta__content\">\n\t\t\t\t\n\t\t\t\t\t\t\t\t\t<h3 class=\"elementor-cta__title elementor-cta__content-item elementor-content-item\">\n\t\t\t\t\t\tPerros-Guirec\t\t\t\t\t<\/h3>\n\t\t\t\t\n\t\t\t\t\t\t\t\t\t<div class=\"elementor-cta__description elementor-cta__content-item elementor-content-item\">\n\t\t\t\t\t\tAvec un littoral de 13 km et trois grandes plages de sable fin, Perros-Guirec jouit d\u2019une vue panoramique sur l\u2019archipel des 7 Iles, l\u2019une des plus importantes r\u00e9serves ornithologiques de France.\t\t\t\t\t<\/div>\n\t\t\t\t\n\t\t\t\t\t\t\t\t\t<div class=\"elementor-cta__button-wrapper elementor-cta__content-item elementor-content-item \">\n\t\t\t\t\t<span class=\"elementor-cta__button elementor-button elementor-size-\">\n\t\t\t\t\t\tD\u00e9couvrir \t\t\t\t\t<\/span>\n\t\t\t\t\t<\/div>\n\t\t\t\t\t\t\t<\/div>\n\t\t\t\t\t\t<\/a>\n\t\t\t\t\t\t<\/div>\n\t\t\t\t<\/div>\n\t\t\t\t<div class=\"elementor-element elementor-element-5fbd2f4c cta-tourisme tourisme1 elementor-widget__width-initial elementor-cta--valign-top elementor-cta--skin-classic elementor-animated-content elementor-bg-transform elementor-bg-transform-zoom-in elementor-invisible elementor-widget elementor-widget-call-to-action\" data-id=\"5fbd2f4c\" data-element_type=\"widget\" data-e-type=\"widget\" data-settings=\"{&quot;_animation&quot;:&quot;fadeInUp&quot;}\" data-widget_type=\"call-to-action.default\">\n\t\t\t\t<div class=\"elementor-widget-container\">\n\t\t\t\t\t\t\t<a class=\"elementor-cta\" href=\"https:\/\/www.hotel-les-bains-perros-guirec.fr\/fr\/bretagne\/hotel-trestraou.html\">\n\t\t\t\t\t<div class=\"elementor-cta__bg-wrapper\">\n\t\t\t\t<div class=\"elementor-cta__bg elementor-bg\" style=\"background-image: url(https:\/\/www.hotel-les-bains-perros-guirec.fr\/wp-content\/uploads\/2022\/01\/reservation-hotel-hotel-les-bains-perros-guirec-56021-1024x548.jpg);\" role=\"img\" aria-label=\"reservation-hotel-hotel-les-bains-perros-guirec-56021\"><\/div>\n\t\t\t\t<div class=\"elementor-cta__bg-overlay\"><\/div>\n\t\t\t<\/div>\n\t\t\t\t\t\t\t<div class=\"elementor-cta__content\">\n\t\t\t\t\n\t\t\t\t\t\t\t\t\t<h3 class=\"elementor-cta__title elementor-cta__content-item elementor-content-item\">\n\t\t\t\t\t\tPlage de Trestraou\t\t\t\t\t<\/h3>\n\t\t\t\t\n\t\t\t\t\t\t\t\t\t<div class=\"elementor-cta__description elementor-cta__content-item elementor-content-item\">\n\t\t\t\t\t\tTrestraou est la plus belle plage de Bretagne. Elle est le c\u0153ur de la station baln\u00e9aire de Perros Guirec.\t\t\t\t\t<\/div>\n\t\t\t\t\n\t\t\t\t\t\t\t\t\t<div class=\"elementor-cta__button-wrapper elementor-cta__content-item elementor-content-item \">\n\t\t\t\t\t<span class=\"elementor-cta__button elementor-button elementor-size-\">\n\t\t\t\t\t\tD\u00e9couvrir \t\t\t\t\t<\/span>\n\t\t\t\t\t<\/div>\n\t\t\t\t\t\t\t<\/div>\n\t\t\t\t\t\t<\/a>\n\t\t\t\t\t\t<\/div>\n\t\t\t\t<\/div>\n\t\t\t\t<div class=\"elementor-element elementor-element-24d9998a cta-tourisme tourisme1 elementor-widget__width-initial elementor-cta--valign-top elementor-cta--skin-classic elementor-animated-content elementor-bg-transform elementor-bg-transform-zoom-in elementor-invisible elementor-widget elementor-widget-call-to-action\" data-id=\"24d9998a\" data-element_type=\"widget\" data-e-type=\"widget\" data-settings=\"{&quot;_animation&quot;:&quot;fadeInUp&quot;}\" data-widget_type=\"call-to-action.default\">\n\t\t\t\t<div class=\"elementor-widget-container\">\n\t\t\t\t\t\t\t<a class=\"elementor-cta\" href=\"https:\/\/www.hotel-les-bains-perros-guirec.fr\/fr\/bretagne\/tourisme-cote-granit-rose.html\">\n\t\t\t\t\t<div class=\"elementor-cta__bg-wrapper\">\n\t\t\t\t<div class=\"elementor-cta__bg elementor-bg\" style=\"background-image: url(https:\/\/www.hotel-les-bains-perros-guirec.fr\/wp-content\/uploads\/2022\/01\/reservation-hotel-hotel-les-bains-perros-guirec-56020-1024x683.jpg);\" role=\"img\" aria-label=\"Balade au coucher du soleil, le long de la cote de Granit Rose\"><\/div>\n\t\t\t\t<div class=\"elementor-cta__bg-overlay\"><\/div>\n\t\t\t<\/div>\n\t\t\t\t\t\t\t<div class=\"elementor-cta__content\">\n\t\t\t\t\n\t\t\t\t\t\t\t\t\t<h2 class=\"elementor-cta__title elementor-cta__content-item elementor-content-item\">\n\t\t\t\t\t\tC\u00f4te de Granit Rose\t\t\t\t\t<\/h2>\n\t\t\t\t\n\t\t\t\t\t\t\t\t\t<div class=\"elementor-cta__description elementor-cta__content-item elementor-content-item\">\n\t\t\t\t\t\tLa C\u00f4te de Granit Rose, au c\u0153ur de la Bretagne, \u00e0 l'ouest des C\u00f4tes d'Armor, vous accueille en toutes saisons pour d\u00e9couvrir un site exceptionnel de beaut\u00e9.\t\t\t\t\t<\/div>\n\t\t\t\t\n\t\t\t\t\t\t\t\t\t<div class=\"elementor-cta__button-wrapper elementor-cta__content-item elementor-content-item \">\n\t\t\t\t\t<span class=\"elementor-cta__button elementor-button elementor-size-\">\n\t\t\t\t\t\tD\u00e9couvrir \t\t\t\t\t<\/span>\n\t\t\t\t\t<\/div>\n\t\t\t\t\t\t\t<\/div>\n\t\t\t\t\t\t<\/a>\n\t\t\t\t\t\t<\/div>\n\t\t\t\t<\/div>\n\t\t\t\t<div class=\"elementor-element elementor-element-266d14b8 cta-tourisme tourisme1 elementor-widget__width-initial elementor-cta--valign-top elementor-cta--skin-classic elementor-animated-content elementor-bg-transform elementor-bg-transform-zoom-in elementor-invisible elementor-widget elementor-widget-call-to-action\" data-id=\"266d14b8\" data-element_type=\"widget\" data-e-type=\"widget\" data-settings=\"{&quot;_animation&quot;:&quot;fadeInUp&quot;}\" data-widget_type=\"call-to-action.default\">\n\t\t\t\t<div class=\"elementor-widget-container\">\n\t\t\t\t\t\t\t<a class=\"elementor-cta\" href=\"https:\/\/www.hotel-les-bains-perros-guirec.fr\/fr\/bretagne\/tourisme-ploumanach.html\">\n\t\t\t\t\t<div class=\"elementor-cta__bg-wrapper\">\n\t\t\t\t<div class=\"elementor-cta__bg elementor-bg\" style=\"background-image: url(https:\/\/www.hotel-les-bains-perros-guirec.fr\/wp-content\/uploads\/2022\/01\/reservation-hotel-hotel-les-bains-perros-guirec-56030-1024x683.jpg);\" role=\"img\" aria-label=\"The famous old Oratoire Saint-Guirec building at low tide on the beach of Ploumanac&#039;h, village in the commune of Perros-Guirec. It is found in the region Bretagne in the C\u00f4tes-d&#039;Armor department in the west of France.\"><\/div>\n\t\t\t\t<div class=\"elementor-cta__bg-overlay\"><\/div>\n\t\t\t<\/div>\n\t\t\t\t\t\t\t<div class=\"elementor-cta__content\">\n\t\t\t\t\n\t\t\t\t\t\t\t\t\t<h3 class=\"elementor-cta__title elementor-cta__content-item elementor-content-item\">\n\t\t\t\t\t\tPloumanac'h\t\t\t\t\t<\/h3>\n\t\t\t\t\n\t\t\t\t\t\t\t\t\t<div class=\"elementor-cta__description elementor-cta__content-item elementor-content-item\">\n\t\t\t\t\t\tPloumanac\u2019h est c\u00e9l\u00e8bre pour ses rochers de granit rose connus \u00e0 travers le monde. Ce lieu d\u2019exception a \u00e9t\u00e9 \u00e9lu \u00ab village pr\u00e9f\u00e9r\u00e9 des Fran\u00e7ais \u00bb en 2015.\t\t\t\t\t<\/div>\n\t\t\t\t\n\t\t\t\t\t\t\t\t\t<div class=\"elementor-cta__button-wrapper elementor-cta__content-item elementor-content-item \">\n\t\t\t\t\t<span class=\"elementor-cta__button elementor-button elementor-size-\">\n\t\t\t\t\t\tD\u00e9couvrir \t\t\t\t\t<\/span>\n\t\t\t\t\t<\/div>\n\t\t\t\t\t\t\t<\/div>\n\t\t\t\t\t\t<\/a>\n\t\t\t\t\t\t<\/div>\n\t\t\t\t<\/div>\n\t\t\t\t<div class=\"elementor-element elementor-element-cf10527 cta-tourisme tourisme1 elementor-widget__width-initial elementor-cta--valign-top elementor-cta--skin-classic elementor-animated-content elementor-bg-transform elementor-bg-transform-zoom-in elementor-invisible elementor-widget elementor-widget-call-to-action\" data-id=\"cf10527\" data-element_type=\"widget\" data-e-type=\"widget\" data-settings=\"{&quot;_animation&quot;:&quot;fadeInUp&quot;}\" data-widget_type=\"call-to-action.default\">\n\t\t\t\t<div class=\"elementor-widget-container\">\n\t\t\t\t\t\t\t<a class=\"elementor-cta\" href=\"https:\/\/www.hotel-les-bains-perros-guirec.fr\/fr\/bretagne\/tourisme-cotes-armor.html\">\n\t\t\t\t\t<div class=\"elementor-cta__bg-wrapper\">\n\t\t\t\t<div class=\"elementor-cta__bg elementor-bg\" style=\"background-image: url(https:\/\/www.hotel-les-bains-perros-guirec.fr\/wp-content\/uploads\/2022\/01\/reservation-hotel-hotel-les-bains-perros-guirec-56025-1024x768.jpg);\" role=\"img\" aria-label=\"reservation-hotel-hotel-les-bains-perros-guirec-56025\"><\/div>\n\t\t\t\t<div class=\"elementor-cta__bg-overlay\"><\/div>\n\t\t\t<\/div>\n\t\t\t\t\t\t\t<div class=\"elementor-cta__content\">\n\t\t\t\t\n\t\t\t\t\t\t\t\t\t<h3 class=\"elementor-cta__title elementor-cta__content-item elementor-content-item\">\n\t\t\t\t\t\tC\u00f4tes d'Armor\t\t\t\t\t<\/h3>\n\t\t\t\t\n\t\t\t\t\t\t\t\t\t<div class=\"elementor-cta__description elementor-cta__content-item elementor-content-item\">\n\t\t\t\t\t\tA moins de 2h15 de Rennes, Nantes et Paris, les C\u00f4tes d'Armor vous accueillent toute l\u2019ann\u00e9e pour un week-end de r\u00eave, des vacances en bord de mer ou dans les terres authentiques.\t\t\t\t\t<\/div>\n\t\t\t\t\n\t\t\t\t\t\t\t\t\t<div class=\"elementor-cta__button-wrapper elementor-cta__content-item elementor-content-item \">\n\t\t\t\t\t<span class=\"elementor-cta__button elementor-button elementor-size-\">\n\t\t\t\t\t\tD\u00e9couvrir \t\t\t\t\t<\/span>\n\t\t\t\t\t<\/div>\n\t\t\t\t\t\t\t<\/div>\n\t\t\t\t\t\t<\/a>\n\t\t\t\t\t\t<\/div>\n\t\t\t\t<\/div>\n\t\t\t\t\t<\/div>\n\t\t<\/div>\n\t\t\t\t\t<\/div>\n\t\t<\/section>\n\t\t\t\t<\/div>\n\t\t\t\t<\/div>\n\t\t\t\t\t\t<\/div>\n\t\t\t\t<\/div>\n\t\t\t\t\t<\/div>\n\t\t<\/div>\n\t\t\t\t\t<\/div>\n\t\t<\/section>\n\t\t\t\t<\/div>\n\t\t","protected":false},"excerpt":{"rendered":"<p>S\u00e9jour \u00e0 Ploumanac\u2019h \u00c0 4 kilom\u00e8tres de notre h\u00f4tel Pendant votre s\u00e9jour Ploumanac&rsquo;h est un incontournable. L\u2019ancien hameau de p\u00eacheurs est devenu l\u2019un des sites touristiques les plus fr\u00e9quent\u00e9s de la Bretagne, et \u00ab village pr\u00e9f\u00e9r\u00e9 des Fran\u00e7ais \u00bb en 2015. Le succ\u00e8s en revient \u00e0 ces extraordinaires amas de roche rose\u2026 La nature s\u2019y [&hellip;]<\/p>\n","protected":false},"author":3,"featured_media":0,"parent":2826,"menu_order":0,"comment_status":"closed","ping_status":"closed","template":"","meta":{"inline_featured_image":false,"footnotes":""},"class_list":["post-1334","page","type-page","status-publish","hentry"],"_links":{"self":[{"href":"https:\/\/www.hotel-les-bains-perros-guirec.fr\/fr\/wp-json\/wp\/v2\/pages\/1334","targetHints":{"allow":["GET"]}}],"collection":[{"href":"https:\/\/www.hotel-les-bains-perros-guirec.fr\/fr\/wp-json\/wp\/v2\/pages"}],"about":[{"href":"https:\/\/www.hotel-les-bains-perros-guirec.fr\/fr\/wp-json\/wp\/v2\/types\/page"}],"author":[{"embeddable":true,"href":"https:\/\/www.hotel-les-bains-perros-guirec.fr\/fr\/wp-json\/wp\/v2\/users\/3"}],"replies":[{"embeddable":true,"href":"https:\/\/www.hotel-les-bains-perros-guirec.fr\/fr\/wp-json\/wp\/v2\/comments?post=1334"}],"version-history":[{"count":31,"href":"https:\/\/www.hotel-les-bains-perros-guirec.fr\/fr\/wp-json\/wp\/v2\/pages\/1334\/revisions"}],"predecessor-version":[{"id":3225,"href":"https:\/\/www.hotel-les-bains-perros-guirec.fr\/fr\/wp-json\/wp\/v2\/pages\/1334\/revisions\/3225"}],"up":[{"embeddable":true,"href":"https:\/\/www.hotel-les-bains-perros-guirec.fr\/fr\/wp-json\/wp\/v2\/pages\/2826"}],"wp:attachment":[{"href":"https:\/\/www.hotel-les-bains-perros-guirec.fr\/fr\/wp-json\/wp\/v2\/media?parent=1334"}],"curies":[{"name":"wp","href":"https:\/\/api.w.org\/{rel}","templated":true}]}}