{"id":965,"date":"2022-01-05T21:37:47","date_gmt":"2022-01-05T20:37:47","guid":{"rendered":"https:\/\/www.hotel-les-bains-perros-guirec.fr\/?page_id=965"},"modified":"2022-02-18T16:40:24","modified_gmt":"2022-02-18T15:40:24","slug":"tourism-perros-guirec","status":"publish","type":"page","link":"https:\/\/www.hotel-les-bains-perros-guirec.fr\/en\/bretagne\/tourisme-perros-guirec.html","title":{"rendered":"Perros Guirec"},"content":{"rendered":"<div data-elementor-type=\"wp-page\" data-elementor-id=\"965\" class=\"elementor elementor-965\" data-elementor-post-type=\"page\">\n\t\t\t\t\t\t<section class=\"elementor-section elementor-top-section elementor-element elementor-element-17d208d elementor-section-height-min-height elementor-section-boxed elementor-section-height-default elementor-section-items-middle\" data-id=\"17d208d\" data-element_type=\"section\" data-e-type=\"section\" data-settings=\"{&quot;background_background&quot;:&quot;classic&quot;}\">\n\t\t\t\t\t\t\t<div class=\"elementor-background-overlay\"><\/div>\n\t\t\t\t\t\t\t<div class=\"elementor-container elementor-column-gap-default\">\n\t\t\t\t\t<div class=\"elementor-column elementor-col-100 elementor-top-column elementor-element elementor-element-18a8b4c\" data-id=\"18a8b4c\" data-element_type=\"column\" data-e-type=\"column\">\n\t\t\t<div class=\"elementor-widget-wrap elementor-element-populated\">\n\t\t\t\t\t\t<div class=\"elementor-element elementor-element-7382756 elementor-widget elementor-widget-heading\" data-id=\"7382756\" data-element_type=\"widget\" data-e-type=\"widget\" data-widget_type=\"heading.default\">\n\t\t\t\t<div class=\"elementor-widget-container\">\n\t\t\t\t\t<h1 class=\"elementor-heading-title elementor-size-default\">Perros Guirec<\/h1>\t\t\t\t<\/div>\n\t\t\t\t<\/div>\n\t\t\t\t\t<\/div>\n\t\t<\/div>\n\t\t\t\t\t<\/div>\n\t\t<\/section>\n\t\t\t\t<section class=\"elementor-section elementor-top-section elementor-element elementor-element-a6ebff4 elementor-section-boxed elementor-section-height-default elementor-section-height-default\" data-id=\"a6ebff4\" data-element_type=\"section\" data-e-type=\"section\">\n\t\t\t\t\t\t<div class=\"elementor-container elementor-column-gap-default\">\n\t\t\t\t\t<div class=\"elementor-column elementor-col-100 elementor-top-column elementor-element elementor-element-f390a13\" data-id=\"f390a13\" data-element_type=\"column\" data-e-type=\"column\">\n\t\t\t<div class=\"elementor-widget-wrap elementor-element-populated\">\n\t\t\t\t\t\t<div class=\"elementor-element elementor-element-6fb3149 elementor-widget elementor-widget-heading\" data-id=\"6fb3149\" data-element_type=\"widget\" data-e-type=\"widget\" data-widget_type=\"heading.default\">\n\t\t\t\t<div class=\"elementor-widget-container\">\n\t\t\t\t\t<h2 class=\"elementor-heading-title elementor-size-default\">Stroll through Perros-Guirec<\/h2>\t\t\t\t<\/div>\n\t\t\t\t<\/div>\n\t\t\t\t<div class=\"elementor-element elementor-element-9f4ff1c elementor-widget elementor-widget-heading\" data-id=\"9f4ff1c\" data-element_type=\"widget\" data-e-type=\"widget\" data-widget_type=\"heading.default\">\n\t\t\t\t<div class=\"elementor-widget-container\">\n\t\t\t\t\t<h3 class=\"elementor-heading-title elementor-size-default\">Perros Guirec Brittany in a hotel with sea view<\/h3>\t\t\t\t<\/div>\n\t\t\t\t<\/div>\n\t\t\t\t<div class=\"elementor-element elementor-element-a4b43a3 elementor-widget-divider--view-line elementor-widget elementor-widget-divider\" data-id=\"a4b43a3\" data-element_type=\"widget\" data-e-type=\"widget\" data-widget_type=\"divider.default\">\n\t\t\t\t<div class=\"elementor-widget-container\">\n\t\t\t\t\t\t\t<div class=\"elementor-divider\">\n\t\t\t<span class=\"elementor-divider-separator\">\n\t\t\t\t\t\t<\/span>\n\t\t<\/div>\n\t\t\t\t\t\t<\/div>\n\t\t\t\t<\/div>\n\t\t\t\t<section class=\"elementor-section elementor-inner-section elementor-element elementor-element-e704274 elementor-section-boxed elementor-section-height-default elementor-section-height-default\" data-id=\"e704274\" data-element_type=\"section\" data-e-type=\"section\">\n\t\t\t\t\t\t<div class=\"elementor-container elementor-column-gap-default\">\n\t\t\t\t\t<div class=\"elementor-column elementor-col-100 elementor-inner-column elementor-element elementor-element-3890343\" data-id=\"3890343\" data-element_type=\"column\" data-e-type=\"column\">\n\t\t\t<div class=\"elementor-widget-wrap elementor-element-populated\">\n\t\t\t\t\t\t<div class=\"elementor-element elementor-element-a1d56c3 elementor-widget elementor-widget-image\" data-id=\"a1d56c3\" data-element_type=\"widget\" data-e-type=\"widget\" data-widget_type=\"image.default\">\n\t\t\t\t<div class=\"elementor-widget-container\">\n\t\t\t\t\t\t\t\t\t\t\t\t\t\t\t<img fetchpriority=\"high\" decoding=\"async\" width=\"800\" height=\"534\" src=\"https:\/\/www.hotel-les-bains-perros-guirec.fr\/wp-content\/uploads\/2022\/01\/reservation-hotel-hotel-les-bains-perros-guirec-56028-1024x683.jpg\" class=\"attachment-large size-large wp-image-957\" alt=\"\" srcset=\"https:\/\/www.hotel-les-bains-perros-guirec.fr\/wp-content\/uploads\/2022\/01\/reservation-hotel-hotel-les-bains-perros-guirec-56028-1024x683.jpg 1024w, https:\/\/www.hotel-les-bains-perros-guirec.fr\/wp-content\/uploads\/2022\/01\/reservation-hotel-hotel-les-bains-perros-guirec-56028-300x200.jpg 300w, https:\/\/www.hotel-les-bains-perros-guirec.fr\/wp-content\/uploads\/2022\/01\/reservation-hotel-hotel-les-bains-perros-guirec-56028-768x512.jpg 768w, https:\/\/www.hotel-les-bains-perros-guirec.fr\/wp-content\/uploads\/2022\/01\/reservation-hotel-hotel-les-bains-perros-guirec-56028-1536x1024.jpg 1536w, https:\/\/www.hotel-les-bains-perros-guirec.fr\/wp-content\/uploads\/2022\/01\/reservation-hotel-hotel-les-bains-perros-guirec-56028-18x12.jpg 18w, https:\/\/www.hotel-les-bains-perros-guirec.fr\/wp-content\/uploads\/2022\/01\/reservation-hotel-hotel-les-bains-perros-guirec-56028.jpg 1920w\" sizes=\"(max-width: 800px) 100vw, 800px\" title=\"\">\t\t\t\t\t\t\t\t\t\t\t\t\t\t\t<\/div>\n\t\t\t\t<\/div>\n\t\t\t\t<div class=\"elementor-element elementor-element-b404579 elementor-widget elementor-widget-text-editor\" data-id=\"b404579\" data-element_type=\"widget\" data-e-type=\"widget\" data-widget_type=\"text-editor.default\">\n\t\t\t\t<div class=\"elementor-widget-container\">\n\t\t\t\t\t\t\t\t\t<div class=\"content\">\n<p>Perros-Guirec in Brittany is a famous seaside town where our hotel Les Bains is located and has retained its charm and character. Due to its coastal location on the famous Pink Granite Coast, it has skilfully cultivated the advantages of \"land and sea\". On the seaside, you will be able to enjoy all the possibilities that the town offers to make the most of the sports, leisure and\/or educational activities, without forgetting the walks on the beach of Trestraou, 30 m from the hotel, or on the \"sentier des Douaniers\" (GR34).<\/p><p><br>For example, sailing, kayaking and surfing will appeal to all generations and all levels of experience... Adults can hire a boat and cast off alone, in a monohull or multihull, test surfing and paddleboarding, while \"longe-c\u00f4te\", feet in the water up to the waist, gives a different angle to your stay.<\/p><p><br><\/p>\n<p>Diving and the exploration of the \"world of silence\" that it authorises guarantees a secure sense of wonder on a series of sites that only you will discover, at Ploumanac'h or at the 7 Islands. Those who are passionate about diving will even be able to take coastal rescue training... while others will be able to turn to the land and the town: Saint-Jacques church with its two adjoining naves, Romanesque from the 12th century and Gothic from the 14th century; the Crac'h windmill, the Christian Gad and Daniel Chhe Sculpture Park, to the west of the town, the Museum of the History and Traditions of Lower Brittany...<\/p>\n<\/div>\t\t\t\t\t\t\t\t<\/div>\n\t\t\t\t<\/div>\n\t\t\t\t\t<\/div>\n\t\t<\/div>\n\t\t\t\t\t<\/div>\n\t\t<\/section>\n\t\t\t\t<div class=\"elementor-element elementor-element-6ab6ba8 elementor-widget elementor-widget-button\" data-id=\"6ab6ba8\" data-element_type=\"widget\" data-e-type=\"widget\" data-widget_type=\"button.default\">\n\t\t\t\t<div class=\"elementor-widget-container\">\n\t\t\t\t\t\t\t\t\t<div class=\"elementor-button-wrapper\">\n\t\t\t\t\t<a class=\"elementor-button elementor-button-link elementor-size-sm\" href=\"https:\/\/www.hotel-les-bains-perros-guirec.fr\/en\/tourisme-perros-guirec-bretagne.html\">\n\t\t\t\t\t\t<span class=\"elementor-button-content-wrapper\">\n\t\t\t\t\t\t<span class=\"elementor-button-icon\">\n\t\t\t\t<i aria-hidden=\"true\" class=\"eliofont eliofont-arrow-left\"><\/i>\t\t\t<\/span>\n\t\t\t\t\t\t\t\t\t<span class=\"elementor-button-text\">Back<\/span>\n\t\t\t\t\t<\/span>\n\t\t\t\t\t<\/a>\n\t\t\t\t<\/div>\n\t\t\t\t\t\t\t\t<\/div>\n\t\t\t\t<\/div>\n\t\t\t\t\t<\/div>\n\t\t<\/div>\n\t\t\t\t\t<\/div>\n\t\t<\/section>\n\t\t\t\t<section class=\"elementor-section elementor-top-section elementor-element elementor-element-acfb2e0 elementor-section-full_width elementor-section-height-default elementor-section-height-default\" data-id=\"acfb2e0\" data-element_type=\"section\" data-e-type=\"section\" id=\"tourisme1\">\n\t\t\t\t\t\t<div class=\"elementor-container elementor-column-gap-default\">\n\t\t\t\t\t<div class=\"elementor-column elementor-col-100 elementor-top-column elementor-element elementor-element-8dcb3de\" data-id=\"8dcb3de\" data-element_type=\"column\" data-e-type=\"column\">\n\t\t\t<div class=\"elementor-widget-wrap elementor-element-populated\">\n\t\t\t\t\t\t<div class=\"elementor-element elementor-element-e7f0998 elementor-widget elementor-widget-template\" data-id=\"e7f0998\" data-element_type=\"widget\" data-e-type=\"widget\" data-widget_type=\"template.default\">\n\t\t\t\t<div class=\"elementor-widget-container\">\n\t\t\t\t\t\t\t<div class=\"elementor-template\">\n\t\t\t\t\t<div data-elementor-type=\"section\" data-elementor-id=\"1270\" class=\"elementor elementor-1270\" data-elementor-post-type=\"elementor_library\">\n\t\t\t\t\t<section class=\"elementor-section elementor-top-section elementor-element elementor-element-1e944eba tourisme  elementor-section-boxed elementor-section-height-default elementor-section-height-default\" data-id=\"1e944eba\" data-element_type=\"section\" data-e-type=\"section\">\n\t\t\t\t\t\t<div class=\"elementor-container elementor-column-gap-default\">\n\t\t\t\t\t<div class=\"elementor-column elementor-col-100 elementor-top-column elementor-element elementor-element-3803a19f column-ctas\" data-id=\"3803a19f\" data-element_type=\"column\" data-e-type=\"column\">\n\t\t\t<div class=\"elementor-widget-wrap elementor-element-populated\">\n\t\t\t\t\t\t<div class=\"elementor-element elementor-element-529440aa cta-tourisme tourisme1 elementor-widget__width-initial elementor-cta--valign-top elementor-cta--skin-classic elementor-animated-content elementor-bg-transform elementor-bg-transform-zoom-in elementor-invisible elementor-widget elementor-widget-call-to-action\" data-id=\"529440aa\" data-element_type=\"widget\" data-e-type=\"widget\" data-settings=\"{&quot;_animation&quot;:&quot;fadeInUp&quot;}\" data-widget_type=\"call-to-action.default\">\n\t\t\t\t<div class=\"elementor-widget-container\">\n\t\t\t\t\t\t\t<a class=\"elementor-cta\" href=\"https:\/\/www.hotel-les-bains-perros-guirec.fr\/en\/bretagne\/tourisme-perros-guirec.html\">\n\t\t\t\t\t<div class=\"elementor-cta__bg-wrapper\">\n\t\t\t\t<div class=\"elementor-cta__bg elementor-bg\" style=\"background-image: url(https:\/\/www.hotel-les-bains-perros-guirec.fr\/wp-content\/uploads\/2022\/01\/reservation-hotel-hotel-les-bains-perros-guirec-56028-1024x683.jpg);\" role=\"img\" aria-label=\"Family walk along the trail\"><\/div>\n\t\t\t\t<div class=\"elementor-cta__bg-overlay\"><\/div>\n\t\t\t<\/div>\n\t\t\t\t\t\t\t<div class=\"elementor-cta__content\">\n\t\t\t\t\n\t\t\t\t\t\t\t\t\t<h3 class=\"elementor-cta__title elementor-cta__content-item elementor-content-item\">\n\t\t\t\t\t\tPerros-Guirec\t\t\t\t\t<\/h3>\n\t\t\t\t\n\t\t\t\t\t\t\t\t\t<div class=\"elementor-cta__description elementor-cta__content-item elementor-content-item\">\n\t\t\t\t\t\tWith a 13 km coastline and three large sandy beaches, Perros-Guirec enjoys a panoramic view of the 7 Islands archipelago, one of the most important bird sanctuaries in France.\t\t\t\t\t<\/div>\n\t\t\t\t\n\t\t\t\t\t\t\t\t\t<div class=\"elementor-cta__button-wrapper elementor-cta__content-item elementor-content-item\">\n\t\t\t\t\t<span class=\"elementor-cta__button elementor-button elementor-size-\">\n\t\t\t\t\t\tDiscover \t\t\t\t\t<\/span>\n\t\t\t\t\t<\/div>\n\t\t\t\t\t\t\t<\/div>\n\t\t\t\t\t\t<\/a>\n\t\t\t\t\t\t<\/div>\n\t\t\t\t<\/div>\n\t\t\t\t<div class=\"elementor-element elementor-element-5fbd2f4c cta-tourisme tourisme1 elementor-widget__width-initial elementor-cta--valign-top elementor-cta--skin-classic elementor-animated-content elementor-bg-transform elementor-bg-transform-zoom-in elementor-invisible elementor-widget elementor-widget-call-to-action\" data-id=\"5fbd2f4c\" data-element_type=\"widget\" data-e-type=\"widget\" data-settings=\"{&quot;_animation&quot;:&quot;fadeInUp&quot;}\" data-widget_type=\"call-to-action.default\">\n\t\t\t\t<div class=\"elementor-widget-container\">\n\t\t\t\t\t\t\t<a class=\"elementor-cta\" href=\"https:\/\/www.hotel-les-bains-perros-guirec.fr\/en\/bretagne\/hotel-trestraou.html\">\n\t\t\t\t\t<div class=\"elementor-cta__bg-wrapper\">\n\t\t\t\t<div class=\"elementor-cta__bg elementor-bg\" style=\"background-image: url(https:\/\/www.hotel-les-bains-perros-guirec.fr\/wp-content\/uploads\/2022\/01\/reservation-hotel-hotel-les-bains-perros-guirec-56021-1024x548.jpg);\" role=\"img\" aria-label=\"reservation-hotel-hotel-les-bains-perros-guirec-56021\"><\/div>\n\t\t\t\t<div class=\"elementor-cta__bg-overlay\"><\/div>\n\t\t\t<\/div>\n\t\t\t\t\t\t\t<div class=\"elementor-cta__content\">\n\t\t\t\t\n\t\t\t\t\t\t\t\t\t<h3 class=\"elementor-cta__title elementor-cta__content-item elementor-content-item\">\n\t\t\t\t\t\tTrestraou Beach\t\t\t\t\t<\/h3>\n\t\t\t\t\n\t\t\t\t\t\t\t\t\t<div class=\"elementor-cta__description elementor-cta__content-item elementor-content-item\">\n\t\t\t\t\t\tTrestraou is the most beautiful beach in Brittany. It is the heart of the seaside resort of Perros Guirec.\t\t\t\t\t<\/div>\n\t\t\t\t\n\t\t\t\t\t\t\t\t\t<div class=\"elementor-cta__button-wrapper elementor-cta__content-item elementor-content-item\">\n\t\t\t\t\t<span class=\"elementor-cta__button elementor-button elementor-size-\">\n\t\t\t\t\t\tDiscover \t\t\t\t\t<\/span>\n\t\t\t\t\t<\/div>\n\t\t\t\t\t\t\t<\/div>\n\t\t\t\t\t\t<\/a>\n\t\t\t\t\t\t<\/div>\n\t\t\t\t<\/div>\n\t\t\t\t<div class=\"elementor-element elementor-element-24d9998a cta-tourisme tourisme1 elementor-widget__width-initial elementor-cta--valign-top elementor-cta--skin-classic elementor-animated-content elementor-bg-transform elementor-bg-transform-zoom-in elementor-invisible elementor-widget elementor-widget-call-to-action\" data-id=\"24d9998a\" data-element_type=\"widget\" data-e-type=\"widget\" data-settings=\"{&quot;_animation&quot;:&quot;fadeInUp&quot;}\" data-widget_type=\"call-to-action.default\">\n\t\t\t\t<div class=\"elementor-widget-container\">\n\t\t\t\t\t\t\t<a class=\"elementor-cta\" href=\"https:\/\/www.hotel-les-bains-perros-guirec.fr\/en\/bretagne\/tourisme-cote-granit-rose.html\">\n\t\t\t\t\t<div class=\"elementor-cta__bg-wrapper\">\n\t\t\t\t<div class=\"elementor-cta__bg elementor-bg\" style=\"background-image: url(https:\/\/www.hotel-les-bains-perros-guirec.fr\/wp-content\/uploads\/2022\/01\/reservation-hotel-hotel-les-bains-perros-guirec-56020-1024x683.jpg);\" role=\"img\" aria-label=\"Sunset walk along the Pink Granite Coast\"><\/div>\n\t\t\t\t<div class=\"elementor-cta__bg-overlay\"><\/div>\n\t\t\t<\/div>\n\t\t\t\t\t\t\t<div class=\"elementor-cta__content\">\n\t\t\t\t\n\t\t\t\t\t\t\t\t\t<h2 class=\"elementor-cta__title elementor-cta__content-item elementor-content-item\">\n\t\t\t\t\t\tPink Granite Coast\t\t\t\t\t<\/h2>\n\t\t\t\t\n\t\t\t\t\t\t\t\t\t<div class=\"elementor-cta__description elementor-cta__content-item elementor-content-item\">\n\t\t\t\t\t\tThe Pink Granite Coast, in the heart of Brittany, west of the C\u00f4tes d'Armor, welcomes you in all seasons to discover an exceptional site of beauty.\t\t\t\t\t<\/div>\n\t\t\t\t\n\t\t\t\t\t\t\t\t\t<div class=\"elementor-cta__button-wrapper elementor-cta__content-item elementor-content-item\">\n\t\t\t\t\t<span class=\"elementor-cta__button elementor-button elementor-size-\">\n\t\t\t\t\t\tDiscover \t\t\t\t\t<\/span>\n\t\t\t\t\t<\/div>\n\t\t\t\t\t\t\t<\/div>\n\t\t\t\t\t\t<\/a>\n\t\t\t\t\t\t<\/div>\n\t\t\t\t<\/div>\n\t\t\t\t<div class=\"elementor-element elementor-element-266d14b8 cta-tourisme tourisme1 elementor-widget__width-initial elementor-cta--valign-top elementor-cta--skin-classic elementor-animated-content elementor-bg-transform elementor-bg-transform-zoom-in elementor-invisible elementor-widget elementor-widget-call-to-action\" data-id=\"266d14b8\" data-element_type=\"widget\" data-e-type=\"widget\" data-settings=\"{&quot;_animation&quot;:&quot;fadeInUp&quot;}\" data-widget_type=\"call-to-action.default\">\n\t\t\t\t<div class=\"elementor-widget-container\">\n\t\t\t\t\t\t\t<a class=\"elementor-cta\" href=\"https:\/\/www.hotel-les-bains-perros-guirec.fr\/en\/bretagne\/tourisme-ploumanach.html\">\n\t\t\t\t\t<div class=\"elementor-cta__bg-wrapper\">\n\t\t\t\t<div class=\"elementor-cta__bg elementor-bg\" style=\"background-image: url(https:\/\/www.hotel-les-bains-perros-guirec.fr\/wp-content\/uploads\/2022\/01\/reservation-hotel-hotel-les-bains-perros-guirec-56030-1024x683.jpg);\" role=\"img\" aria-label=\"The famous old Oratoire Saint-Guirec building at low tide on the beach of Ploumanac&#039;h, village in the commune of Perros-Guirec. It is found in the region Bretagne in the C\u00f4tes-d&#039;Armor department in the west of France.\"><\/div>\n\t\t\t\t<div class=\"elementor-cta__bg-overlay\"><\/div>\n\t\t\t<\/div>\n\t\t\t\t\t\t\t<div class=\"elementor-cta__content\">\n\t\t\t\t\n\t\t\t\t\t\t\t\t\t<h3 class=\"elementor-cta__title elementor-cta__content-item elementor-content-item\">\n\t\t\t\t\t\tPloumanac'h\t\t\t\t\t<\/h3>\n\t\t\t\t\n\t\t\t\t\t\t\t\t\t<div class=\"elementor-cta__description elementor-cta__content-item elementor-content-item\">\n\t\t\t\t\t\tPloumanac'h is famous for its world-famous pink granite rocks. This exceptional place was elected \"favourite village of the French\" in 2015.\t\t\t\t\t<\/div>\n\t\t\t\t\n\t\t\t\t\t\t\t\t\t<div class=\"elementor-cta__button-wrapper elementor-cta__content-item elementor-content-item\">\n\t\t\t\t\t<span class=\"elementor-cta__button elementor-button elementor-size-\">\n\t\t\t\t\t\tDiscover \t\t\t\t\t<\/span>\n\t\t\t\t\t<\/div>\n\t\t\t\t\t\t\t<\/div>\n\t\t\t\t\t\t<\/a>\n\t\t\t\t\t\t<\/div>\n\t\t\t\t<\/div>\n\t\t\t\t<div class=\"elementor-element elementor-element-cf10527 cta-tourisme tourisme1 elementor-widget__width-initial elementor-cta--valign-top elementor-cta--skin-classic elementor-animated-content elementor-bg-transform elementor-bg-transform-zoom-in elementor-invisible elementor-widget elementor-widget-call-to-action\" data-id=\"cf10527\" data-element_type=\"widget\" data-e-type=\"widget\" data-settings=\"{&quot;_animation&quot;:&quot;fadeInUp&quot;}\" data-widget_type=\"call-to-action.default\">\n\t\t\t\t<div class=\"elementor-widget-container\">\n\t\t\t\t\t\t\t<a class=\"elementor-cta\" href=\"https:\/\/www.hotel-les-bains-perros-guirec.fr\/en\/bretagne\/tourisme-cotes-armor.html\">\n\t\t\t\t\t<div class=\"elementor-cta__bg-wrapper\">\n\t\t\t\t<div class=\"elementor-cta__bg elementor-bg\" style=\"background-image: url(https:\/\/www.hotel-les-bains-perros-guirec.fr\/wp-content\/uploads\/2022\/01\/reservation-hotel-hotel-les-bains-perros-guirec-56025-1024x768.jpg);\" role=\"img\" aria-label=\"reservation-hotel-hotel-les-bains-perros-guirec-56025\"><\/div>\n\t\t\t\t<div class=\"elementor-cta__bg-overlay\"><\/div>\n\t\t\t<\/div>\n\t\t\t\t\t\t\t<div class=\"elementor-cta__content\">\n\t\t\t\t\n\t\t\t\t\t\t\t\t\t<h3 class=\"elementor-cta__title elementor-cta__content-item elementor-content-item\">\n\t\t\t\t\t\tC\u00f4tes d'Armor\t\t\t\t\t<\/h3>\n\t\t\t\t\n\t\t\t\t\t\t\t\t\t<div class=\"elementor-cta__description elementor-cta__content-item elementor-content-item\">\n\t\t\t\t\t\tLess than 2h15 from Rennes, Nantes and Paris, the C\u00f4tes d'Armor welcomes you all year round for a dream weekend, a holiday by the sea or in the authentic countryside.\t\t\t\t\t<\/div>\n\t\t\t\t\n\t\t\t\t\t\t\t\t\t<div class=\"elementor-cta__button-wrapper elementor-cta__content-item elementor-content-item\">\n\t\t\t\t\t<span class=\"elementor-cta__button elementor-button elementor-size-\">\n\t\t\t\t\t\tDiscover \t\t\t\t\t<\/span>\n\t\t\t\t\t<\/div>\n\t\t\t\t\t\t\t<\/div>\n\t\t\t\t\t\t<\/a>\n\t\t\t\t\t\t<\/div>\n\t\t\t\t<\/div>\n\t\t\t\t\t<\/div>\n\t\t<\/div>\n\t\t\t\t\t<\/div>\n\t\t<\/section>\n\t\t\t\t<\/div>\n\t\t\t\t<\/div>\n\t\t\t\t\t\t<\/div>\n\t\t\t\t<\/div>\n\t\t\t\t\t<\/div>\n\t\t<\/div>\n\t\t\t\t\t<\/div>\n\t\t<\/section>\n\t\t\t\t<\/div>","protected":false},"excerpt":{"rendered":"<p>Fl\u00e2nez \u00e0 pied dans Perros-Guirec Perros Guirec Bretagne en h\u00f4tel vue mer Cit\u00e9 baln\u00e9aire r\u00e9put\u00e9e, Perros-Guirec en Bretagne o\u00f9 se trouve notre h\u00f4tel Les Bains a su conserv\u00e9 charme et caract\u00e8re. Propre \u00e0 sa situation littorale sur la c\u00e9l\u00e9brissime C\u00f4te de Granit Rose, elle en cultive savamment les avantages \u00ab terre et mer \u00bb. C\u00f4t\u00e9 [&hellip;]<\/p>\n","protected":false},"author":3,"featured_media":0,"parent":2826,"menu_order":0,"comment_status":"closed","ping_status":"closed","template":"","meta":{"inline_featured_image":false,"footnotes":""},"class_list":["post-965","page","type-page","status-publish","hentry"],"_links":{"self":[{"href":"https:\/\/www.hotel-les-bains-perros-guirec.fr\/en\/wp-json\/wp\/v2\/pages\/965","targetHints":{"allow":["GET"]}}],"collection":[{"href":"https:\/\/www.hotel-les-bains-perros-guirec.fr\/en\/wp-json\/wp\/v2\/pages"}],"about":[{"href":"https:\/\/www.hotel-les-bains-perros-guirec.fr\/en\/wp-json\/wp\/v2\/types\/page"}],"author":[{"embeddable":true,"href":"https:\/\/www.hotel-les-bains-perros-guirec.fr\/en\/wp-json\/wp\/v2\/users\/3"}],"replies":[{"embeddable":true,"href":"https:\/\/www.hotel-les-bains-perros-guirec.fr\/en\/wp-json\/wp\/v2\/comments?post=965"}],"version-history":[{"count":43,"href":"https:\/\/www.hotel-les-bains-perros-guirec.fr\/en\/wp-json\/wp\/v2\/pages\/965\/revisions"}],"predecessor-version":[{"id":3219,"href":"https:\/\/www.hotel-les-bains-perros-guirec.fr\/en\/wp-json\/wp\/v2\/pages\/965\/revisions\/3219"}],"up":[{"embeddable":true,"href":"https:\/\/www.hotel-les-bains-perros-guirec.fr\/en\/wp-json\/wp\/v2\/pages\/2826"}],"wp:attachment":[{"href":"https:\/\/www.hotel-les-bains-perros-guirec.fr\/en\/wp-json\/wp\/v2\/media?parent=965"}],"curies":[{"name":"wp","href":"https:\/\/api.w.org\/{rel}","templated":true}]}}