{"id":4961,"date":"2022-07-22T11:18:11","date_gmt":"2022-07-22T09:18:11","guid":{"rendered":"https:\/\/www.hotel-les-bains-perros-guirec.fr\/?page_id=4961"},"modified":"2022-07-22T11:31:34","modified_gmt":"2022-07-22T09:31:34","slug":"hotel-perros-guirrec","status":"publish","type":"page","link":"https:\/\/www.hotel-les-bains-perros-guirec.fr\/en\/tourisme-perros-guirec-bretagne\/hotel-perros-guirec.html","title":{"rendered":"Hotel perros guirec"},"content":{"rendered":"<div data-elementor-type=\"wp-page\" data-elementor-id=\"4961\" class=\"elementor elementor-4961\" data-elementor-post-type=\"page\">\n\t\t\t\t\t\t<section class=\"elementor-section elementor-top-section elementor-element elementor-element-17d208d elementor-section-height-min-height elementor-section-boxed elementor-section-height-default elementor-section-items-middle\" data-id=\"17d208d\" data-element_type=\"section\" data-e-type=\"section\" data-settings=\"{&quot;background_background&quot;:&quot;classic&quot;}\">\n\t\t\t\t\t\t\t<div class=\"elementor-background-overlay\"><\/div>\n\t\t\t\t\t\t\t<div class=\"elementor-container elementor-column-gap-default\">\n\t\t\t\t\t<div class=\"elementor-column elementor-col-100 elementor-top-column elementor-element elementor-element-18a8b4c\" data-id=\"18a8b4c\" data-element_type=\"column\" data-e-type=\"column\">\n\t\t\t<div class=\"elementor-widget-wrap\">\n\t\t\t\t\t\t\t<\/div>\n\t\t<\/div>\n\t\t\t\t\t<\/div>\n\t\t<\/section>\n\t\t\t\t<section class=\"elementor-section elementor-top-section elementor-element elementor-element-a6ebff4 elementor-section-boxed elementor-section-height-default elementor-section-height-default\" data-id=\"a6ebff4\" data-element_type=\"section\" data-e-type=\"section\">\n\t\t\t\t\t\t<div class=\"elementor-container elementor-column-gap-default\">\n\t\t\t\t\t<div class=\"elementor-column elementor-col-100 elementor-top-column elementor-element elementor-element-f390a13\" data-id=\"f390a13\" data-element_type=\"column\" data-e-type=\"column\">\n\t\t\t<div class=\"elementor-widget-wrap elementor-element-populated\">\n\t\t\t\t\t\t<div class=\"elementor-element elementor-element-6fb3149 elementor-widget elementor-widget-heading\" data-id=\"6fb3149\" data-element_type=\"widget\" data-e-type=\"widget\" data-widget_type=\"heading.default\">\n\t\t\t\t<div class=\"elementor-widget-container\">\n\t\t\t\t\t<h1 class=\"elementor-heading-title elementor-size-default\">Hotel Perros Guirec<\/h1>\t\t\t\t<\/div>\n\t\t\t\t<\/div>\n\t\t\t\t<div class=\"elementor-element elementor-element-9f4ff1c elementor-widget elementor-widget-heading\" data-id=\"9f4ff1c\" data-element_type=\"widget\" data-e-type=\"widget\" data-widget_type=\"heading.default\">\n\t\t\t\t<div class=\"elementor-widget-container\">\n\t\t\t\t\t<h2 class=\"elementor-heading-title elementor-size-default\">Why stay at the Perros Guirec Les Bains 3* hotel?<\/h2>\t\t\t\t<\/div>\n\t\t\t\t<\/div>\n\t\t\t\t<div class=\"elementor-element elementor-element-a4b43a3 elementor-widget-divider--view-line elementor-widget elementor-widget-divider\" data-id=\"a4b43a3\" data-element_type=\"widget\" data-e-type=\"widget\" data-widget_type=\"divider.default\">\n\t\t\t\t<div class=\"elementor-widget-container\">\n\t\t\t\t\t\t\t<div class=\"elementor-divider\">\n\t\t\t<span class=\"elementor-divider-separator\">\n\t\t\t\t\t\t<\/span>\n\t\t<\/div>\n\t\t\t\t\t\t<\/div>\n\t\t\t\t<\/div>\n\t\t\t\t<section class=\"elementor-section elementor-inner-section elementor-element elementor-element-e704274 elementor-section-boxed elementor-section-height-default elementor-section-height-default\" data-id=\"e704274\" data-element_type=\"section\" data-e-type=\"section\">\n\t\t\t\t\t\t<div class=\"elementor-container elementor-column-gap-default\">\n\t\t\t\t\t<div class=\"elementor-column elementor-col-100 elementor-inner-column elementor-element elementor-element-3890343\" data-id=\"3890343\" data-element_type=\"column\" data-e-type=\"column\">\n\t\t\t<div class=\"elementor-widget-wrap elementor-element-populated\">\n\t\t\t\t\t\t<div class=\"elementor-element elementor-element-a1d56c3 elementor-widget elementor-widget-image\" data-id=\"a1d56c3\" data-element_type=\"widget\" data-e-type=\"widget\" data-widget_type=\"image.default\">\n\t\t\t\t<div class=\"elementor-widget-container\">\n\t\t\t\t\t\t\t\t\t\t\t\t\t\t\t<img fetchpriority=\"high\" decoding=\"async\" width=\"800\" height=\"534\" src=\"https:\/\/www.hotel-les-bains-perros-guirec.fr\/wp-content\/uploads\/2022\/05\/DSC_2107-sb-346015-1024x683.jpg\" class=\"attachment-large size-large wp-image-4357\" alt=\"\" srcset=\"https:\/\/www.hotel-les-bains-perros-guirec.fr\/wp-content\/uploads\/2022\/05\/DSC_2107-sb-346015-1024x683.jpg 1024w, https:\/\/www.hotel-les-bains-perros-guirec.fr\/wp-content\/uploads\/2022\/05\/DSC_2107-sb-346015-300x200.jpg 300w, https:\/\/www.hotel-les-bains-perros-guirec.fr\/wp-content\/uploads\/2022\/05\/DSC_2107-sb-346015-768x513.jpg 768w, https:\/\/www.hotel-les-bains-perros-guirec.fr\/wp-content\/uploads\/2022\/05\/DSC_2107-sb-346015-1536x1025.jpg 1536w, https:\/\/www.hotel-les-bains-perros-guirec.fr\/wp-content\/uploads\/2022\/05\/DSC_2107-sb-346015-2048x1367.jpg 2048w, https:\/\/www.hotel-les-bains-perros-guirec.fr\/wp-content\/uploads\/2022\/05\/DSC_2107-sb-346015-18x12.jpg 18w\" sizes=\"(max-width: 800px) 100vw, 800px\" title=\"\">\t\t\t\t\t\t\t\t\t\t\t\t\t\t\t<\/div>\n\t\t\t\t<\/div>\n\t\t\t\t<div class=\"elementor-element elementor-element-b404579 elementor-widget elementor-widget-text-editor\" data-id=\"b404579\" data-element_type=\"widget\" data-e-type=\"widget\" data-widget_type=\"text-editor.default\">\n\t\t\t\t<div class=\"elementor-widget-container\">\n\t\t\t\t\t\t\t\t\t<p>For your family holidays, trips with friends or outings as a couple to <a href=\"https:\/\/www.hotel-les-bains-perros-guirec.fr\/en\/tourism-perros-guirec-bretagne\/info-hotel-perros-guirec-html\/\">Perros Guirec<\/a>go to <a href=\"https:\/\/www.hotel-les-bains-perros-guirec.fr\/en\/\">Les Bains hotel<\/a>. Enjoy your stay in the peace and quiet behind the seafront, close to the most attractive activities of the seaside resort, but also to the Pink Granite Coast. When you visit, here's why you should choose the Perros Guirec Les Bains hotel.<\/p><h3><span style=\"text-decoration: underline;\"><strong>A holiday just a stone's throw from the beach<\/strong><\/span><\/h3><p>When you think of a holiday in Perros Guirec, the famous Trestraou beach instantly springs to mind. With over 1.4 km of fine sand, this beach is a favourite spot for holidaymakers in Perros Guirec. There's plenty to do on this famous beach, including surfing, paddle boarding and sailing, making it a favourite with surfers and water sports enthusiasts alike.<\/p><p>As well as the fine sand beneath your feet, the beach also offers panoramic views of the 7 islands off the coast, which you can reach with launches located at the end of the breakwater.<\/p><p>All this is within your reach when you stay at the<a href=\"https:\/\/www.hotel-les-bains-perros-guirec.fr\/en\/tourism-perros-guirec-bretagne-html\/\">3* hotel Perros Guirec Les Bains<\/a>. What's in it for you? The hotel is located just a stone's throw from Trestraou beach. Whether you want to hit the waves at the next tide, or enjoy the good times surrounded by friends and family or your soul mate as you gaze out over the horizon, it's all up to you.<\/p><h3><span style=\"text-decoration: underline;\"><strong>Bright, quiet and comfortable rooms<\/strong><\/span><\/h3><p>At the Perros Guirec Les Bains hotel, discover what the good life is really all about. At the Best Western H\u00f4tel &amp; Spa Les Bains in Perros Guirec, feel at home with a room to suit your every whim. So, whatever the reason for your visit, whether it's for a romantic weekend away or to spend quality time with your family, make the most of the peace and quiet in the hotel's luxurious, comfortable rooms, not forgetting the seaside light that illuminates your space. The quality facilities in the rooms are part of the hotel's charm, but also ensure an even more memorable stay.<\/p><h3><strong><span style=\"text-decoration: underline;\">An ideal venue for your company seminars<\/span><\/strong><\/h3><p>The Perros Guirec Les Bains hotel is not just a place for relaxation and well-being. It is also an ideal place to strengthen cohesion within your team or to improve communication between staff and company directors. Located in the heart of an easily accessible town that combines tranquillity with charm and a host of pleasant activities, the H\u00f4tel Les Bains is the perfect venue for your seminars and corporate events.<\/p><p>We have spacious rooms equipped with the right materials to make your project a success. Whether you're planning a meeting with your future partners, a residential seminar or a team-building event, discuss your plans with the hotel team. Our highly qualified staff are on hand to help you organise your event with complete peace of mind. To unite and motivate your staff, you can also opt for extraordinary team-building activities, both on land and at sea.<\/p>\t\t\t\t\t\t\t\t<\/div>\n\t\t\t\t<\/div>\n\t\t\t\t\t<\/div>\n\t\t<\/div>\n\t\t\t\t\t<\/div>\n\t\t<\/section>\n\t\t\t\t<div class=\"elementor-element elementor-element-6ab6ba8 elementor-widget elementor-widget-button\" data-id=\"6ab6ba8\" data-element_type=\"widget\" data-e-type=\"widget\" data-widget_type=\"button.default\">\n\t\t\t\t<div class=\"elementor-widget-container\">\n\t\t\t\t\t\t\t\t\t<div class=\"elementor-button-wrapper\">\n\t\t\t\t\t<a class=\"elementor-button elementor-button-link elementor-size-sm\" href=\"https:\/\/www.hotel-les-bains-perros-guirec.fr\/en\/tourisme-perros-guirec-bretagne.html\">\n\t\t\t\t\t\t<span class=\"elementor-button-content-wrapper\">\n\t\t\t\t\t\t<span class=\"elementor-button-icon\">\n\t\t\t\t<i aria-hidden=\"true\" class=\"eliofont eliofont-arrow-left\"><\/i>\t\t\t<\/span>\n\t\t\t\t\t\t\t\t\t<span class=\"elementor-button-text\">Back<\/span>\n\t\t\t\t\t<\/span>\n\t\t\t\t\t<\/a>\n\t\t\t\t<\/div>\n\t\t\t\t\t\t\t\t<\/div>\n\t\t\t\t<\/div>\n\t\t\t\t\t<\/div>\n\t\t<\/div>\n\t\t\t\t\t<\/div>\n\t\t<\/section>\n\t\t\t\t<\/div>","protected":false},"excerpt":{"rendered":"<p>Hotel Perros Guirec Pourquoi s\u00e9journer \u00e0 l&rsquo;h\u00f4tel Perros Guirec Les Bains 3* ? Pour vos vacances en famille, vir\u00e9es entre amis ou sorties en couple \u00e0 Perros Guirec, rendez-vous \u00e0 l\u2019h\u00f4tel Les Bains. Profitez de votre s\u00e9jour au calme, derri\u00e8re le front de mer, \u00e0 proximit\u00e9 des activit\u00e9s les plus attractives de la station baln\u00e9aire, [&hellip;]<\/p>\n","protected":false},"author":7,"featured_media":0,"parent":83,"menu_order":0,"comment_status":"closed","ping_status":"closed","template":"","meta":{"inline_featured_image":false,"footnotes":""},"class_list":["post-4961","page","type-page","status-publish","hentry"],"_links":{"self":[{"href":"https:\/\/www.hotel-les-bains-perros-guirec.fr\/en\/wp-json\/wp\/v2\/pages\/4961","targetHints":{"allow":["GET"]}}],"collection":[{"href":"https:\/\/www.hotel-les-bains-perros-guirec.fr\/en\/wp-json\/wp\/v2\/pages"}],"about":[{"href":"https:\/\/www.hotel-les-bains-perros-guirec.fr\/en\/wp-json\/wp\/v2\/types\/page"}],"author":[{"embeddable":true,"href":"https:\/\/www.hotel-les-bains-perros-guirec.fr\/en\/wp-json\/wp\/v2\/users\/7"}],"replies":[{"embeddable":true,"href":"https:\/\/www.hotel-les-bains-perros-guirec.fr\/en\/wp-json\/wp\/v2\/comments?post=4961"}],"version-history":[{"count":7,"href":"https:\/\/www.hotel-les-bains-perros-guirec.fr\/en\/wp-json\/wp\/v2\/pages\/4961\/revisions"}],"predecessor-version":[{"id":4971,"href":"https:\/\/www.hotel-les-bains-perros-guirec.fr\/en\/wp-json\/wp\/v2\/pages\/4961\/revisions\/4971"}],"up":[{"embeddable":true,"href":"https:\/\/www.hotel-les-bains-perros-guirec.fr\/en\/wp-json\/wp\/v2\/pages\/83"}],"wp:attachment":[{"href":"https:\/\/www.hotel-les-bains-perros-guirec.fr\/en\/wp-json\/wp\/v2\/media?parent=4961"}],"curies":[{"name":"wp","href":"https:\/\/api.w.org\/{rel}","templated":true}]}}