{"id":4816,"date":"2022-05-31T14:25:28","date_gmt":"2022-05-31T12:25:28","guid":{"rendered":"https:\/\/www.hotel-les-bains-perros-guirec.fr\/?page_id=4816"},"modified":"2024-02-04T20:53:12","modified_gmt":"2024-02-04T19:53:12","slug":"hotel-ploumanach-2","status":"publish","type":"page","link":"https:\/\/www.hotel-les-bains-perros-guirec.fr\/en\/tourisme-perros-guirec-bretagne\/hotel-les-bains.html","title":{"rendered":"Hotel Les Bains"},"content":{"rendered":"<div data-elementor-type=\"wp-page\" data-elementor-id=\"4816\" class=\"elementor elementor-4816\" data-elementor-post-type=\"page\">\n\t\t\t\t\t\t<section class=\"elementor-section elementor-top-section elementor-element elementor-element-17d208d elementor-section-height-min-height elementor-section-boxed elementor-section-height-default elementor-section-items-middle\" data-id=\"17d208d\" data-element_type=\"section\" data-e-type=\"section\" data-settings=\"{&quot;background_background&quot;:&quot;classic&quot;}\">\n\t\t\t\t\t\t\t<div class=\"elementor-background-overlay\"><\/div>\n\t\t\t\t\t\t\t<div class=\"elementor-container elementor-column-gap-default\">\n\t\t\t\t\t<div class=\"elementor-column elementor-col-100 elementor-top-column elementor-element elementor-element-18a8b4c\" data-id=\"18a8b4c\" data-element_type=\"column\" data-e-type=\"column\">\n\t\t\t<div class=\"elementor-widget-wrap\">\n\t\t\t\t\t\t\t<\/div>\n\t\t<\/div>\n\t\t\t\t\t<\/div>\n\t\t<\/section>\n\t\t\t\t<section class=\"elementor-section elementor-top-section elementor-element elementor-element-a6ebff4 elementor-section-boxed elementor-section-height-default elementor-section-height-default\" data-id=\"a6ebff4\" data-element_type=\"section\" data-e-type=\"section\">\n\t\t\t\t\t\t<div class=\"elementor-container elementor-column-gap-default\">\n\t\t\t\t\t<div class=\"elementor-column elementor-col-100 elementor-top-column elementor-element elementor-element-f390a13\" data-id=\"f390a13\" data-element_type=\"column\" data-e-type=\"column\">\n\t\t\t<div class=\"elementor-widget-wrap elementor-element-populated\">\n\t\t\t\t\t\t<div class=\"elementor-element elementor-element-6fb3149 elementor-widget elementor-widget-heading\" data-id=\"6fb3149\" data-element_type=\"widget\" data-e-type=\"widget\" data-widget_type=\"heading.default\">\n\t\t\t\t<div class=\"elementor-widget-container\">\n\t\t\t\t\t<h1 class=\"elementor-heading-title elementor-size-default\">Hotel Perros Guirec<\/h1>\t\t\t\t<\/div>\n\t\t\t\t<\/div>\n\t\t\t\t<div class=\"elementor-element elementor-element-9f4ff1c elementor-widget elementor-widget-heading\" data-id=\"9f4ff1c\" data-element_type=\"widget\" data-e-type=\"widget\" data-widget_type=\"heading.default\">\n\t\t\t\t<div class=\"elementor-widget-container\">\n\t\t\t\t\t<h2 class=\"elementor-heading-title elementor-size-default\">Ideas for walks from our hotel in Perros Guirec Les Bains<\/h2>\t\t\t\t<\/div>\n\t\t\t\t<\/div>\n\t\t\t\t<div class=\"elementor-element elementor-element-a4b43a3 elementor-widget-divider--view-line elementor-widget elementor-widget-divider\" data-id=\"a4b43a3\" data-element_type=\"widget\" data-e-type=\"widget\" data-widget_type=\"divider.default\">\n\t\t\t\t<div class=\"elementor-widget-container\">\n\t\t\t\t\t\t\t<div class=\"elementor-divider\">\n\t\t\t<span class=\"elementor-divider-separator\">\n\t\t\t\t\t\t<\/span>\n\t\t<\/div>\n\t\t\t\t\t\t<\/div>\n\t\t\t\t<\/div>\n\t\t\t\t<section class=\"elementor-section elementor-inner-section elementor-element elementor-element-e704274 elementor-section-boxed elementor-section-height-default elementor-section-height-default\" data-id=\"e704274\" data-element_type=\"section\" data-e-type=\"section\">\n\t\t\t\t\t\t<div class=\"elementor-container elementor-column-gap-default\">\n\t\t\t\t\t<div class=\"elementor-column elementor-col-100 elementor-inner-column elementor-element elementor-element-3890343\" data-id=\"3890343\" data-element_type=\"column\" data-e-type=\"column\">\n\t\t\t<div class=\"elementor-widget-wrap elementor-element-populated\">\n\t\t\t\t\t\t<div class=\"elementor-element elementor-element-a1d56c3 elementor-widget elementor-widget-image\" data-id=\"a1d56c3\" data-element_type=\"widget\" data-e-type=\"widget\" data-widget_type=\"image.default\">\n\t\t\t\t<div class=\"elementor-widget-container\">\n\t\t\t\t\t\t\t\t\t\t\t\t\t\t\t<img fetchpriority=\"high\" decoding=\"async\" width=\"800\" height=\"534\" src=\"https:\/\/www.hotel-les-bains-perros-guirec.fr\/wp-content\/uploads\/2022\/05\/iStock-1169730365-1024x683.jpg\" class=\"attachment-large size-large wp-image-4811\" alt=\"\" srcset=\"https:\/\/www.hotel-les-bains-perros-guirec.fr\/wp-content\/uploads\/2022\/05\/iStock-1169730365-1024x683.jpg 1024w, https:\/\/www.hotel-les-bains-perros-guirec.fr\/wp-content\/uploads\/2022\/05\/iStock-1169730365-300x200.jpg 300w, https:\/\/www.hotel-les-bains-perros-guirec.fr\/wp-content\/uploads\/2022\/05\/iStock-1169730365-768x512.jpg 768w, https:\/\/www.hotel-les-bains-perros-guirec.fr\/wp-content\/uploads\/2022\/05\/iStock-1169730365-1536x1024.jpg 1536w, https:\/\/www.hotel-les-bains-perros-guirec.fr\/wp-content\/uploads\/2022\/05\/iStock-1169730365-2048x1366.jpg 2048w, https:\/\/www.hotel-les-bains-perros-guirec.fr\/wp-content\/uploads\/2022\/05\/iStock-1169730365-18x12.jpg 18w\" sizes=\"(max-width: 800px) 100vw, 800px\" title=\"\">\t\t\t\t\t\t\t\t\t\t\t\t\t\t\t<\/div>\n\t\t\t\t<\/div>\n\t\t\t\t<div class=\"elementor-element elementor-element-b404579 elementor-widget elementor-widget-text-editor\" data-id=\"b404579\" data-element_type=\"widget\" data-e-type=\"widget\" data-widget_type=\"text-editor.default\">\n\t\t\t\t<div class=\"elementor-widget-container\">\n\t\t\t\t\t\t\t\t\t<p>The iodised air of a region by the ocean, the unique lights of the Pink Granite Coast, long sandy beaches... Our hotel, located at <a style=\"font-weight: bold;\" href=\"https:\/\/www.hotel-les-bains-perros-guirec.fr\/en\/\">Perros Guirec<\/a> Best Western Les Bains 3* is the ideal base for exploring Brittany. From the hotel &amp; Spa Les Bains in Perros Guirec, discover our suggestions for walks to fill up on memories on your own, as a couple, with friends and family or on a business trip.<\/p><h3><span style=\"text-decoration: underline;\"><strong>On the beach, the Trestrignel circuit<\/strong><\/span><\/h3><p>Approximately 7 minutes by car from our hotel to<b><a href=\"https:\/\/www.hotel-les-bains-perros-guirec.fr\/en\/tourism-perros-guirec-bretagne\/info-hotel-perros-guirec-html\/\"> Perros Guirec<\/a><\/b> Best Western Les Bains to the France Libre car park, the starting point for this tour. Architecture buffs will be delighted by the superb 19th and 20th century seaside villas and manor houses that punctuate the walk. The best-known villa is undoubtedly that of the painter Maurice Denis, \"Silencio Y Descanso\", a holiday home in a surprising neo-medieval style built at the end of the 19th century, which inspired several of his paintings.<br \/>Along the 5km route, you'll discover Pors ar Goret beach at the bottom of its 99 steps, as well as \u00cele Tom\u00e9, which for a long time was a base for pirates and smugglers.<\/p><h3><span style=\"text-decoration: underline;\"><strong>Forest side, the Traouiero Valley<\/strong><\/span><\/h3><p>By your own means or with a guide, plunge into the heart of a forest of chestnut, oak and hazelnut trees, less than 10 minutes from our hotel at\u00a0<b><a href=\"https:\/\/www.hotel-les-bains-perros-guirec.fr\/en\/\"><strong>Perros Guirec<\/strong><\/a><\/b> Les Bains 3*. Here too, smugglers have left their mark: on the route, the Grotte des Contrebandiers was once a hiding place for horses requisitioned in wartime, as well as a place for trysts. The Grotte des L\u00e9preux, meanwhile, was occupied by a hermit who was reputed to be a leper, although this has not been confirmed.<br \/>Look out too for the 1833 gravestone that spans the Kerougant, the stream that separates Perros Guirec from Tr\u00e9gastel.<br \/>Finally, the Lost Logoden pond is the perfect place to take a break, in an enchanting setting worthy of the legends of Brittany.<\/p><h3><span style=\"text-decoration: underline;\"><strong>On the countryside side, the hinterland of Perros Guirec<\/strong><\/span><\/h3><p>Your stay at our hotel in Perros Guirec will also give you the chance to discover the Perros hinterland: a countryside full of charm, with a rich natural and built heritage. Depending on what you want to do and where you stop, you'll need to allow between 1 and 2? hours to walk the 5 to 8 km route. Let yourself be charmed by the calvaries, wash-houses and chapels along the way. From hedged farmland to orchards, from valleys to farmland, the landscapes around Perros Guirec are sure to leave you with wonderful memories.<br \/>Take advantage of this walk to stop off at a cider house and discover the ancestral process that gives this typical Breton drink its unique flavour. In season, guided tours are available at the \"Le Verger de Kernivinen\" cider house.<br \/>You can also admire the remains of a rolling bridge used to transport granite blocks, the crosses at Roz-ar-Prad and Kroas Ar Varen, the chapel of Notre-Dame de Piti\u00e9, the chapel of La Clart\u00e9 and the chapel of Saint-Guirec.<\/p>\t\t\t\t\t\t\t\t<\/div>\n\t\t\t\t<\/div>\n\t\t\t\t\t<\/div>\n\t\t<\/div>\n\t\t\t\t\t<\/div>\n\t\t<\/section>\n\t\t\t\t<div class=\"elementor-element elementor-element-6ab6ba8 elementor-widget elementor-widget-button\" data-id=\"6ab6ba8\" data-element_type=\"widget\" data-e-type=\"widget\" data-widget_type=\"button.default\">\n\t\t\t\t<div class=\"elementor-widget-container\">\n\t\t\t\t\t\t\t\t\t<div class=\"elementor-button-wrapper\">\n\t\t\t\t\t<a class=\"elementor-button elementor-button-link elementor-size-sm\" href=\"https:\/\/www.hotel-les-bains-perros-guirec.fr\/en\/tourisme-perros-guirec-bretagne.html\">\n\t\t\t\t\t\t<span class=\"elementor-button-content-wrapper\">\n\t\t\t\t\t\t<span class=\"elementor-button-icon\">\n\t\t\t\t<i aria-hidden=\"true\" class=\"eliofont eliofont-arrow-left\"><\/i>\t\t\t<\/span>\n\t\t\t\t\t\t\t\t\t<span class=\"elementor-button-text\">Back<\/span>\n\t\t\t\t\t<\/span>\n\t\t\t\t\t<\/a>\n\t\t\t\t<\/div>\n\t\t\t\t\t\t\t\t<\/div>\n\t\t\t\t<\/div>\n\t\t\t\t\t<\/div>\n\t\t<\/div>\n\t\t\t\t\t<\/div>\n\t\t<\/section>\n\t\t\t\t<\/div>","protected":false},"excerpt":{"rendered":"<p>Hotel Perros Guirec Id\u00e9es de balades depuis notre hotel Perros Guirec Les Bains L\u2019air iod\u00e9 d\u2019une r\u00e9gion au bord de l\u2019oc\u00e9an, les lumi\u00e8res uniques de la C\u00f4te de Granit Rose, les longues plages de sable\u2026 Notre\u00a0h\u00f4tel situ\u00e9 \u00e0 Perros Guirec Best Western Les Bains 3* est le pied \u00e0 terre id\u00e9al pour explorer la Bretagne. [&hellip;]<\/p>\n","protected":false},"author":7,"featured_media":0,"parent":83,"menu_order":0,"comment_status":"closed","ping_status":"closed","template":"","meta":{"inline_featured_image":false,"footnotes":""},"class_list":["post-4816","page","type-page","status-publish","hentry"],"_links":{"self":[{"href":"https:\/\/www.hotel-les-bains-perros-guirec.fr\/en\/wp-json\/wp\/v2\/pages\/4816","targetHints":{"allow":["GET"]}}],"collection":[{"href":"https:\/\/www.hotel-les-bains-perros-guirec.fr\/en\/wp-json\/wp\/v2\/pages"}],"about":[{"href":"https:\/\/www.hotel-les-bains-perros-guirec.fr\/en\/wp-json\/wp\/v2\/types\/page"}],"author":[{"embeddable":true,"href":"https:\/\/www.hotel-les-bains-perros-guirec.fr\/en\/wp-json\/wp\/v2\/users\/7"}],"replies":[{"embeddable":true,"href":"https:\/\/www.hotel-les-bains-perros-guirec.fr\/en\/wp-json\/wp\/v2\/comments?post=4816"}],"version-history":[{"count":67,"href":"https:\/\/www.hotel-les-bains-perros-guirec.fr\/en\/wp-json\/wp\/v2\/pages\/4816\/revisions"}],"predecessor-version":[{"id":5392,"href":"https:\/\/www.hotel-les-bains-perros-guirec.fr\/en\/wp-json\/wp\/v2\/pages\/4816\/revisions\/5392"}],"up":[{"embeddable":true,"href":"https:\/\/www.hotel-les-bains-perros-guirec.fr\/en\/wp-json\/wp\/v2\/pages\/83"}],"wp:attachment":[{"href":"https:\/\/www.hotel-les-bains-perros-guirec.fr\/en\/wp-json\/wp\/v2\/media?parent=4816"}],"curies":[{"name":"wp","href":"https:\/\/api.w.org\/{rel}","templated":true}]}}