{"id":4961,"date":"2022-07-22T11:18:11","date_gmt":"2022-07-22T09:18:11","guid":{"rendered":"https:\/\/www.hotel-les-bains-perros-guirec.fr\/?page_id=4961"},"modified":"2022-07-22T11:31:34","modified_gmt":"2022-07-22T09:31:34","slug":"hotel-perros-guirrec","status":"publish","type":"page","link":"https:\/\/www.hotel-les-bains-perros-guirec.fr\/de\/tourisme-perros-guirec-bretagne\/hotel-perros-guirec.html","title":{"rendered":"Hotel perros guirec"},"content":{"rendered":"<div data-elementor-type=\"wp-page\" data-elementor-id=\"4961\" class=\"elementor elementor-4961\" data-elementor-post-type=\"page\">\n\t\t\t\t\t\t<section class=\"elementor-section elementor-top-section elementor-element elementor-element-17d208d elementor-section-height-min-height elementor-section-boxed elementor-section-height-default elementor-section-items-middle\" data-id=\"17d208d\" data-element_type=\"section\" data-e-type=\"section\" data-settings=\"{&quot;background_background&quot;:&quot;classic&quot;}\">\n\t\t\t\t\t\t\t<div class=\"elementor-background-overlay\"><\/div>\n\t\t\t\t\t\t\t<div class=\"elementor-container elementor-column-gap-default\">\n\t\t\t\t\t<div class=\"elementor-column elementor-col-100 elementor-top-column elementor-element elementor-element-18a8b4c\" data-id=\"18a8b4c\" data-element_type=\"column\" data-e-type=\"column\">\n\t\t\t<div class=\"elementor-widget-wrap\">\n\t\t\t\t\t\t\t<\/div>\n\t\t<\/div>\n\t\t\t\t\t<\/div>\n\t\t<\/section>\n\t\t\t\t<section class=\"elementor-section elementor-top-section elementor-element elementor-element-a6ebff4 elementor-section-boxed elementor-section-height-default elementor-section-height-default\" data-id=\"a6ebff4\" data-element_type=\"section\" data-e-type=\"section\">\n\t\t\t\t\t\t<div class=\"elementor-container elementor-column-gap-default\">\n\t\t\t\t\t<div class=\"elementor-column elementor-col-100 elementor-top-column elementor-element elementor-element-f390a13\" data-id=\"f390a13\" data-element_type=\"column\" data-e-type=\"column\">\n\t\t\t<div class=\"elementor-widget-wrap elementor-element-populated\">\n\t\t\t\t\t\t<div class=\"elementor-element elementor-element-6fb3149 elementor-widget elementor-widget-heading\" data-id=\"6fb3149\" data-element_type=\"widget\" data-e-type=\"widget\" data-widget_type=\"heading.default\">\n\t\t\t\t<div class=\"elementor-widget-container\">\n\t\t\t\t\t<h1 class=\"elementor-heading-title elementor-size-default\">Hotel Perros Guirec<\/h1>\t\t\t\t<\/div>\n\t\t\t\t<\/div>\n\t\t\t\t<div class=\"elementor-element elementor-element-9f4ff1c elementor-widget elementor-widget-heading\" data-id=\"9f4ff1c\" data-element_type=\"widget\" data-e-type=\"widget\" data-widget_type=\"heading.default\">\n\t\t\t\t<div class=\"elementor-widget-container\">\n\t\t\t\t\t<h2 class=\"elementor-heading-title elementor-size-default\">Warum im 3* Hotel Perros Guirec Les Bains \u00fcbernachten?<\/h2>\t\t\t\t<\/div>\n\t\t\t\t<\/div>\n\t\t\t\t<div class=\"elementor-element elementor-element-a4b43a3 elementor-widget-divider--view-line elementor-widget elementor-widget-divider\" data-id=\"a4b43a3\" data-element_type=\"widget\" data-e-type=\"widget\" data-widget_type=\"divider.default\">\n\t\t\t\t<div class=\"elementor-widget-container\">\n\t\t\t\t\t\t\t<div class=\"elementor-divider\">\n\t\t\t<span class=\"elementor-divider-separator\">\n\t\t\t\t\t\t<\/span>\n\t\t<\/div>\n\t\t\t\t\t\t<\/div>\n\t\t\t\t<\/div>\n\t\t\t\t<section class=\"elementor-section elementor-inner-section elementor-element elementor-element-e704274 elementor-section-boxed elementor-section-height-default elementor-section-height-default\" data-id=\"e704274\" data-element_type=\"section\" data-e-type=\"section\">\n\t\t\t\t\t\t<div class=\"elementor-container elementor-column-gap-default\">\n\t\t\t\t\t<div class=\"elementor-column elementor-col-100 elementor-inner-column elementor-element elementor-element-3890343\" data-id=\"3890343\" data-element_type=\"column\" data-e-type=\"column\">\n\t\t\t<div class=\"elementor-widget-wrap elementor-element-populated\">\n\t\t\t\t\t\t<div class=\"elementor-element elementor-element-a1d56c3 elementor-widget elementor-widget-image\" data-id=\"a1d56c3\" data-element_type=\"widget\" data-e-type=\"widget\" data-widget_type=\"image.default\">\n\t\t\t\t<div class=\"elementor-widget-container\">\n\t\t\t\t\t\t\t\t\t\t\t\t\t\t\t<img fetchpriority=\"high\" decoding=\"async\" width=\"800\" height=\"534\" src=\"https:\/\/www.hotel-les-bains-perros-guirec.fr\/wp-content\/uploads\/2022\/05\/DSC_2107-sb-346015-1024x683.jpg\" class=\"attachment-large size-large wp-image-4357\" alt=\"\" srcset=\"https:\/\/www.hotel-les-bains-perros-guirec.fr\/wp-content\/uploads\/2022\/05\/DSC_2107-sb-346015-1024x683.jpg 1024w, https:\/\/www.hotel-les-bains-perros-guirec.fr\/wp-content\/uploads\/2022\/05\/DSC_2107-sb-346015-300x200.jpg 300w, https:\/\/www.hotel-les-bains-perros-guirec.fr\/wp-content\/uploads\/2022\/05\/DSC_2107-sb-346015-768x513.jpg 768w, https:\/\/www.hotel-les-bains-perros-guirec.fr\/wp-content\/uploads\/2022\/05\/DSC_2107-sb-346015-1536x1025.jpg 1536w, https:\/\/www.hotel-les-bains-perros-guirec.fr\/wp-content\/uploads\/2022\/05\/DSC_2107-sb-346015-2048x1367.jpg 2048w, https:\/\/www.hotel-les-bains-perros-guirec.fr\/wp-content\/uploads\/2022\/05\/DSC_2107-sb-346015-18x12.jpg 18w\" sizes=\"(max-width: 800px) 100vw, 800px\" title=\"\">\t\t\t\t\t\t\t\t\t\t\t\t\t\t\t<\/div>\n\t\t\t\t<\/div>\n\t\t\t\t<div class=\"elementor-element elementor-element-b404579 elementor-widget elementor-widget-text-editor\" data-id=\"b404579\" data-element_type=\"widget\" data-e-type=\"widget\" data-widget_type=\"text-editor.default\">\n\t\t\t\t<div class=\"elementor-widget-container\">\n\t\t\t\t\t\t\t\t\t<p>F\u00fcr Ihren Familienurlaub, Ausfl\u00fcge mit Freunden oder Ausfl\u00fcge zu zweit in <a href=\"https:\/\/www.hotel-les-bains-perros-guirec.fr\/de\/tourismus-perros-guirec-bretagne\/infos-hotel-perros-guirec-html\/\">Perros Guirec<\/a>gehen Sie zu <a href=\"https:\/\/www.hotel-les-bains-perros-guirec.fr\/de\/\">das Hotel Les Bains<\/a>. Genie\u00dfen Sie Ihren Aufenthalt in ruhiger Lage hinter der Strandpromenade, in der N\u00e4he der attraktivsten Aktivit\u00e4ten des Badeortes, aber auch der Rosa Granitk\u00fcste. Bei Ihrem Besuch sollten Sie sich aus folgenden Gr\u00fcnden f\u00fcr das Hotel Perros Guirec Les Bains entscheiden.<\/p><h3><span style=\"text-decoration: underline;\"><strong>Ein Aufenthalt nur wenige Schritte vom Strand entfernt<\/strong><\/span><\/h3><p>Wenn man von einem Aufenthalt in Perros Guirec spricht, kommt einem sofort der ber\u00fchmte Strand von Trestraou in den Sinn. Mit mehr als 1,4 km feinem Sand ist dieser Strand ein beliebter Ort f\u00fcr Sommerurlauber in Perros Guirec. Der Strand ist ein beliebter Ort f\u00fcr Surfer und Wassersportler und bietet zahlreiche Aktivit\u00e4ten wie Surfen, Paddeln und Segeln.<\/p><p>Neben dem feinen Sand unter den F\u00fc\u00dfen bietet der Strand auch einen Panoramablick auf die sieben vorgelagerten Inseln, die Sie mit den Schnellbooten am Ende des Deiches erreichen k\u00f6nnen.<\/p><p>All das ist f\u00fcr Sie erreichbar, wenn Sie sich in der<a href=\"https:\/\/www.hotel-les-bains-perros-guirec.fr\/de\/tourismus-perros-guirec-bretagne-html\/\">hotel Perros Guirec Les Bains 3*.<\/a>. Warum ist das so? Das Hotel liegt nur wenige Schritte vom Strand von Trestraou entfernt. Je nachdem, wie Sie es w\u00fcnschen, k\u00f6nnen Sie bei der n\u00e4chsten Flut die Wellen teilen oder mit Ihren Lieben oder Ihrem Seelenverwandten den Horizont betrachten.<\/p><h3><span style=\"text-decoration: underline;\"><strong>Helle, ruhige und komfortable Zimmer<\/strong><\/span><\/h3><p>Im Hotel Perros Guirec Les Bains erfahren Sie, was es wirklich bedeutet, ein s\u00fc\u00dfes Leben zu f\u00fchren. Im Best Western H\u00f4tel &amp; Spa Les Bains in Perros Guirec k\u00f6nnen Sie sich mit einem Zimmer, das Ihren W\u00fcnschen entspricht, wohlf\u00fchlen. So k\u00f6nnen Sie, aus welchem Grund auch immer Sie kommen, ob f\u00fcr ein romantisches Wochenende zu zweit oder um sch\u00f6ne Stunden mit Ihrer Familie zu verbringen, die Ruhe in den luxuri\u00f6sen und komfortablen Zimmern des Hotels in vollen Z\u00fcgen genie\u00dfen, ohne das Licht der Meeresk\u00fcste zu vergessen, das Ihren Raum erhellt. Die hochwertigen Annehmlichkeiten, mit denen die Zimmer ausgestattet sind, sind nicht nur Teil des Charmes des Hotels, sondern sorgen auch daf\u00fcr, dass Ihr Aufenthalt noch unvergesslicher wird.<\/p><h3><strong><span style=\"text-decoration: underline;\">Ein idealer Ort f\u00fcr Ihre Firmenseminare<\/span><\/strong><\/h3><p>Das Hotel Perros Guirec Les Bains ist nicht nur ein Ort der Entspannung und des Wohlbefindens. Es ist auch ein idealer Ort, um den Zusammenhalt innerhalb Ihres Teams zu st\u00e4rken oder die Kommunikation zwischen Mitarbeitern und F\u00fchrungskr\u00e4ften zu verbessern. Das Hotel Les Bains liegt im Herzen einer leicht zug\u00e4nglichen Stadt, die Ruhe mit Charme und vielen angenehmen Aktivit\u00e4ten verbindet, und bietet Platz f\u00fcr Ihre Seminare und Firmenaktivit\u00e4ten.<\/p><p>Ihnen stehen ger\u00e4umige R\u00e4ume zur Verf\u00fcgung, die mit geeigneten Materialien ausgestattet sind, damit Ihr Projekt ein Erfolg wird. Wenn Sie also ein Treffen mit Ihren zuk\u00fcnftigen Gesch\u00e4ftspartnern, ein Wohnseminar oder ein Teambuilding planen, teilen Sie dem Team des Hotels Ihr Vorhaben mit. Das hochqualifizierte Personal steht Ihnen zur Verf\u00fcgung, um Ihre Veranstaltung in aller Ruhe zu organisieren. Um Ihre Mitarbeiter zu vereinen und zu motivieren, k\u00f6nnen Sie sich auch f\u00fcr au\u00dfergew\u00f6hnliche Teambuilding-Aktivit\u00e4ten entscheiden, die sowohl zu Land als auch zu Wasser stattfinden.<\/p>\t\t\t\t\t\t\t\t<\/div>\n\t\t\t\t<\/div>\n\t\t\t\t\t<\/div>\n\t\t<\/div>\n\t\t\t\t\t<\/div>\n\t\t<\/section>\n\t\t\t\t<div class=\"elementor-element elementor-element-6ab6ba8 elementor-widget elementor-widget-button\" data-id=\"6ab6ba8\" data-element_type=\"widget\" data-e-type=\"widget\" data-widget_type=\"button.default\">\n\t\t\t\t<div class=\"elementor-widget-container\">\n\t\t\t\t\t\t\t\t\t<div class=\"elementor-button-wrapper\">\n\t\t\t\t\t<a class=\"elementor-button elementor-button-link elementor-size-sm\" href=\"https:\/\/www.hotel-les-bains-perros-guirec.fr\/de\/tourisme-perros-guirec-bretagne.html\">\n\t\t\t\t\t\t<span class=\"elementor-button-content-wrapper\">\n\t\t\t\t\t\t<span class=\"elementor-button-icon\">\n\t\t\t\t<i aria-hidden=\"true\" class=\"eliofont eliofont-arrow-left\"><\/i>\t\t\t<\/span>\n\t\t\t\t\t\t\t\t\t<span class=\"elementor-button-text\">Zur\u00fcck<\/span>\n\t\t\t\t\t<\/span>\n\t\t\t\t\t<\/a>\n\t\t\t\t<\/div>\n\t\t\t\t\t\t\t\t<\/div>\n\t\t\t\t<\/div>\n\t\t\t\t\t<\/div>\n\t\t<\/div>\n\t\t\t\t\t<\/div>\n\t\t<\/section>\n\t\t\t\t<\/div>","protected":false},"excerpt":{"rendered":"<p>Hotel Perros Guirec Pourquoi s\u00e9journer \u00e0 l&rsquo;h\u00f4tel Perros Guirec Les Bains 3* ? Pour vos vacances en famille, vir\u00e9es entre amis ou sorties en couple \u00e0 Perros Guirec, rendez-vous \u00e0 l\u2019h\u00f4tel Les Bains. Profitez de votre s\u00e9jour au calme, derri\u00e8re le front de mer, \u00e0 proximit\u00e9 des activit\u00e9s les plus attractives de la station baln\u00e9aire, [&hellip;]<\/p>\n","protected":false},"author":7,"featured_media":0,"parent":83,"menu_order":0,"comment_status":"closed","ping_status":"closed","template":"","meta":{"inline_featured_image":false,"footnotes":""},"class_list":["post-4961","page","type-page","status-publish","hentry"],"_links":{"self":[{"href":"https:\/\/www.hotel-les-bains-perros-guirec.fr\/de\/wp-json\/wp\/v2\/pages\/4961","targetHints":{"allow":["GET"]}}],"collection":[{"href":"https:\/\/www.hotel-les-bains-perros-guirec.fr\/de\/wp-json\/wp\/v2\/pages"}],"about":[{"href":"https:\/\/www.hotel-les-bains-perros-guirec.fr\/de\/wp-json\/wp\/v2\/types\/page"}],"author":[{"embeddable":true,"href":"https:\/\/www.hotel-les-bains-perros-guirec.fr\/de\/wp-json\/wp\/v2\/users\/7"}],"replies":[{"embeddable":true,"href":"https:\/\/www.hotel-les-bains-perros-guirec.fr\/de\/wp-json\/wp\/v2\/comments?post=4961"}],"version-history":[{"count":7,"href":"https:\/\/www.hotel-les-bains-perros-guirec.fr\/de\/wp-json\/wp\/v2\/pages\/4961\/revisions"}],"predecessor-version":[{"id":4971,"href":"https:\/\/www.hotel-les-bains-perros-guirec.fr\/de\/wp-json\/wp\/v2\/pages\/4961\/revisions\/4971"}],"up":[{"embeddable":true,"href":"https:\/\/www.hotel-les-bains-perros-guirec.fr\/de\/wp-json\/wp\/v2\/pages\/83"}],"wp:attachment":[{"href":"https:\/\/www.hotel-les-bains-perros-guirec.fr\/de\/wp-json\/wp\/v2\/media?parent=4961"}],"curies":[{"name":"wp","href":"https:\/\/api.w.org\/{rel}","templated":true}]}}