{"id":1426,"date":"2022-01-10T17:22:49","date_gmt":"2022-01-10T16:22:49","guid":{"rendered":"https:\/\/www.hotel-les-bains-perros-guirec.fr\/?page_id=1426"},"modified":"2022-02-18T16:21:31","modified_gmt":"2022-02-18T15:21:31","slug":"perros-guirec-hotel","status":"publish","type":"page","link":"https:\/\/www.hotel-les-bains-perros-guirec.fr\/de\/tourisme-perros-guirec-bretagne\/perros-guirec-hotel.html","title":{"rendered":"Perros Guirec Hotel"},"content":{"rendered":"<div data-elementor-type=\"wp-page\" data-elementor-id=\"1426\" class=\"elementor elementor-1426\" data-elementor-post-type=\"page\">\n\t\t\t\t\t\t<section class=\"elementor-section elementor-top-section elementor-element elementor-element-17d208d elementor-section-height-min-height elementor-section-boxed elementor-section-height-default elementor-section-items-middle\" data-id=\"17d208d\" data-element_type=\"section\" data-e-type=\"section\" data-settings=\"{&quot;background_background&quot;:&quot;classic&quot;}\">\n\t\t\t\t\t\t\t<div class=\"elementor-background-overlay\"><\/div>\n\t\t\t\t\t\t\t<div class=\"elementor-container elementor-column-gap-default\">\n\t\t\t\t\t<div class=\"elementor-column elementor-col-100 elementor-top-column elementor-element elementor-element-18a8b4c\" data-id=\"18a8b4c\" data-element_type=\"column\" data-e-type=\"column\">\n\t\t\t<div class=\"elementor-widget-wrap\">\n\t\t\t\t\t\t\t<\/div>\n\t\t<\/div>\n\t\t\t\t\t<\/div>\n\t\t<\/section>\n\t\t\t\t<section class=\"elementor-section elementor-top-section elementor-element elementor-element-a6ebff4 elementor-section-boxed elementor-section-height-default elementor-section-height-default\" data-id=\"a6ebff4\" data-element_type=\"section\" data-e-type=\"section\">\n\t\t\t\t\t\t<div class=\"elementor-container elementor-column-gap-default\">\n\t\t\t\t\t<div class=\"elementor-column elementor-col-100 elementor-top-column elementor-element elementor-element-f390a13\" data-id=\"f390a13\" data-element_type=\"column\" data-e-type=\"column\">\n\t\t\t<div class=\"elementor-widget-wrap elementor-element-populated\">\n\t\t\t\t\t\t<div class=\"elementor-element elementor-element-6fb3149 elementor-widget elementor-widget-heading\" data-id=\"6fb3149\" data-element_type=\"widget\" data-e-type=\"widget\" data-widget_type=\"heading.default\">\n\t\t\t\t<div class=\"elementor-widget-container\">\n\t\t\t\t\t<h1 class=\"elementor-heading-title elementor-size-default\">Perros Guirec Hotel<\/h1>\t\t\t\t<\/div>\n\t\t\t\t<\/div>\n\t\t\t\t<div class=\"elementor-element elementor-element-9f4ff1c elementor-widget elementor-widget-heading\" data-id=\"9f4ff1c\" data-element_type=\"widget\" data-e-type=\"widget\" data-widget_type=\"heading.default\">\n\t\t\t\t<div class=\"elementor-widget-container\">\n\t\t\t\t\t<h2 class=\"elementor-heading-title elementor-size-default\">Hotel*** Best Western les Bains<\/h2>\t\t\t\t<\/div>\n\t\t\t\t<\/div>\n\t\t\t\t<div class=\"elementor-element elementor-element-a4b43a3 elementor-widget-divider--view-line elementor-widget elementor-widget-divider\" data-id=\"a4b43a3\" data-element_type=\"widget\" data-e-type=\"widget\" data-widget_type=\"divider.default\">\n\t\t\t\t<div class=\"elementor-widget-container\">\n\t\t\t\t\t\t\t<div class=\"elementor-divider\">\n\t\t\t<span class=\"elementor-divider-separator\">\n\t\t\t\t\t\t<\/span>\n\t\t<\/div>\n\t\t\t\t\t\t<\/div>\n\t\t\t\t<\/div>\n\t\t\t\t<section class=\"elementor-section elementor-inner-section elementor-element elementor-element-e704274 elementor-section-boxed elementor-section-height-default elementor-section-height-default\" data-id=\"e704274\" data-element_type=\"section\" data-e-type=\"section\">\n\t\t\t\t\t\t<div class=\"elementor-container elementor-column-gap-default\">\n\t\t\t\t\t<div class=\"elementor-column elementor-col-100 elementor-inner-column elementor-element elementor-element-3890343\" data-id=\"3890343\" data-element_type=\"column\" data-e-type=\"column\">\n\t\t\t<div class=\"elementor-widget-wrap elementor-element-populated\">\n\t\t\t\t\t\t<div class=\"elementor-element elementor-element-a1d56c3 elementor-widget elementor-widget-image\" data-id=\"a1d56c3\" data-element_type=\"widget\" data-e-type=\"widget\" data-widget_type=\"image.default\">\n\t\t\t\t<div class=\"elementor-widget-container\">\n\t\t\t\t\t\t\t\t\t\t\t\t\t\t\t<img fetchpriority=\"high\" decoding=\"async\" width=\"672\" height=\"410\" src=\"https:\/\/www.hotel-les-bains-perros-guirec.fr\/wp-content\/uploads\/2022\/01\/0e90262b477a410db1f5f49122b6c71262cac3ce.jpeg\" class=\"attachment-large size-large wp-image-1300\" alt=\"\" srcset=\"https:\/\/www.hotel-les-bains-perros-guirec.fr\/wp-content\/uploads\/2022\/01\/0e90262b477a410db1f5f49122b6c71262cac3ce.jpeg 672w, https:\/\/www.hotel-les-bains-perros-guirec.fr\/wp-content\/uploads\/2022\/01\/0e90262b477a410db1f5f49122b6c71262cac3ce-300x183.jpeg 300w, https:\/\/www.hotel-les-bains-perros-guirec.fr\/wp-content\/uploads\/2022\/01\/0e90262b477a410db1f5f49122b6c71262cac3ce-18x12.jpeg 18w\" sizes=\"(max-width: 672px) 100vw, 672px\" title=\"\">\t\t\t\t\t\t\t\t\t\t\t\t\t\t\t<\/div>\n\t\t\t\t<\/div>\n\t\t\t\t<div class=\"elementor-element elementor-element-b404579 elementor-widget elementor-widget-text-editor\" data-id=\"b404579\" data-element_type=\"widget\" data-e-type=\"widget\" data-widget_type=\"text-editor.default\">\n\t\t\t\t<div class=\"elementor-widget-container\">\n\t\t\t\t\t\t\t\t\t<div class=\"content\">\n<p>Haben Sie Lust, Kurs auf Perros Guirec Bretagne zu nehmen? Das Hotel Best Western les Bains wartet auf Sie! Ihr 3-Sterne-Hotel mit allem Komfort an der C\u00f4te de Granit Rose. Der 30 Meter entfernte Strand von Trestraou und das hoteleigene Spa laden nach einem Spaziergang durch Perros Guirec zum Entspannen und Erholen ein. Sie werden zweifellos versucht sein, den Z\u00f6llnerpfad zu begehen, der Ihnen am Ende des 9 km langen Spaziergangs die ber\u00fchmte Ortschaft Ploumanac'h mit ihren beeindruckenden, 300 Millionen Jahre alten Granitsteinen zeigt! Sie k\u00f6nnen auch das Vogelschutzgebiet der 7 Inseln erkunden, indem Sie eines der am Ende des Deiches angelegten Schnellboote nehmen.<\/p>\n<p><\/p>\n<h3><span style=\"text-decoration: underline;\"><strong>Perros Guirec Hotel Bretagne ; unsere Zimmer :<\/strong><\/span><\/h3>\n<p><\/p>\n<p>Vom alleinstehenden Lernenden bis zur Familie, die einen Urlaub mit abwechselnden Aktivit\u00e4ten, Ruhe und Erholung verbringen m\u00f6chte, erwarten Sie alle unsere Zimmerkategorien, die mit hochwertigen Einrichtungen angereichert sind.<\/p><p><br>- Standardzimmer: Angenehm und mit allem Komfort ausgestattet, den Sie f\u00fcr Ihren Aufenthalt ben\u00f6tigen. Mit einer Fl\u00e4che von 18m\u00b2 und einem Schreibtisch ist dieses Zimmer perfekt f\u00fcr Gesch\u00e4ftsreisende geeignet.<\/p><p>&nbsp; <br>- Komfortzimmer: Dieses Zimmer ist sorgf\u00e4ltig eingerichtet und verf\u00fcgt \u00fcber ein Doppelbett oder zwei Einzelbetten mit hochwertiger Bettw\u00e4sche. Es eignet sich f\u00fcr alle Ihre Aufenthaltsstile.<\/p><p><br>- Zimmer Superior Terrasse: Dieses ger\u00e4umige und ruhige Zimmer entf\u00fchrt Sie ins Land der Tr\u00e4ume und erm\u00f6glicht es Ihnen, die Atmosph\u00e4re der Meeresk\u00fcste in sich aufzunehmen. Das Badezimmer der neuesten Generation mit Badewanne oder italienischer Dusche ist ein sanfter Kokon, in dem Sie mit den Pflegeprodukten von Cinq Mondes nur an sich selbst denken k\u00f6nnen.<\/p><p><br>- Prestige-Zimmer: Diese ger\u00e4umigen und komfortablen Zimmer verbinden auf wunderbare Weise den Charme und die Eleganz eines zeitgen\u00f6ssischen Stils und sind ideal f\u00fcr 2 bis 3 Personen. Das Badezimmer der neuesten Generation mit Badewanne oder italienischer Dusche ist ein sanfter Kokon, in dem Sie mit den Pflegeprodukten von Cinq Mondes nur an sich denken k\u00f6nnen.<\/p><p><br>- Junior Suite: Betreten Sie einen ruhigen Ort in sanften Farbt\u00f6nen mit Fotos von Badenden in Vintage-Atmosph\u00e4re am Kopfende des Bettes, die Sie in die Atmosph\u00e4re der Meeresk\u00fcste eintauchen lassen. Dieses Zimmer ist ideal f\u00fcr Paare oder Familien und bietet Ihnen viel Platz f\u00fcr Komfort an der C\u00f4te de Granit Rose.<\/p><p><br>- Familienzimmer: Das Familienzimmer ist ein gro\u00dfes, f\u00fcr f\u00fcnf Personen konzipiertes Zimmer, das ger\u00e4umig und sinnvoll eingerichtet ist. Es ist sehr ger\u00e4umig und perfekt auf Ihre Bed\u00fcrfnisse zugeschnitten und bietet viel Platz f\u00fcr Paare, Freunde oder die ganze Familie.<\/p>\n<\/div>\t\t\t\t\t\t\t\t<\/div>\n\t\t\t\t<\/div>\n\t\t\t\t\t<\/div>\n\t\t<\/div>\n\t\t\t\t\t<\/div>\n\t\t<\/section>\n\t\t\t\t<div class=\"elementor-element elementor-element-6ab6ba8 elementor-widget elementor-widget-button\" data-id=\"6ab6ba8\" data-element_type=\"widget\" data-e-type=\"widget\" data-widget_type=\"button.default\">\n\t\t\t\t<div class=\"elementor-widget-container\">\n\t\t\t\t\t\t\t\t\t<div class=\"elementor-button-wrapper\">\n\t\t\t\t\t<a class=\"elementor-button elementor-button-link elementor-size-sm\" href=\"https:\/\/www.hotel-les-bains-perros-guirec.fr\/de\/tourisme-perros-guirec-bretagne.html\">\n\t\t\t\t\t\t<span class=\"elementor-button-content-wrapper\">\n\t\t\t\t\t\t<span class=\"elementor-button-icon\">\n\t\t\t\t<i aria-hidden=\"true\" class=\"eliofont eliofont-arrow-left\"><\/i>\t\t\t<\/span>\n\t\t\t\t\t\t\t\t\t<span class=\"elementor-button-text\">Zur\u00fcck<\/span>\n\t\t\t\t\t<\/span>\n\t\t\t\t\t<\/a>\n\t\t\t\t<\/div>\n\t\t\t\t\t\t\t\t<\/div>\n\t\t\t\t<\/div>\n\t\t\t\t\t<\/div>\n\t\t<\/div>\n\t\t\t\t\t<\/div>\n\t\t<\/section>\n\t\t\t\t<\/div>","protected":false},"excerpt":{"rendered":"<p>Perros Guirec H\u00f4tel H\u00f4tel*** Best Western les Bains Envie de mettre le cap sur Perros Guirec Bretagne ? L&rsquo;h\u00f4tel Best Western les Bains vous attend ! Votre h\u00f4tel 3 \u00e9toiles tout confort sur la C\u00f4te de Granit Rose. Situ\u00e9 \u00e0 30 m\u00e8tres, la Plage de Trestraou et le spa de l\u2019h\u00f4tel sont une invitation \u00e0 [&hellip;]<\/p>\n","protected":false},"author":3,"featured_media":0,"parent":83,"menu_order":0,"comment_status":"closed","ping_status":"closed","template":"","meta":{"inline_featured_image":false,"footnotes":""},"class_list":["post-1426","page","type-page","status-publish","hentry"],"_links":{"self":[{"href":"https:\/\/www.hotel-les-bains-perros-guirec.fr\/de\/wp-json\/wp\/v2\/pages\/1426","targetHints":{"allow":["GET"]}}],"collection":[{"href":"https:\/\/www.hotel-les-bains-perros-guirec.fr\/de\/wp-json\/wp\/v2\/pages"}],"about":[{"href":"https:\/\/www.hotel-les-bains-perros-guirec.fr\/de\/wp-json\/wp\/v2\/types\/page"}],"author":[{"embeddable":true,"href":"https:\/\/www.hotel-les-bains-perros-guirec.fr\/de\/wp-json\/wp\/v2\/users\/3"}],"replies":[{"embeddable":true,"href":"https:\/\/www.hotel-les-bains-perros-guirec.fr\/de\/wp-json\/wp\/v2\/comments?post=1426"}],"version-history":[{"count":20,"href":"https:\/\/www.hotel-les-bains-perros-guirec.fr\/de\/wp-json\/wp\/v2\/pages\/1426\/revisions"}],"predecessor-version":[{"id":3210,"href":"https:\/\/www.hotel-les-bains-perros-guirec.fr\/de\/wp-json\/wp\/v2\/pages\/1426\/revisions\/3210"}],"up":[{"embeddable":true,"href":"https:\/\/www.hotel-les-bains-perros-guirec.fr\/de\/wp-json\/wp\/v2\/pages\/83"}],"wp:attachment":[{"href":"https:\/\/www.hotel-les-bains-perros-guirec.fr\/de\/wp-json\/wp\/v2\/media?parent=1426"}],"curies":[{"name":"wp","href":"https:\/\/api.w.org\/{rel}","templated":true}]}}