{"id":1425,"date":"2022-01-10T17:12:55","date_gmt":"2022-01-10T16:12:55","guid":{"rendered":"https:\/\/www.hotel-les-bains-perros-guirec.fr\/?page_id=1425"},"modified":"2022-02-18T16:20:13","modified_gmt":"2022-02-18T15:20:13","slug":"infos-spa-perros-guirec","status":"publish","type":"page","link":"https:\/\/www.hotel-les-bains-perros-guirec.fr\/de\/tourisme-perros-guirec-bretagne\/infos-spa-perros-guirec.html","title":{"rendered":"Spa Perros Guirec"},"content":{"rendered":"<div data-elementor-type=\"wp-page\" data-elementor-id=\"1425\" class=\"elementor elementor-1425\" data-elementor-post-type=\"page\">\n\t\t\t\t\t\t<section class=\"elementor-section elementor-top-section elementor-element elementor-element-17d208d elementor-section-height-min-height elementor-section-boxed elementor-section-height-default elementor-section-items-middle\" data-id=\"17d208d\" data-element_type=\"section\" data-e-type=\"section\" data-settings=\"{&quot;background_background&quot;:&quot;classic&quot;}\">\n\t\t\t\t\t\t\t<div class=\"elementor-background-overlay\"><\/div>\n\t\t\t\t\t\t\t<div class=\"elementor-container elementor-column-gap-default\">\n\t\t\t\t\t<div class=\"elementor-column elementor-col-100 elementor-top-column elementor-element elementor-element-2d470d3\" data-id=\"2d470d3\" data-element_type=\"column\" data-e-type=\"column\">\n\t\t\t<div class=\"elementor-widget-wrap\">\n\t\t\t\t\t\t\t<\/div>\n\t\t<\/div>\n\t\t\t\t\t<\/div>\n\t\t<\/section>\n\t\t\t\t<section class=\"elementor-section elementor-top-section elementor-element elementor-element-a6ebff4 elementor-section-boxed elementor-section-height-default elementor-section-height-default\" data-id=\"a6ebff4\" data-element_type=\"section\" data-e-type=\"section\">\n\t\t\t\t\t\t<div class=\"elementor-container elementor-column-gap-default\">\n\t\t\t\t\t<div class=\"elementor-column elementor-col-100 elementor-top-column elementor-element elementor-element-f390a13\" data-id=\"f390a13\" data-element_type=\"column\" data-e-type=\"column\">\n\t\t\t<div class=\"elementor-widget-wrap elementor-element-populated\">\n\t\t\t\t\t\t<div class=\"elementor-element elementor-element-6fb3149 elementor-widget elementor-widget-heading\" data-id=\"6fb3149\" data-element_type=\"widget\" data-e-type=\"widget\" data-widget_type=\"heading.default\">\n\t\t\t\t<div class=\"elementor-widget-container\">\n\t\t\t\t\t<h1 class=\"elementor-heading-title elementor-size-default\">Perros Guirec Hotel Spa<\/h1>\t\t\t\t<\/div>\n\t\t\t\t<\/div>\n\t\t\t\t<div class=\"elementor-element elementor-element-9f4ff1c elementor-widget elementor-widget-heading\" data-id=\"9f4ff1c\" data-element_type=\"widget\" data-e-type=\"widget\" data-widget_type=\"heading.default\">\n\t\t\t\t<div class=\"elementor-widget-container\">\n\t\t\t\t\t<h2 class=\"elementor-heading-title elementor-size-default\">Wellness, Entspannung und Erholung<\/h2>\t\t\t\t<\/div>\n\t\t\t\t<\/div>\n\t\t\t\t<div class=\"elementor-element elementor-element-a4b43a3 elementor-widget-divider--view-line elementor-widget elementor-widget-divider\" data-id=\"a4b43a3\" data-element_type=\"widget\" data-e-type=\"widget\" data-widget_type=\"divider.default\">\n\t\t\t\t<div class=\"elementor-widget-container\">\n\t\t\t\t\t\t\t<div class=\"elementor-divider\">\n\t\t\t<span class=\"elementor-divider-separator\">\n\t\t\t\t\t\t<\/span>\n\t\t<\/div>\n\t\t\t\t\t\t<\/div>\n\t\t\t\t<\/div>\n\t\t\t\t<section class=\"elementor-section elementor-inner-section elementor-element elementor-element-e704274 elementor-section-boxed elementor-section-height-default elementor-section-height-default\" data-id=\"e704274\" data-element_type=\"section\" data-e-type=\"section\">\n\t\t\t\t\t\t<div class=\"elementor-container elementor-column-gap-default\">\n\t\t\t\t\t<div class=\"elementor-column elementor-col-100 elementor-inner-column elementor-element elementor-element-3890343\" data-id=\"3890343\" data-element_type=\"column\" data-e-type=\"column\">\n\t\t\t<div class=\"elementor-widget-wrap elementor-element-populated\">\n\t\t\t\t\t\t<div class=\"elementor-element elementor-element-a1d56c3 elementor-widget elementor-widget-image\" data-id=\"a1d56c3\" data-element_type=\"widget\" data-e-type=\"widget\" data-widget_type=\"image.default\">\n\t\t\t\t<div class=\"elementor-widget-container\">\n\t\t\t\t\t\t\t\t\t\t\t\t\t\t\t<img fetchpriority=\"high\" decoding=\"async\" width=\"800\" height=\"534\" src=\"https:\/\/www.hotel-les-bains-perros-guirec.fr\/wp-content\/uploads\/2022\/01\/reservation-hotel-hotel-les-bains-perros-guirec-56020-1024x683.jpg\" class=\"attachment-large size-large wp-image-954\" alt=\"\" srcset=\"https:\/\/www.hotel-les-bains-perros-guirec.fr\/wp-content\/uploads\/2022\/01\/reservation-hotel-hotel-les-bains-perros-guirec-56020-1024x683.jpg 1024w, https:\/\/www.hotel-les-bains-perros-guirec.fr\/wp-content\/uploads\/2022\/01\/reservation-hotel-hotel-les-bains-perros-guirec-56020-300x200.jpg 300w, https:\/\/www.hotel-les-bains-perros-guirec.fr\/wp-content\/uploads\/2022\/01\/reservation-hotel-hotel-les-bains-perros-guirec-56020-768x512.jpg 768w, https:\/\/www.hotel-les-bains-perros-guirec.fr\/wp-content\/uploads\/2022\/01\/reservation-hotel-hotel-les-bains-perros-guirec-56020-1536x1024.jpg 1536w, https:\/\/www.hotel-les-bains-perros-guirec.fr\/wp-content\/uploads\/2022\/01\/reservation-hotel-hotel-les-bains-perros-guirec-56020-18x12.jpg 18w, https:\/\/www.hotel-les-bains-perros-guirec.fr\/wp-content\/uploads\/2022\/01\/reservation-hotel-hotel-les-bains-perros-guirec-56020.jpg 1920w\" sizes=\"(max-width: 800px) 100vw, 800px\" title=\"\">\t\t\t\t\t\t\t\t\t\t\t\t\t\t\t<\/div>\n\t\t\t\t<\/div>\n\t\t\t\t<div class=\"elementor-element elementor-element-b404579 elementor-widget elementor-widget-text-editor\" data-id=\"b404579\" data-element_type=\"widget\" data-e-type=\"widget\" data-widget_type=\"text-editor.default\">\n\t\t\t\t<div class=\"elementor-widget-container\">\n\t\t\t\t\t\t\t\t\t<div class=\"content\">\n<p>Sie halten sich in Perros Guirec auf und suchen ein Spa-Hotel? Dann ist das Best Western Les Bains Spa-Hotel genau das Richtige f\u00fcr Sie! Unser Spa- und Balneotherapiebereich tr\u00e4gt das G\u00fctesiegel \"Spas de France\", das seine Qualit\u00e4t bescheinigt. Wir bieten unsere Behandlungen mit den renommierten Produktlinien CINQ M\u00d5NDES &amp; THALGO an. Das Hotel Spa Les Bains in Perros Guirec bietet auch Kuraufenthalte mit unterschiedlicher Dauer an.<\/p>\n<h3><span style=\"text-decoration: underline;\"><strong>Spa Perros Guirec; unsere Einrichtungen :<\/strong><\/span><\/h3>\n<p><\/p>\n<p>Unser Spa und sein Sinnesbereich bieten verschiedene M\u00f6glichkeiten, sich zu entspannen. So k\u00f6nnen Sie das Hammam in vollen Z\u00fcgen genie\u00dfen, das gut f\u00fcr K\u00f6rper und Geist, die Atemwege und den Blutkreislauf ist. Es hilft Ihnen auch, Giftstoffe auszuscheiden, Ihren K\u00f6rper besser mit Sauerstoff zu versorgen und besser zu schlafen. Die skandinavische Sauna beschleunigt das Schwitzen mit ihrer trockenen und intensiven Hitze, um innere Spannungen, Muskeln und Stress abzubauen; dies f\u00fchrt zur Beseitigung von Unreinheiten und zur St\u00e4rkung des Immunsystems. Die Sinnesdusche ist ein einzigartiges Erlebnis, das Farbtherapie, Lichttherapie und auditive Stimulation vereint, um Sie vom Trubel drau\u00dfen abzuschirmen.<\/p><p><br><\/p>\n<p>F\u00fcr besondere Momente k\u00f6nnen Sie das Spa von 21:00 bis 22:30 Uhr privatisieren, sei es mit der Familie, mit Freunden oder sogar f\u00fcr einen Wellnessmoment zu zweit!<\/p>\n<p>Wenn Sie weitere Informationen w\u00fcnschen, besuchen Sie die offizielle Website unseres Spas in Perros Guirec, wo Sie unsere Behandlungen \u00e0 la carte oder auch unsere Pauschalangebote und Kuren finden. Um einen Eindruck von unserer Atmosph\u00e4re und unserem Konzept zu bekommen, besuchen Sie unsere Fotogalerie.<\/p><p><br><\/p>\n<p>G\u00f6nnen Sie sich einen Moment der Entspannung im Spa Les Bains Perros Guirec, bevor Sie sich in die komfortablen Zimmer des Hotels begeben; nach einem Spaziergang auf dem Z\u00f6llnerpfad, an der C\u00f4te de Granit Rose oder einem Ausflug nach Ploumanac'h... Jeder Moment ist gut, um sich zu entspannen!<\/p>\n<p>Best Western H\u00f4tel Les Bains f\u00fcr einen gelungenen, beruhigenden und entr\u00fcckenden Aufenthalt im Herzen der C\u00f4tes d'Armor, in Perros Guirec. Z\u00f6gern Sie nicht, uns f\u00fcr weitere Informationen zu kontaktieren und buchen Sie direkt zum besten Preis!<\/p>\n<\/div>\t\t\t\t\t\t\t\t<\/div>\n\t\t\t\t<\/div>\n\t\t\t\t\t<\/div>\n\t\t<\/div>\n\t\t\t\t\t<\/div>\n\t\t<\/section>\n\t\t\t\t<div class=\"elementor-element elementor-element-6ab6ba8 elementor-widget elementor-widget-button\" data-id=\"6ab6ba8\" data-element_type=\"widget\" data-e-type=\"widget\" data-widget_type=\"button.default\">\n\t\t\t\t<div class=\"elementor-widget-container\">\n\t\t\t\t\t\t\t\t\t<div class=\"elementor-button-wrapper\">\n\t\t\t\t\t<a class=\"elementor-button elementor-button-link elementor-size-sm\" href=\"https:\/\/www.hotel-les-bains-perros-guirec.fr\/de\/tourisme-perros-guirec-bretagne.html\">\n\t\t\t\t\t\t<span class=\"elementor-button-content-wrapper\">\n\t\t\t\t\t\t<span class=\"elementor-button-icon\">\n\t\t\t\t<i aria-hidden=\"true\" class=\"eliofont eliofont-arrow-left\"><\/i>\t\t\t<\/span>\n\t\t\t\t\t\t\t\t\t<span class=\"elementor-button-text\">Zur\u00fcck<\/span>\n\t\t\t\t\t<\/span>\n\t\t\t\t\t<\/a>\n\t\t\t\t<\/div>\n\t\t\t\t\t\t\t\t<\/div>\n\t\t\t\t<\/div>\n\t\t\t\t\t<\/div>\n\t\t<\/div>\n\t\t\t\t\t<\/div>\n\t\t<\/section>\n\t\t\t\t<\/div>","protected":false},"excerpt":{"rendered":"<p>Perros Guirec H\u00f4tel Spa Bien-\u00catre, D\u00e9tente et Relaxation En s\u00e9jour \u00e0 Perros Guirec \u00e0 la recherche d&rsquo;un H\u00f4tel Spa ? Cap sur l&rsquo;H\u00f4tel Spa Best Western Les Bains, bien s\u00fbr ! Notre espace Spa et Baln\u00e9oth\u00e9rapie est labellis\u00e9 Spas de France attestant de sa qualit\u00e9. Nous agr\u00e9mentons nos soins avec les gammes prestigieuses CINQ M\u00d5NDES [&hellip;]<\/p>\n","protected":false},"author":3,"featured_media":0,"parent":83,"menu_order":0,"comment_status":"closed","ping_status":"closed","template":"","meta":{"inline_featured_image":false,"footnotes":""},"class_list":["post-1425","page","type-page","status-publish","hentry"],"_links":{"self":[{"href":"https:\/\/www.hotel-les-bains-perros-guirec.fr\/de\/wp-json\/wp\/v2\/pages\/1425","targetHints":{"allow":["GET"]}}],"collection":[{"href":"https:\/\/www.hotel-les-bains-perros-guirec.fr\/de\/wp-json\/wp\/v2\/pages"}],"about":[{"href":"https:\/\/www.hotel-les-bains-perros-guirec.fr\/de\/wp-json\/wp\/v2\/types\/page"}],"author":[{"embeddable":true,"href":"https:\/\/www.hotel-les-bains-perros-guirec.fr\/de\/wp-json\/wp\/v2\/users\/3"}],"replies":[{"embeddable":true,"href":"https:\/\/www.hotel-les-bains-perros-guirec.fr\/de\/wp-json\/wp\/v2\/comments?post=1425"}],"version-history":[{"count":25,"href":"https:\/\/www.hotel-les-bains-perros-guirec.fr\/de\/wp-json\/wp\/v2\/pages\/1425\/revisions"}],"predecessor-version":[{"id":3207,"href":"https:\/\/www.hotel-les-bains-perros-guirec.fr\/de\/wp-json\/wp\/v2\/pages\/1425\/revisions\/3207"}],"up":[{"embeddable":true,"href":"https:\/\/www.hotel-les-bains-perros-guirec.fr\/de\/wp-json\/wp\/v2\/pages\/83"}],"wp:attachment":[{"href":"https:\/\/www.hotel-les-bains-perros-guirec.fr\/de\/wp-json\/wp\/v2\/media?parent=1425"}],"curies":[{"name":"wp","href":"https:\/\/api.w.org\/{rel}","templated":true}]}}