{"id":1424,"date":"2022-01-10T17:12:48","date_gmt":"2022-01-10T16:12:48","guid":{"rendered":"https:\/\/www.hotel-les-bains-perros-guirec.fr\/?page_id=1424"},"modified":"2024-02-04T20:49:29","modified_gmt":"2024-02-04T19:49:29","slug":"infos-hotel-perros-guirec","status":"publish","type":"page","link":"https:\/\/www.hotel-les-bains-perros-guirec.fr\/de\/tourisme-perros-guirec-bretagne\/infos-hotel-perros-guirec.html","title":{"rendered":"Hotel Perros Guirec"},"content":{"rendered":"<div data-elementor-type=\"wp-page\" data-elementor-id=\"1424\" class=\"elementor elementor-1424\" data-elementor-post-type=\"page\">\n\t\t\t\t\t\t<section class=\"elementor-section elementor-top-section elementor-element elementor-element-17d208d elementor-section-height-min-height elementor-section-boxed elementor-section-height-default elementor-section-items-middle\" data-id=\"17d208d\" data-element_type=\"section\" data-e-type=\"section\" data-settings=\"{&quot;background_background&quot;:&quot;classic&quot;}\">\n\t\t\t\t\t\t\t<div class=\"elementor-background-overlay\"><\/div>\n\t\t\t\t\t\t\t<div class=\"elementor-container elementor-column-gap-default\">\n\t\t\t\t\t<div class=\"elementor-column elementor-col-100 elementor-top-column elementor-element elementor-element-18a8b4c\" data-id=\"18a8b4c\" data-element_type=\"column\" data-e-type=\"column\">\n\t\t\t<div class=\"elementor-widget-wrap\">\n\t\t\t\t\t\t\t<\/div>\n\t\t<\/div>\n\t\t\t\t\t<\/div>\n\t\t<\/section>\n\t\t\t\t<section class=\"elementor-section elementor-top-section elementor-element elementor-element-a6ebff4 elementor-section-boxed elementor-section-height-default elementor-section-height-default\" data-id=\"a6ebff4\" data-element_type=\"section\" data-e-type=\"section\">\n\t\t\t\t\t\t<div class=\"elementor-container elementor-column-gap-default\">\n\t\t\t\t\t<div class=\"elementor-column elementor-col-100 elementor-top-column elementor-element elementor-element-f390a13\" data-id=\"f390a13\" data-element_type=\"column\" data-e-type=\"column\">\n\t\t\t<div class=\"elementor-widget-wrap elementor-element-populated\">\n\t\t\t\t\t\t<div class=\"elementor-element elementor-element-6fb3149 elementor-widget elementor-widget-heading\" data-id=\"6fb3149\" data-element_type=\"widget\" data-e-type=\"widget\" data-widget_type=\"heading.default\">\n\t\t\t\t<div class=\"elementor-widget-container\">\n\t\t\t\t\t<h1 class=\"elementor-heading-title elementor-size-default\">Hotel Perros Guirec Meerblick<\/h1>\t\t\t\t<\/div>\n\t\t\t\t<\/div>\n\t\t\t\t<div class=\"elementor-element elementor-element-9f4ff1c elementor-widget elementor-widget-heading\" data-id=\"9f4ff1c\" data-element_type=\"widget\" data-e-type=\"widget\" data-widget_type=\"heading.default\">\n\t\t\t\t<div class=\"elementor-widget-container\">\n\t\t\t\t\t<h2 class=\"elementor-heading-title elementor-size-default\">Entdecken Sie die Bretagne und ihre Sch\u00e4tze<\/h2>\t\t\t\t<\/div>\n\t\t\t\t<\/div>\n\t\t\t\t<div class=\"elementor-element elementor-element-a4b43a3 elementor-widget-divider--view-line elementor-widget elementor-widget-divider\" data-id=\"a4b43a3\" data-element_type=\"widget\" data-e-type=\"widget\" data-widget_type=\"divider.default\">\n\t\t\t\t<div class=\"elementor-widget-container\">\n\t\t\t\t\t\t\t<div class=\"elementor-divider\">\n\t\t\t<span class=\"elementor-divider-separator\">\n\t\t\t\t\t\t<\/span>\n\t\t<\/div>\n\t\t\t\t\t\t<\/div>\n\t\t\t\t<\/div>\n\t\t\t\t<section class=\"elementor-section elementor-inner-section elementor-element elementor-element-e704274 elementor-section-boxed elementor-section-height-default elementor-section-height-default\" data-id=\"e704274\" data-element_type=\"section\" data-e-type=\"section\">\n\t\t\t\t\t\t<div class=\"elementor-container elementor-column-gap-default\">\n\t\t\t\t\t<div class=\"elementor-column elementor-col-100 elementor-inner-column elementor-element elementor-element-3890343\" data-id=\"3890343\" data-element_type=\"column\" data-e-type=\"column\">\n\t\t\t<div class=\"elementor-widget-wrap elementor-element-populated\">\n\t\t\t\t\t\t<div class=\"elementor-element elementor-element-a1d56c3 elementor-widget elementor-widget-image\" data-id=\"a1d56c3\" data-element_type=\"widget\" data-e-type=\"widget\" data-widget_type=\"image.default\">\n\t\t\t\t<div class=\"elementor-widget-container\">\n\t\t\t\t\t\t\t\t\t\t\t\t\t\t\t<img fetchpriority=\"high\" decoding=\"async\" width=\"800\" height=\"531\" src=\"https:\/\/www.hotel-les-bains-perros-guirec.fr\/wp-content\/uploads\/2021\/12\/reservation-hotel-hotel-les-bains-perros-guirec-56019-1024x680.jpg\" class=\"attachment-large size-large wp-image-118\" alt=\"\" srcset=\"https:\/\/www.hotel-les-bains-perros-guirec.fr\/wp-content\/uploads\/2021\/12\/reservation-hotel-hotel-les-bains-perros-guirec-56019-1024x680.jpg 1024w, https:\/\/www.hotel-les-bains-perros-guirec.fr\/wp-content\/uploads\/2021\/12\/reservation-hotel-hotel-les-bains-perros-guirec-56019-300x199.jpg 300w, https:\/\/www.hotel-les-bains-perros-guirec.fr\/wp-content\/uploads\/2021\/12\/reservation-hotel-hotel-les-bains-perros-guirec-56019-768x510.jpg 768w, https:\/\/www.hotel-les-bains-perros-guirec.fr\/wp-content\/uploads\/2021\/12\/reservation-hotel-hotel-les-bains-perros-guirec-56019-1536x1020.jpg 1536w, https:\/\/www.hotel-les-bains-perros-guirec.fr\/wp-content\/uploads\/2021\/12\/reservation-hotel-hotel-les-bains-perros-guirec-56019-18x12.jpg 18w, https:\/\/www.hotel-les-bains-perros-guirec.fr\/wp-content\/uploads\/2021\/12\/reservation-hotel-hotel-les-bains-perros-guirec-56019.jpg 1920w\" sizes=\"(max-width: 800px) 100vw, 800px\" title=\"\">\t\t\t\t\t\t\t\t\t\t\t\t\t\t\t<\/div>\n\t\t\t\t<\/div>\n\t\t\t\t<div class=\"elementor-element elementor-element-b404579 elementor-widget elementor-widget-text-editor\" data-id=\"b404579\" data-element_type=\"widget\" data-e-type=\"widget\" data-widget_type=\"text-editor.default\">\n\t\t\t\t<div class=\"elementor-widget-container\">\n\t\t\t\t\t\t\t\t\t<div class=\"content\"><p>Hotel Perros Guirec ? Best Western hotel les bains! Suchen Sie nicht l\u00e4nger nach Ihrem <strong>hotel<a href=\"https:\/\/www.hotel-les-bains-perros-guirec.fr\/de\/tourismus-perros-guirec-bretagne\/hotel-les-bains-html\/\"> Perros Guirec<\/a><\/strong> Meerblick in der Region C\u00f4tes-d'Armor. Wir sind nur 30 Meter vom Trestraou-Strand entfernt, einem 1,4 km langen, feinen Sandstrand. Wassersport, Restaurants und Kasino stehen auf dem Programm; in Perros Guirec gibt es so viel zu tun! Bewundern Sie die sieben Inseln vor der K\u00fcste, die Sie an Bord der am Ende des Deichs angelegten Schnellboote erkunden k\u00f6nnen. Von der Plage de Trestraou aus k\u00f6nnen Sie den Z\u00f6llnerpfad GR34 begehen, der Geschichte und Natur miteinander verbindet. Auf diesem Weg k\u00f6nnen Sie den Naturhafen von Ploumanac'h, den Strand von Saint-Guirec mit seinem Oratorium oder das Maison du Littoral und vieles mehr entdecken!<\/p><h3><span style=\"text-decoration: underline;\"><strong>Hotel Perros Guirec; unsere Leistungen :<\/strong><\/span><\/h3><p>Wir bieten im Hotel in Perros Guirec einen Meerblick mehrere Dienstleistungen an, die Sie begeistern werden: Spa &amp; Balneotherapie, Fitnessraum, Bar &amp; Lounge, Business Corner &amp; Tagungsr\u00e4ume, W\u00e4scherei, 24-Stunden-Rezeption, freier und kostenloser Parkplatz und kostenpflichtiger, sicherer 24-Stunden-Parkplatz... Das Hotel ist f\u00fcr Behinderte zug\u00e4nglich und Haustiere sind erlaubt. Lassen Sie sich zu einem entspannenden und exotischen Aufenthalt in der Bretagne verf\u00fchren, wir k\u00fcmmern uns um alles!<\/p><h3><span style=\"text-decoration: underline;\"><strong>Wie kommen Sie zu unserem Hotel in Perros Guirec?<\/strong><\/span><\/h3><p><b>Mit dem Auto :<\/b><\/p><p><span style=\"color: var( --e-global-color-text ); font-family: var( --e-global-typography-text-font-family ); font-size: var( --e-global-typography-text-font-size ); font-weight: var( --e-global-typography-text-font-weight );\">Von Paris: A 10 Paris-Rennes, dann auf die A 81 Richtung Rennes \/Laval. Fahren Sie am<\/span><\/p><p>Mautstelle, nehmen Sie die Ausfahrt 1 (N136), dann die N12 und folgen Sie Perros-Guirec Plage de Trestraou.<br \/>Von Nantes aus : A 11 Richtung Rennes, dann N136 und N12 Folgen Sie Perros-Guirec Plage de Trestraou.<br \/>GPS-Koordinaten: Breitengrad 48.814947, L\u00e4ngengrad -3.458832<\/p><p><b>Mit dem Zug :\u00a0<\/b><\/p><p><span style=\"color: var( --e-global-color-text ); font-family: var( --e-global-typography-text-font-family ); font-size: var( --e-global-typography-text-font-size ); font-weight: var( --e-global-typography-text-font-weight );\">Bahnhof Lannion: 15 Minuten<\/span><\/p><p>TGV-Bahnhof Guingamp: 40 Minuten (TGV-Direktverbindung Paris-Lannion im Juli\/August<br \/>dann 15 Minuten vom SNCF-Bahnhof in Lannion).<\/p><p><b>Mit dem Flugzeug :<\/b><\/p><p>Flughafen Brest Guipavas, 1,5 Stunden mit dem Auto entfernt<br \/>Flughafen Rennes 1 Stunde 45 Minuten mit dem Auto entfernt<\/p><p>Z\u00f6gern Sie nicht, uns zu kontaktieren!<\/p><\/div>\t\t\t\t\t\t\t\t<\/div>\n\t\t\t\t<\/div>\n\t\t\t\t\t<\/div>\n\t\t<\/div>\n\t\t\t\t\t<\/div>\n\t\t<\/section>\n\t\t\t\t<div class=\"elementor-element elementor-element-6ab6ba8 elementor-widget elementor-widget-button\" data-id=\"6ab6ba8\" data-element_type=\"widget\" data-e-type=\"widget\" data-widget_type=\"button.default\">\n\t\t\t\t<div class=\"elementor-widget-container\">\n\t\t\t\t\t\t\t\t\t<div class=\"elementor-button-wrapper\">\n\t\t\t\t\t<a class=\"elementor-button elementor-button-link elementor-size-sm\" href=\"https:\/\/www.hotel-les-bains-perros-guirec.fr\/de\/tourisme-perros-guirec-bretagne.html\">\n\t\t\t\t\t\t<span class=\"elementor-button-content-wrapper\">\n\t\t\t\t\t\t<span class=\"elementor-button-icon\">\n\t\t\t\t<i aria-hidden=\"true\" class=\"eliofont eliofont-arrow-left\"><\/i>\t\t\t<\/span>\n\t\t\t\t\t\t\t\t\t<span class=\"elementor-button-text\">Zur\u00fcck<\/span>\n\t\t\t\t\t<\/span>\n\t\t\t\t\t<\/a>\n\t\t\t\t<\/div>\n\t\t\t\t\t\t\t\t<\/div>\n\t\t\t\t<\/div>\n\t\t\t\t\t<\/div>\n\t\t<\/div>\n\t\t\t\t\t<\/div>\n\t\t<\/section>\n\t\t\t\t<\/div>","protected":false},"excerpt":{"rendered":"<p>H\u00f4tel Perros Guirec Vue Mer D\u00e9couvrez la Bretagne et ses tr\u00e9sors H\u00f4tel Perros Guirec ? Best Western h\u00f4tel les bains ! Ne cherchez plus votre h\u00f4tel Perros Guirec vue mer dans les C\u00f4tes-d\u2019Armor. Nous sommes \u00e0 30 m\u00e8tres de la Plage de Trestraou, cette plage de sable fin s\u2019\u00e9tendant sur 1.4km. Au programme sports nautiques, [&hellip;]<\/p>\n","protected":false},"author":3,"featured_media":0,"parent":83,"menu_order":0,"comment_status":"closed","ping_status":"closed","template":"","meta":{"inline_featured_image":false,"footnotes":""},"class_list":["post-1424","page","type-page","status-publish","hentry"],"_links":{"self":[{"href":"https:\/\/www.hotel-les-bains-perros-guirec.fr\/de\/wp-json\/wp\/v2\/pages\/1424","targetHints":{"allow":["GET"]}}],"collection":[{"href":"https:\/\/www.hotel-les-bains-perros-guirec.fr\/de\/wp-json\/wp\/v2\/pages"}],"about":[{"href":"https:\/\/www.hotel-les-bains-perros-guirec.fr\/de\/wp-json\/wp\/v2\/types\/page"}],"author":[{"embeddable":true,"href":"https:\/\/www.hotel-les-bains-perros-guirec.fr\/de\/wp-json\/wp\/v2\/users\/3"}],"replies":[{"embeddable":true,"href":"https:\/\/www.hotel-les-bains-perros-guirec.fr\/de\/wp-json\/wp\/v2\/comments?post=1424"}],"version-history":[{"count":34,"href":"https:\/\/www.hotel-les-bains-perros-guirec.fr\/de\/wp-json\/wp\/v2\/pages\/1424\/revisions"}],"predecessor-version":[{"id":5380,"href":"https:\/\/www.hotel-les-bains-perros-guirec.fr\/de\/wp-json\/wp\/v2\/pages\/1424\/revisions\/5380"}],"up":[{"embeddable":true,"href":"https:\/\/www.hotel-les-bains-perros-guirec.fr\/de\/wp-json\/wp\/v2\/pages\/83"}],"wp:attachment":[{"href":"https:\/\/www.hotel-les-bains-perros-guirec.fr\/de\/wp-json\/wp\/v2\/media?parent=1424"}],"curies":[{"name":"wp","href":"https:\/\/api.w.org\/{rel}","templated":true}]}}