{"id":1423,"date":"2022-01-10T17:12:36","date_gmt":"2022-01-10T16:12:36","guid":{"rendered":"https:\/\/www.hotel-les-bains-perros-guirec.fr\/?page_id=1423"},"modified":"2022-02-18T16:04:44","modified_gmt":"2022-02-18T15:04:44","slug":"hotel-spa-perros-guirec","status":"publish","type":"page","link":"https:\/\/www.hotel-les-bains-perros-guirec.fr\/de\/tourisme-perros-guirec-bretagne\/hotel-spa-perros-guirec.html","title":{"rendered":"Unser Spa-Hotel in Perros Guirec"},"content":{"rendered":"<div data-elementor-type=\"wp-page\" data-elementor-id=\"1423\" class=\"elementor elementor-1423\" data-elementor-post-type=\"page\">\n\t\t\t\t\t\t<section class=\"elementor-section elementor-top-section elementor-element elementor-element-17d208d elementor-section-height-min-height elementor-section-boxed elementor-section-height-default elementor-section-items-middle\" data-id=\"17d208d\" data-element_type=\"section\" data-e-type=\"section\" data-settings=\"{&quot;background_background&quot;:&quot;classic&quot;}\">\n\t\t\t\t\t\t\t<div class=\"elementor-background-overlay\"><\/div>\n\t\t\t\t\t\t\t<div class=\"elementor-container elementor-column-gap-default\">\n\t\t\t\t\t<div class=\"elementor-column elementor-col-100 elementor-top-column elementor-element elementor-element-18a8b4c\" data-id=\"18a8b4c\" data-element_type=\"column\" data-e-type=\"column\">\n\t\t\t<div class=\"elementor-widget-wrap\">\n\t\t\t\t\t\t\t<\/div>\n\t\t<\/div>\n\t\t\t\t\t<\/div>\n\t\t<\/section>\n\t\t\t\t<section class=\"elementor-section elementor-top-section elementor-element elementor-element-a6ebff4 elementor-section-boxed elementor-section-height-default elementor-section-height-default\" data-id=\"a6ebff4\" data-element_type=\"section\" data-e-type=\"section\">\n\t\t\t\t\t\t<div class=\"elementor-container elementor-column-gap-default\">\n\t\t\t\t\t<div class=\"elementor-column elementor-col-100 elementor-top-column elementor-element elementor-element-f390a13\" data-id=\"f390a13\" data-element_type=\"column\" data-e-type=\"column\">\n\t\t\t<div class=\"elementor-widget-wrap elementor-element-populated\">\n\t\t\t\t\t\t<div class=\"elementor-element elementor-element-6fb3149 elementor-widget elementor-widget-heading\" data-id=\"6fb3149\" data-element_type=\"widget\" data-e-type=\"widget\" data-widget_type=\"heading.default\">\n\t\t\t\t<div class=\"elementor-widget-container\">\n\t\t\t\t\t<h1 class=\"elementor-heading-title elementor-size-default\">Unser Hotel Les Bains in Perros Guirec<\/h1>\t\t\t\t<\/div>\n\t\t\t\t<\/div>\n\t\t\t\t<div class=\"elementor-element elementor-element-9f4ff1c elementor-widget elementor-widget-heading\" data-id=\"9f4ff1c\" data-element_type=\"widget\" data-e-type=\"widget\" data-widget_type=\"heading.default\">\n\t\t\t\t<div class=\"elementor-widget-container\">\n\t\t\t\t\t<h2 class=\"elementor-heading-title elementor-size-default\">ein bretonisches Spa-Hotel im Zentrum der Rosa Granitk\u00fcste<\/h2>\t\t\t\t<\/div>\n\t\t\t\t<\/div>\n\t\t\t\t<div class=\"elementor-element elementor-element-a4b43a3 elementor-widget-divider--view-line elementor-widget elementor-widget-divider\" data-id=\"a4b43a3\" data-element_type=\"widget\" data-e-type=\"widget\" data-widget_type=\"divider.default\">\n\t\t\t\t<div class=\"elementor-widget-container\">\n\t\t\t\t\t\t\t<div class=\"elementor-divider\">\n\t\t\t<span class=\"elementor-divider-separator\">\n\t\t\t\t\t\t<\/span>\n\t\t<\/div>\n\t\t\t\t\t\t<\/div>\n\t\t\t\t<\/div>\n\t\t\t\t<section class=\"elementor-section elementor-inner-section elementor-element elementor-element-e704274 elementor-section-boxed elementor-section-height-default elementor-section-height-default\" data-id=\"e704274\" data-element_type=\"section\" data-e-type=\"section\">\n\t\t\t\t\t\t<div class=\"elementor-container elementor-column-gap-default\">\n\t\t\t\t\t<div class=\"elementor-column elementor-col-100 elementor-inner-column elementor-element elementor-element-3890343\" data-id=\"3890343\" data-element_type=\"column\" data-e-type=\"column\">\n\t\t\t<div class=\"elementor-widget-wrap elementor-element-populated\">\n\t\t\t\t\t\t<div class=\"elementor-element elementor-element-a1d56c3 elementor-widget elementor-widget-image\" data-id=\"a1d56c3\" data-element_type=\"widget\" data-e-type=\"widget\" data-widget_type=\"image.default\">\n\t\t\t\t<div class=\"elementor-widget-container\">\n\t\t\t\t\t\t\t\t\t\t\t\t\t\t\t<img fetchpriority=\"high\" decoding=\"async\" width=\"672\" height=\"410\" src=\"https:\/\/www.hotel-les-bains-perros-guirec.fr\/wp-content\/uploads\/2022\/01\/47c94c3d42dd11849a826758e75f55ae56eec776.jpeg\" class=\"attachment-large size-large wp-image-1296\" alt=\"\" srcset=\"https:\/\/www.hotel-les-bains-perros-guirec.fr\/wp-content\/uploads\/2022\/01\/47c94c3d42dd11849a826758e75f55ae56eec776.jpeg 672w, https:\/\/www.hotel-les-bains-perros-guirec.fr\/wp-content\/uploads\/2022\/01\/47c94c3d42dd11849a826758e75f55ae56eec776-300x183.jpeg 300w, https:\/\/www.hotel-les-bains-perros-guirec.fr\/wp-content\/uploads\/2022\/01\/47c94c3d42dd11849a826758e75f55ae56eec776-18x12.jpeg 18w\" sizes=\"(max-width: 672px) 100vw, 672px\" title=\"\">\t\t\t\t\t\t\t\t\t\t\t\t\t\t\t<\/div>\n\t\t\t\t<\/div>\n\t\t\t\t<div class=\"elementor-element elementor-element-b404579 elementor-widget elementor-widget-text-editor\" data-id=\"b404579\" data-element_type=\"widget\" data-e-type=\"widget\" data-widget_type=\"text-editor.default\">\n\t\t\t\t<div class=\"elementor-widget-container\">\n\t\t\t\t\t\t\t\t\t<div class=\"content\"><p>Zwischen Land und Meer erheben sich die rosa gef\u00e4rbten Felsen in majest\u00e4tischen und untypischen Bl\u00f6cken. Das Hotel Les Bains Perros Guirec in der N\u00e4he der Rosa Granitk\u00fcste l\u00e4dt zum Entspannen ein, bevor Sie sich wieder aufmachen, um diese grandiose und chim\u00e4rische Landschaft zu erkunden.<\/p><h3><br \/><span style=\"text-decoration: underline;\"><strong>Das Hotel Les Bains Perros Guirec, im Herzen der Rosa Granitk\u00fcste<\/strong><\/span><\/h3><p>\u00a0<\/p><p>Perros-Guirec, eine Gemeinde im D\u00e9partement C\u00f4tes d'Armor, ist ein charmanter Badeort. Aufgrund seiner privilegierten Lage inmitten eines Naturschutzgebiets, der Rosa Granitk\u00fcste, wird er gerne von Besuchern aufgesucht. Die beste M\u00f6glichkeit, alle Aspekte dieser K\u00fcste kennenzulernen, ist ein Spaziergang auf dem Z\u00f6llnerpfad (sentier des Douaniers). Dieser Weg, der vom Best Western H\u00f4tel sur la C\u00f4te de Granit rose aus zug\u00e4nglich ist, f\u00fchrt an der Meeresfront entlang und erm\u00f6glicht es Ihnen, die 300 Millionen Jahre alten Granitkomplexe zu bewundern. Die Landspitze von Ploumanac'h ist mit ihren beeindruckenden, verstreuten Bl\u00f6cken, die konzentrische Einheiten bilden, der H\u00f6hepunkt der Strecke. Die bretonischen Winde wehen an den schroffen und bizarren Formen der Felsen entlang, die sich in einer sanften rosa\/orangen Atmosph\u00e4re dem Himmel entgegenstrecken. Nach diesem Spaziergang gibt es nichts Sch\u00f6neres, als die raffinierte und beruhigende Einrichtung des Spas im Best Western H\u00f4tel Les Bains Perros-Guirec aufzusuchen. Der Ort der Entspannung bietet ein Fitnesscenter, ein Hammam, einen Jacuzzi und sogar eine Teestube.<\/p><h3><br \/><span style=\"text-decoration: underline;\"><strong>Vielf\u00e4ltige touristische Sehensw\u00fcrdigkeiten<\/strong><\/span><\/h3><p>\u00a0<\/p><p>Das Hotel liegt direkt am Meer und erm\u00f6glicht es Ihnen, in wenigen Schritten den feinen Sandstrand von Trestraou zu erreichen. Naturliebhaber k\u00f6nnen direkt zu den 7 Inseln, dem gr\u00f6\u00dften Vogelschutzgebiet Frankreichs, fahren. In der h\u00fcbschen Gemeinde Perros-Guirec, die nach der Hortensie duftet, gibt es interessante Sehensw\u00fcrdigkeiten zu entdecken: einen typischen Fischerhafen, ein altes Viertel mit Steinh\u00e4usern, Gezeitenm\u00fchlen usw. Entlang des Flusses Kerrougant k\u00f6nnen Sie auch die steilen Abh\u00e4nge des Traou\u00efero-Tals erkunden. Bevor Sie sich in die komfortablen Zimmer des Best Western H\u00f4tel de la C\u00f4te de Granit rose begeben, um sich wohlverdient auszuruhen...<\/p><\/div>\t\t\t\t\t\t\t\t<\/div>\n\t\t\t\t<\/div>\n\t\t\t\t\t<\/div>\n\t\t<\/div>\n\t\t\t\t\t<\/div>\n\t\t<\/section>\n\t\t\t\t<div class=\"elementor-element elementor-element-6ab6ba8 elementor-widget elementor-widget-button\" data-id=\"6ab6ba8\" data-element_type=\"widget\" data-e-type=\"widget\" data-widget_type=\"button.default\">\n\t\t\t\t<div class=\"elementor-widget-container\">\n\t\t\t\t\t\t\t\t\t<div class=\"elementor-button-wrapper\">\n\t\t\t\t\t<a class=\"elementor-button elementor-button-link elementor-size-sm\" href=\"https:\/\/www.hotel-les-bains-perros-guirec.fr\/de\/tourisme-perros-guirec-bretagne.html\">\n\t\t\t\t\t\t<span class=\"elementor-button-content-wrapper\">\n\t\t\t\t\t\t<span class=\"elementor-button-icon\">\n\t\t\t\t<i aria-hidden=\"true\" class=\"eliofont eliofont-arrow-left\"><\/i>\t\t\t<\/span>\n\t\t\t\t\t\t\t\t\t<span class=\"elementor-button-text\">Zur\u00fcck<\/span>\n\t\t\t\t\t<\/span>\n\t\t\t\t\t<\/a>\n\t\t\t\t<\/div>\n\t\t\t\t\t\t\t\t<\/div>\n\t\t\t\t<\/div>\n\t\t\t\t\t<\/div>\n\t\t<\/div>\n\t\t\t\t\t<\/div>\n\t\t<\/section>\n\t\t\t\t<\/div>","protected":false},"excerpt":{"rendered":"<p>Notre H\u00f4tel Les Bains \u00e0 Perros Guirec un h\u00f4tel Spa breton situ\u00e9 au centre de la C\u00f4te de Granit rose Entre terre et mer, les rochers teint\u00e9s de rose se dressent en blocs majestueux et atypiques. L\u2019h\u00f4tel Les Bains Perros Guirec, pr\u00e8s de la C\u00f4te de Granit rose, invite \u00e0 la d\u00e9tente, avant de repartir [&hellip;]<\/p>\n","protected":false},"author":3,"featured_media":0,"parent":83,"menu_order":0,"comment_status":"closed","ping_status":"closed","template":"","meta":{"inline_featured_image":false,"footnotes":""},"class_list":["post-1423","page","type-page","status-publish","hentry"],"_links":{"self":[{"href":"https:\/\/www.hotel-les-bains-perros-guirec.fr\/de\/wp-json\/wp\/v2\/pages\/1423","targetHints":{"allow":["GET"]}}],"collection":[{"href":"https:\/\/www.hotel-les-bains-perros-guirec.fr\/de\/wp-json\/wp\/v2\/pages"}],"about":[{"href":"https:\/\/www.hotel-les-bains-perros-guirec.fr\/de\/wp-json\/wp\/v2\/types\/page"}],"author":[{"embeddable":true,"href":"https:\/\/www.hotel-les-bains-perros-guirec.fr\/de\/wp-json\/wp\/v2\/users\/3"}],"replies":[{"embeddable":true,"href":"https:\/\/www.hotel-les-bains-perros-guirec.fr\/de\/wp-json\/wp\/v2\/comments?post=1423"}],"version-history":[{"count":22,"href":"https:\/\/www.hotel-les-bains-perros-guirec.fr\/de\/wp-json\/wp\/v2\/pages\/1423\/revisions"}],"predecessor-version":[{"id":3195,"href":"https:\/\/www.hotel-les-bains-perros-guirec.fr\/de\/wp-json\/wp\/v2\/pages\/1423\/revisions\/3195"}],"up":[{"embeddable":true,"href":"https:\/\/www.hotel-les-bains-perros-guirec.fr\/de\/wp-json\/wp\/v2\/pages\/83"}],"wp:attachment":[{"href":"https:\/\/www.hotel-les-bains-perros-guirec.fr\/de\/wp-json\/wp\/v2\/media?parent=1423"}],"curies":[{"name":"wp","href":"https:\/\/api.w.org\/{rel}","templated":true}]}}