{"id":1422,"date":"2022-01-10T17:12:28","date_gmt":"2022-01-10T16:12:28","guid":{"rendered":"https:\/\/www.hotel-les-bains-perros-guirec.fr\/?page_id=1422"},"modified":"2022-02-18T15:55:46","modified_gmt":"2022-02-18T14:55:46","slug":"hotel-charme-perros-guirec","status":"publish","type":"page","link":"https:\/\/www.hotel-les-bains-perros-guirec.fr\/de\/tourisme-perros-guirec-bretagne\/hotel-charme-perros-guirec.html","title":{"rendered":"Charmantes Hotel in Perros-Guirec"},"content":{"rendered":"<div data-elementor-type=\"wp-page\" data-elementor-id=\"1422\" class=\"elementor elementor-1422\" data-elementor-post-type=\"page\">\n\t\t\t\t\t\t<section class=\"elementor-section elementor-top-section elementor-element elementor-element-17d208d elementor-section-height-min-height elementor-section-boxed elementor-section-height-default elementor-section-items-middle\" data-id=\"17d208d\" data-element_type=\"section\" data-e-type=\"section\" data-settings=\"{&quot;background_background&quot;:&quot;classic&quot;}\">\n\t\t\t\t\t\t\t<div class=\"elementor-background-overlay\"><\/div>\n\t\t\t\t\t\t\t<div class=\"elementor-container elementor-column-gap-default\">\n\t\t\t\t\t<div class=\"elementor-column elementor-col-100 elementor-top-column elementor-element elementor-element-18a8b4c\" data-id=\"18a8b4c\" data-element_type=\"column\" data-e-type=\"column\">\n\t\t\t<div class=\"elementor-widget-wrap\">\n\t\t\t\t\t\t\t<\/div>\n\t\t<\/div>\n\t\t\t\t\t<\/div>\n\t\t<\/section>\n\t\t\t\t<section class=\"elementor-section elementor-top-section elementor-element elementor-element-a6ebff4 elementor-section-boxed elementor-section-height-default elementor-section-height-default\" data-id=\"a6ebff4\" data-element_type=\"section\" data-e-type=\"section\">\n\t\t\t\t\t\t<div class=\"elementor-container elementor-column-gap-default\">\n\t\t\t\t\t<div class=\"elementor-column elementor-col-100 elementor-top-column elementor-element elementor-element-f390a13\" data-id=\"f390a13\" data-element_type=\"column\" data-e-type=\"column\">\n\t\t\t<div class=\"elementor-widget-wrap elementor-element-populated\">\n\t\t\t\t\t\t<div class=\"elementor-element elementor-element-6fb3149 elementor-widget elementor-widget-heading\" data-id=\"6fb3149\" data-element_type=\"widget\" data-e-type=\"widget\" data-widget_type=\"heading.default\">\n\t\t\t\t<div class=\"elementor-widget-container\">\n\t\t\t\t\t<h1 class=\"elementor-heading-title elementor-size-default\">Luxushotel in Perros-Guirec<\/h1>\t\t\t\t<\/div>\n\t\t\t\t<\/div>\n\t\t\t\t<div class=\"elementor-element elementor-element-9f4ff1c elementor-widget elementor-widget-heading\" data-id=\"9f4ff1c\" data-element_type=\"widget\" data-e-type=\"widget\" data-widget_type=\"heading.default\">\n\t\t\t\t<div class=\"elementor-widget-container\">\n\t\t\t\t\t<h2 class=\"elementor-heading-title elementor-size-default\">Wellness und Entdeckung der C\u00f4tes d'Armor<\/h2>\t\t\t\t<\/div>\n\t\t\t\t<\/div>\n\t\t\t\t<div class=\"elementor-element elementor-element-a4b43a3 elementor-widget-divider--view-line elementor-widget elementor-widget-divider\" data-id=\"a4b43a3\" data-element_type=\"widget\" data-e-type=\"widget\" data-widget_type=\"divider.default\">\n\t\t\t\t<div class=\"elementor-widget-container\">\n\t\t\t\t\t\t\t<div class=\"elementor-divider\">\n\t\t\t<span class=\"elementor-divider-separator\">\n\t\t\t\t\t\t<\/span>\n\t\t<\/div>\n\t\t\t\t\t\t<\/div>\n\t\t\t\t<\/div>\n\t\t\t\t<section class=\"elementor-section elementor-inner-section elementor-element elementor-element-e704274 elementor-section-boxed elementor-section-height-default elementor-section-height-default\" data-id=\"e704274\" data-element_type=\"section\" data-e-type=\"section\">\n\t\t\t\t\t\t<div class=\"elementor-container elementor-column-gap-default\">\n\t\t\t\t\t<div class=\"elementor-column elementor-col-100 elementor-inner-column elementor-element elementor-element-3890343\" data-id=\"3890343\" data-element_type=\"column\" data-e-type=\"column\">\n\t\t\t<div class=\"elementor-widget-wrap elementor-element-populated\">\n\t\t\t\t\t\t<div class=\"elementor-element elementor-element-a1d56c3 elementor-widget elementor-widget-image\" data-id=\"a1d56c3\" data-element_type=\"widget\" data-e-type=\"widget\" data-widget_type=\"image.default\">\n\t\t\t\t<div class=\"elementor-widget-container\">\n\t\t\t\t\t\t\t\t\t\t\t\t\t\t\t<img fetchpriority=\"high\" decoding=\"async\" width=\"672\" height=\"410\" src=\"https:\/\/www.hotel-les-bains-perros-guirec.fr\/wp-content\/uploads\/2022\/01\/0bd7b93f70c50003e29b5dd253a1bf1049b996c0.jpeg\" class=\"attachment-large size-large wp-image-1295\" alt=\"\" srcset=\"https:\/\/www.hotel-les-bains-perros-guirec.fr\/wp-content\/uploads\/2022\/01\/0bd7b93f70c50003e29b5dd253a1bf1049b996c0.jpeg 672w, https:\/\/www.hotel-les-bains-perros-guirec.fr\/wp-content\/uploads\/2022\/01\/0bd7b93f70c50003e29b5dd253a1bf1049b996c0-300x183.jpeg 300w, https:\/\/www.hotel-les-bains-perros-guirec.fr\/wp-content\/uploads\/2022\/01\/0bd7b93f70c50003e29b5dd253a1bf1049b996c0-18x12.jpeg 18w\" sizes=\"(max-width: 672px) 100vw, 672px\" title=\"\">\t\t\t\t\t\t\t\t\t\t\t\t\t\t\t<\/div>\n\t\t\t\t<\/div>\n\t\t\t\t<div class=\"elementor-element elementor-element-b404579 elementor-widget elementor-widget-text-editor\" data-id=\"b404579\" data-element_type=\"widget\" data-e-type=\"widget\" data-widget_type=\"text-editor.default\">\n\t\t\t\t<div class=\"elementor-widget-container\">\n\t\t\t\t\t\t\t\t\t<div class=\"content\"><p>Entspannung und Sehensw\u00fcrdigkeiten stehen bei einem Aufenthalt im Best Western Perros-Guirec Hotel de Luxe auf dem Programm. Der Sandstrand von Trestraou und das hoteleigene Spa laden zum Entspannen ein, w\u00e4hrend die zahlreichen Inseln und die ber\u00fchmte bretonische Rosengranitk\u00fcste Neugierige in Staunen versetzen.<\/p><p>\u00a0<\/p><h3><span style=\"text-decoration: underline;\"><strong>Ein charmantes Hotel in Perros Guirec, das der Entspannung gewidmet ist<\/strong><\/span><\/h3><p>\u00a0<\/p><p>Perros-Guirec ist eine reizende Gemeinde im D\u00e9partement C\u00f4tes d'Armor, in der es nach der Hortensie, ihrer emblematischen Blume, duftet. Dieser Badeort zeichnet sich durch seine D\u00f6rfer, Gezeitenm\u00fchlen und typischen Fischerh\u00e4fen aus. In dieser beruhigenden Atmosph\u00e4re k\u00f6nnen die Besucher ein Sonnenbad am Strand von Trestraou genie\u00dfen, bevor sie sich in das charmante Hotel Perros-Guirec begeben, das direkt hinter der Strandpromenade liegt. Die Unterkunft bietet Komfort und Ruhe, dank ihrer modern eingerichteten Zimmer in zarten Farben. F\u00fcr einen Moment der Entspannung k\u00f6nnen Sie sich in das raffinierte Ambiente des Wellness-Centers begeben, wo Sie nach einer entspannenden Massage einen Kr\u00e4utertee genie\u00dfen k\u00f6nnen. Das Spa umfasst ein Fitnesscenter, einen Jacuzzi und ein Dampfbad.<\/p><h3><br \/><span style=\"text-decoration: underline;\"><strong>Ein Hotel im Herzen der Rosa Granitk\u00fcste<\/strong><\/span><\/h3><p>\u00a0<\/p><p>Wenn Sie das Best Western Perros-Guirec Luxushotel verlassen, bietet sich den erstaunten Blicken der Besucher eine \u00fcbernat\u00fcrliche Landschaft. Sie m\u00fcssen nur den Z\u00f6llnerpfad (sentier des Douaniers) nehmen und an der 9 Kilometer langen Rosa Granitk\u00fcste entlanggehen. Schwere Felsen mit ungew\u00f6hnlichen Formen verteilen sich zwischen Land und Meer in einer rosa gef\u00e4rbten Landschaft. Der H\u00f6hepunkt der Wanderung ist der ber\u00fchmte Ort Ploumanac'h mit seinen beeindruckenden Granitsteinen, die 300 Millionen Jahre alt sind. Seevogelliebhaber m\u00fcssen sich nur zum Bootsanleger begeben, der nur wenige Schritte vom Hotel entfernt ist, um die 7 Inseln, ein bekanntes Vogelschutzgebiet, zu erkunden. Andere wunderbare Inseln wie die Insel Br\u00e9hat, die als Land der Blumen bezeichnet wird, laden Naturliebhaber dazu ein, sich f\u00fcr eine Kreuzfahrt auf dem bretonischen Meer einzuschiffen. Nach all diesen Aktivit\u00e4ten bringt der Komfort des charmanten Hotels Perros Guirec auch den M\u00fcdesten Ruhe.<\/p><\/div>\t\t\t\t\t\t\t\t<\/div>\n\t\t\t\t<\/div>\n\t\t\t\t\t<\/div>\n\t\t<\/div>\n\t\t\t\t\t<\/div>\n\t\t<\/section>\n\t\t\t\t<div class=\"elementor-element elementor-element-6ab6ba8 elementor-widget elementor-widget-button\" data-id=\"6ab6ba8\" data-element_type=\"widget\" data-e-type=\"widget\" data-widget_type=\"button.default\">\n\t\t\t\t<div class=\"elementor-widget-container\">\n\t\t\t\t\t\t\t\t\t<div class=\"elementor-button-wrapper\">\n\t\t\t\t\t<a class=\"elementor-button elementor-button-link elementor-size-sm\" href=\"https:\/\/www.hotel-les-bains-perros-guirec.fr\/de\/tourisme-perros-guirec-bretagne.html\">\n\t\t\t\t\t\t<span class=\"elementor-button-content-wrapper\">\n\t\t\t\t\t\t<span class=\"elementor-button-icon\">\n\t\t\t\t<i aria-hidden=\"true\" class=\"eliofont eliofont-arrow-left\"><\/i>\t\t\t<\/span>\n\t\t\t\t\t\t\t\t\t<span class=\"elementor-button-text\">Zur\u00fcck<\/span>\n\t\t\t\t\t<\/span>\n\t\t\t\t\t<\/a>\n\t\t\t\t<\/div>\n\t\t\t\t\t\t\t\t<\/div>\n\t\t\t\t<\/div>\n\t\t\t\t\t<\/div>\n\t\t<\/div>\n\t\t\t\t\t<\/div>\n\t\t<\/section>\n\t\t\t\t<\/div>","protected":false},"excerpt":{"rendered":"<p>H\u00f4tel de luxe \u00e0 Perros-Guirec bien-\u00eatre et d\u00e9couverte des C\u00f4tes d\u2019Armor Relaxation et curiosit\u00e9s touristiques sont au programme d\u2019un s\u00e9jour au Best Western Perros-Guirec h\u00f4tel de luxe. La plage de sable fin de Trestraou et le spa de l\u2019h\u00f4tel invitent \u00e0 la relaxation, tandis que les nombreuses \u00eeles et la c\u00e9l\u00e8bre c\u00f4te bretonne de granit [&hellip;]<\/p>\n","protected":false},"author":3,"featured_media":0,"parent":83,"menu_order":0,"comment_status":"closed","ping_status":"closed","template":"","meta":{"inline_featured_image":false,"footnotes":""},"class_list":["post-1422","page","type-page","status-publish","hentry"],"_links":{"self":[{"href":"https:\/\/www.hotel-les-bains-perros-guirec.fr\/de\/wp-json\/wp\/v2\/pages\/1422","targetHints":{"allow":["GET"]}}],"collection":[{"href":"https:\/\/www.hotel-les-bains-perros-guirec.fr\/de\/wp-json\/wp\/v2\/pages"}],"about":[{"href":"https:\/\/www.hotel-les-bains-perros-guirec.fr\/de\/wp-json\/wp\/v2\/types\/page"}],"author":[{"embeddable":true,"href":"https:\/\/www.hotel-les-bains-perros-guirec.fr\/de\/wp-json\/wp\/v2\/users\/3"}],"replies":[{"embeddable":true,"href":"https:\/\/www.hotel-les-bains-perros-guirec.fr\/de\/wp-json\/wp\/v2\/comments?post=1422"}],"version-history":[{"count":22,"href":"https:\/\/www.hotel-les-bains-perros-guirec.fr\/de\/wp-json\/wp\/v2\/pages\/1422\/revisions"}],"predecessor-version":[{"id":3189,"href":"https:\/\/www.hotel-les-bains-perros-guirec.fr\/de\/wp-json\/wp\/v2\/pages\/1422\/revisions\/3189"}],"up":[{"embeddable":true,"href":"https:\/\/www.hotel-les-bains-perros-guirec.fr\/de\/wp-json\/wp\/v2\/pages\/83"}],"wp:attachment":[{"href":"https:\/\/www.hotel-les-bains-perros-guirec.fr\/de\/wp-json\/wp\/v2\/media?parent=1422"}],"curies":[{"name":"wp","href":"https:\/\/api.w.org\/{rel}","templated":true}]}}