{"id":1417,"date":"2022-01-10T17:08:49","date_gmt":"2022-01-10T16:08:49","guid":{"rendered":"https:\/\/www.hotel-les-bains-perros-guirec.fr\/?page_id=1417"},"modified":"2022-02-18T15:57:07","modified_gmt":"2022-02-18T14:57:07","slug":"best-western-hotel-les-bains-perros-guirec","status":"publish","type":"page","link":"https:\/\/www.hotel-les-bains-perros-guirec.fr\/de\/tourisme-perros-guirec-bretagne\/best-western-hotel-les-bains-perros-guirec.html","title":{"rendered":"Das Best Western H\u00f4tel Les Bains Perros-Guirec"},"content":{"rendered":"<div data-elementor-type=\"wp-page\" data-elementor-id=\"1417\" class=\"elementor elementor-1417\" data-elementor-post-type=\"page\">\n\t\t\t\t\t\t<section class=\"elementor-section elementor-top-section elementor-element elementor-element-17d208d elementor-section-height-min-height elementor-section-boxed elementor-section-height-default elementor-section-items-middle\" data-id=\"17d208d\" data-element_type=\"section\" data-e-type=\"section\" data-settings=\"{&quot;background_background&quot;:&quot;classic&quot;}\">\n\t\t\t\t\t\t\t<div class=\"elementor-background-overlay\"><\/div>\n\t\t\t\t\t\t\t<div class=\"elementor-container elementor-column-gap-default\">\n\t\t\t\t\t<div class=\"elementor-column elementor-col-100 elementor-top-column elementor-element elementor-element-18a8b4c\" data-id=\"18a8b4c\" data-element_type=\"column\" data-e-type=\"column\">\n\t\t\t<div class=\"elementor-widget-wrap\">\n\t\t\t\t\t\t\t<\/div>\n\t\t<\/div>\n\t\t\t\t\t<\/div>\n\t\t<\/section>\n\t\t\t\t<section class=\"elementor-section elementor-top-section elementor-element elementor-element-a6ebff4 elementor-section-boxed elementor-section-height-default elementor-section-height-default\" data-id=\"a6ebff4\" data-element_type=\"section\" data-e-type=\"section\">\n\t\t\t\t\t\t<div class=\"elementor-container elementor-column-gap-default\">\n\t\t\t\t\t<div class=\"elementor-column elementor-col-100 elementor-top-column elementor-element elementor-element-f390a13\" data-id=\"f390a13\" data-element_type=\"column\" data-e-type=\"column\">\n\t\t\t<div class=\"elementor-widget-wrap elementor-element-populated\">\n\t\t\t\t\t\t<div class=\"elementor-element elementor-element-6fb3149 elementor-widget elementor-widget-heading\" data-id=\"6fb3149\" data-element_type=\"widget\" data-e-type=\"widget\" data-widget_type=\"heading.default\">\n\t\t\t\t<div class=\"elementor-widget-container\">\n\t\t\t\t\t<h1 class=\"elementor-heading-title elementor-size-default\">Das Best Western H\u00f4tel Les Bains Perros-Guirec<\/h1>\t\t\t\t<\/div>\n\t\t\t\t<\/div>\n\t\t\t\t<div class=\"elementor-element elementor-element-9f4ff1c elementor-widget elementor-widget-heading\" data-id=\"9f4ff1c\" data-element_type=\"widget\" data-e-type=\"widget\" data-widget_type=\"heading.default\">\n\t\t\t\t<div class=\"elementor-widget-container\">\n\t\t\t\t\t<h2 class=\"elementor-heading-title elementor-size-default\">ein gem\u00fctliches Best Western Hotel im Herzen der C\u00f4tes d'Armor<\/h2>\t\t\t\t<\/div>\n\t\t\t\t<\/div>\n\t\t\t\t<div class=\"elementor-element elementor-element-a4b43a3 elementor-widget-divider--view-line elementor-widget elementor-widget-divider\" data-id=\"a4b43a3\" data-element_type=\"widget\" data-e-type=\"widget\" data-widget_type=\"divider.default\">\n\t\t\t\t<div class=\"elementor-widget-container\">\n\t\t\t\t\t\t\t<div class=\"elementor-divider\">\n\t\t\t<span class=\"elementor-divider-separator\">\n\t\t\t\t\t\t<\/span>\n\t\t<\/div>\n\t\t\t\t\t\t<\/div>\n\t\t\t\t<\/div>\n\t\t\t\t<section class=\"elementor-section elementor-inner-section elementor-element elementor-element-e704274 elementor-section-boxed elementor-section-height-default elementor-section-height-default\" data-id=\"e704274\" data-element_type=\"section\" data-e-type=\"section\">\n\t\t\t\t\t\t<div class=\"elementor-container elementor-column-gap-default\">\n\t\t\t\t\t<div class=\"elementor-column elementor-col-100 elementor-inner-column elementor-element elementor-element-3890343\" data-id=\"3890343\" data-element_type=\"column\" data-e-type=\"column\">\n\t\t\t<div class=\"elementor-widget-wrap elementor-element-populated\">\n\t\t\t\t\t\t<div class=\"elementor-element elementor-element-a1d56c3 elementor-widget elementor-widget-image\" data-id=\"a1d56c3\" data-element_type=\"widget\" data-e-type=\"widget\" data-widget_type=\"image.default\">\n\t\t\t\t<div class=\"elementor-widget-container\">\n\t\t\t\t\t\t\t\t\t\t\t\t\t\t\t<img fetchpriority=\"high\" decoding=\"async\" width=\"672\" height=\"410\" src=\"https:\/\/www.hotel-les-bains-perros-guirec.fr\/wp-content\/uploads\/2022\/01\/287401a3a74b31a7a6fefd9437c672ffbaea204e.jpeg\" class=\"attachment-large size-large wp-image-1294\" alt=\"\" srcset=\"https:\/\/www.hotel-les-bains-perros-guirec.fr\/wp-content\/uploads\/2022\/01\/287401a3a74b31a7a6fefd9437c672ffbaea204e.jpeg 672w, https:\/\/www.hotel-les-bains-perros-guirec.fr\/wp-content\/uploads\/2022\/01\/287401a3a74b31a7a6fefd9437c672ffbaea204e-300x183.jpeg 300w, https:\/\/www.hotel-les-bains-perros-guirec.fr\/wp-content\/uploads\/2022\/01\/287401a3a74b31a7a6fefd9437c672ffbaea204e-18x12.jpeg 18w\" sizes=\"(max-width: 672px) 100vw, 672px\" title=\"\">\t\t\t\t\t\t\t\t\t\t\t\t\t\t\t<\/div>\n\t\t\t\t<\/div>\n\t\t\t\t<div class=\"elementor-element elementor-element-b404579 elementor-widget elementor-widget-text-editor\" data-id=\"b404579\" data-element_type=\"widget\" data-e-type=\"widget\" data-widget_type=\"text-editor.default\">\n\t\t\t\t<div class=\"elementor-widget-container\">\n\t\t\t\t\t\t\t\t\t<div class=\"content\"><p>Das Best Western Hotel Perros-Guirec liegt direkt am Meer und ist eine Oase der Entspannung und des Komforts. Es befindet sich in der N\u00e4he der Rosa Granitk\u00fcste, einem ber\u00fchmten Naturschutzgebiet in der Bretagne, das mit seinen ungew\u00f6hnlich geformten Felsen zwischen Land und Meer zur Kontemplation einl\u00e4dt.<\/p><p>\u00a0<\/p><h3><span style=\"text-decoration: underline;\"><strong>Das Best Western Hotel Perros-Guirec, inmitten majest\u00e4tischer Landschaften<\/strong><\/span><\/h3><p>\u00a0<\/p><p>Perros-Guirec, eine Gemeinde im D\u00e9partement C\u00f4tes d'Armor, ist ein charmanter Badeort. Besucher halten sich hier gerne auf, was auf seine privilegierte Lage inmitten einer grandiosen Naturlandschaft zur\u00fcckzuf\u00fchren ist: der Rosa Granitk\u00fcste. Riesige Felsen, die sich aus den Wellen erheben oder an Land gespannt sind, s\u00e4umen die K\u00fcste. Die Sonne beleuchtet subtil das Rosa des Granits, w\u00e4hrend die bretonischen Winde die unwahrscheinlichen Winkel dieser beeindruckenden Felsen streicheln.<\/p><p>Diese unwirkliche Landschaft kann man auf dem Z\u00f6llnerpfad (sentier des Douaniers) bewundern. Dieser Weg, der vom Best Western H\u00f4tel Perros-Guirec aus zug\u00e4nglich ist, f\u00fchrt entlang der wundersch\u00f6nen Rosa Granitk\u00fcste. Nach dem Spaziergang k\u00f6nnen Sie sich im hoteleigenen Spa mit Massagen, Behandlungen und einem Fitnesscenter in einer wohltuenden Atmosph\u00e4re entspannen.<\/p><p>\u00a0<\/p><h3><span style=\"text-decoration: underline;\"><strong>Vielf\u00e4ltige Aktivit\u00e4ten<\/strong><\/span><\/h3><p>\u00a0<\/p><p>Nach einer wohlverdienten Nachtruhe in einem der komfortablen Zimmer des Hotels Perros-Guirec k\u00f6nnen die Besucher ein Bad im Meer genie\u00dfen. Der 40 m vom Hotel entfernte Sandstrand von Trestraou l\u00e4dt zum Faulenzen ein. Von der Anlegestelle auf dieser Sandbank aus kann man zu den 7 Inseln, einem wichtigen Vogelschutzgebiet, schiffen. Nach diesem Besuch k\u00f6nnen Sportbegeisterte den 18-Loch-Golfplatz nutzen, der nur 10 Minuten vom Hotel entfernt ist, w\u00e4hrend Familien sich \u00fcber das gallische Dorf Pleumeur-Baudou freuen werden. Nach diesen Aktivit\u00e4ten endet der Tag mit einem H\u00f6hepunkt, dem Sonnenuntergang, der das Rosa des au\u00dfergew\u00f6hnlichen Granitkomplexes am Standort Ploumanac'h orange f\u00e4rbt.<\/p><\/div>\t\t\t\t\t\t\t\t<\/div>\n\t\t\t\t<\/div>\n\t\t\t\t\t<\/div>\n\t\t<\/div>\n\t\t\t\t\t<\/div>\n\t\t<\/section>\n\t\t\t\t<div class=\"elementor-element elementor-element-6ab6ba8 elementor-widget elementor-widget-button\" data-id=\"6ab6ba8\" data-element_type=\"widget\" data-e-type=\"widget\" data-widget_type=\"button.default\">\n\t\t\t\t<div class=\"elementor-widget-container\">\n\t\t\t\t\t\t\t\t\t<div class=\"elementor-button-wrapper\">\n\t\t\t\t\t<a class=\"elementor-button elementor-button-link elementor-size-sm\" href=\"https:\/\/www.hotel-les-bains-perros-guirec.fr\/de\/tourisme-perros-guirec-bretagne.html\">\n\t\t\t\t\t\t<span class=\"elementor-button-content-wrapper\">\n\t\t\t\t\t\t<span class=\"elementor-button-icon\">\n\t\t\t\t<i aria-hidden=\"true\" class=\"eliofont eliofont-arrow-left\"><\/i>\t\t\t<\/span>\n\t\t\t\t\t\t\t\t\t<span class=\"elementor-button-text\">Zur\u00fcck<\/span>\n\t\t\t\t\t<\/span>\n\t\t\t\t\t<\/a>\n\t\t\t\t<\/div>\n\t\t\t\t\t\t\t\t<\/div>\n\t\t\t\t<\/div>\n\t\t\t\t\t<\/div>\n\t\t<\/div>\n\t\t\t\t\t<\/div>\n\t\t<\/section>\n\t\t\t\t<\/div>","protected":false},"excerpt":{"rendered":"<p>Le Best Western H\u00f4tel Les Bains Perros-Guirec un h\u00f4tel Best Western chaleureux au c\u0153ur des C\u00f4tes d\u2019Armor Install\u00e9 en bord de mer, l&rsquo;h\u00f4tel Best Western Perros-Guirec se r\u00e9v\u00e8le un havre de d\u00e9tente et de confort. Il se situe pr\u00e8s de la c\u00f4te de Granit rose, un c\u00e9l\u00e8bre site naturel prot\u00e9g\u00e9 de la Bretagne, qui invite [&hellip;]<\/p>\n","protected":false},"author":3,"featured_media":0,"parent":83,"menu_order":0,"comment_status":"closed","ping_status":"closed","template":"","meta":{"inline_featured_image":false,"footnotes":""},"class_list":["post-1417","page","type-page","status-publish","hentry"],"_links":{"self":[{"href":"https:\/\/www.hotel-les-bains-perros-guirec.fr\/de\/wp-json\/wp\/v2\/pages\/1417","targetHints":{"allow":["GET"]}}],"collection":[{"href":"https:\/\/www.hotel-les-bains-perros-guirec.fr\/de\/wp-json\/wp\/v2\/pages"}],"about":[{"href":"https:\/\/www.hotel-les-bains-perros-guirec.fr\/de\/wp-json\/wp\/v2\/types\/page"}],"author":[{"embeddable":true,"href":"https:\/\/www.hotel-les-bains-perros-guirec.fr\/de\/wp-json\/wp\/v2\/users\/3"}],"replies":[{"embeddable":true,"href":"https:\/\/www.hotel-les-bains-perros-guirec.fr\/de\/wp-json\/wp\/v2\/comments?post=1417"}],"version-history":[{"count":25,"href":"https:\/\/www.hotel-les-bains-perros-guirec.fr\/de\/wp-json\/wp\/v2\/pages\/1417\/revisions"}],"predecessor-version":[{"id":3192,"href":"https:\/\/www.hotel-les-bains-perros-guirec.fr\/de\/wp-json\/wp\/v2\/pages\/1417\/revisions\/3192"}],"up":[{"embeddable":true,"href":"https:\/\/www.hotel-les-bains-perros-guirec.fr\/de\/wp-json\/wp\/v2\/pages\/83"}],"wp:attachment":[{"href":"https:\/\/www.hotel-les-bains-perros-guirec.fr\/de\/wp-json\/wp\/v2\/media?parent=1417"}],"curies":[{"name":"wp","href":"https:\/\/api.w.org\/{rel}","templated":true}]}}